{"id":565,"date":"2018-02-26T15:46:46","date_gmt":"2018-02-26T15:46:46","guid":{"rendered":"https:\/\/blacktigers-sports.com\/?page_id=565"},"modified":"2020-04-12T15:17:36","modified_gmt":"2020-04-12T15:17:36","slug":"partenaires","status":"publish","type":"page","link":"https:\/\/blacktigers-sports.com\/index.php\/partenaires\/","title":{"rendered":"Partenaires"},"content":{"rendered":"\t\t<div data-elementor-type=\"wp-post\" data-elementor-id=\"565\" class=\"elementor elementor-565\">\n\t\t\t\t\t\t<section class=\"elementor-section elementor-top-section elementor-element elementor-element-eb4a594 elementor-section-stretched elementor-section-boxed elementor-section-height-default elementor-section-height-default\" data-id=\"eb4a594\" data-element_type=\"section\" data-e-type=\"section\" data-settings=\"{&quot;stretch_section&quot;:&quot;section-stretched&quot;,&quot;background_background&quot;:&quot;classic&quot;}\">\n\t\t\t\t\t\t\t<div class=\"elementor-background-overlay\"><\/div>\n\t\t\t\t\t\t\t<div class=\"elementor-container elementor-column-gap-default\">\n\t\t\t\t\t<div class=\"elementor-column elementor-col-50 elementor-top-column elementor-element elementor-element-6e00cb0\" data-id=\"6e00cb0\" data-element_type=\"column\" data-e-type=\"column\">\n\t\t\t<div class=\"elementor-widget-wrap elementor-element-populated\">\n\t\t\t\t\t\t<div class=\"elementor-element elementor-element-dc57063 elementor-invisible elementor-widget elementor-widget-image\" data-id=\"dc57063\" data-element_type=\"widget\" data-e-type=\"widget\" data-settings=\"{&quot;_animation&quot;:&quot;zoomIn&quot;}\" data-widget_type=\"image.default\">\n\t\t\t\t<div class=\"elementor-widget-container\">\n\t\t\t\t\t\t\t\t\t\t\t\t\t\t\t<img decoding=\"async\" src=\"https:\/\/blacktigers-sports.com\/wp-content\/uploads\/elementor\/thumbs\/2000px-Flag_of_Switzerland_Pantone.svg_-nzyhpb6lkajgwfmemuilnabejo0vtblac3lm0a8jr4.png\" title=\"Suisse\" alt=\"Suisse\" class=\"elementor-animation-grow\" loading=\"lazy\" \/>\t\t\t\t\t\t\t\t\t\t\t\t\t\t\t<\/div>\n\t\t\t\t<\/div>\n\t\t\t\t<div class=\"elementor-element elementor-element-f718634 elementor-widget elementor-widget-heading\" data-id=\"f718634\" data-element_type=\"widget\" data-e-type=\"widget\" data-widget_type=\"heading.default\">\n\t\t\t\t<div class=\"elementor-widget-container\">\n\t\t\t\t\t<h2 class=\"elementor-heading-title elementor-size-default\">Notre partenaire en Suisse<\/h2>\t\t\t\t<\/div>\n\t\t\t\t<\/div>\n\t\t\t\t<div class=\"elementor-element elementor-element-805ba9c elementor-widget elementor-widget-image\" data-id=\"805ba9c\" data-element_type=\"widget\" data-e-type=\"widget\" data-widget_type=\"image.default\">\n\t\t\t\t<div class=\"elementor-widget-container\">\n\t\t\t\t\t\t\t\t\t\t\t\t\t\t\t<img fetchpriority=\"high\" decoding=\"async\" width=\"300\" height=\"300\" src=\"https:\/\/blacktigers-sports.com\/wp-content\/uploads\/2019\/04\/image4-300x300.jpeg\" class=\"elementor-animation-grow attachment-medium size-medium wp-image-2075\" alt=\"\" srcset=\"https:\/\/blacktigers-sports.com\/wp-content\/uploads\/2019\/04\/image4-300x300.jpeg 300w, https:\/\/blacktigers-sports.com\/wp-content\/uploads\/2019\/04\/image4-150x150.jpeg 150w, https:\/\/blacktigers-sports.com\/wp-content\/uploads\/2019\/04\/image4-768x769.jpeg 768w, https:\/\/blacktigers-sports.com\/wp-content\/uploads\/2019\/04\/image4-1024x1024.jpeg 1024w, https:\/\/blacktigers-sports.com\/wp-content\/uploads\/2019\/04\/image4.jpeg 1333w\" sizes=\"(max-width: 300px) 100vw, 300px\" \/>\t\t\t\t\t\t\t\t\t\t\t\t\t\t\t<\/div>\n\t\t\t\t<\/div>\n\t\t\t\t\t<\/div>\n\t\t<\/div>\n\t\t\t\t<div class=\"elementor-column elementor-col-50 elementor-top-column elementor-element elementor-element-a4236cd\" data-id=\"a4236cd\" data-element_type=\"column\" data-e-type=\"column\">\n\t\t\t<div class=\"elementor-widget-wrap elementor-element-populated\">\n\t\t\t\t\t\t<div class=\"elementor-element elementor-element-7aa3fa3 elementor-invisible elementor-widget elementor-widget-image\" data-id=\"7aa3fa3\" data-element_type=\"widget\" data-e-type=\"widget\" data-settings=\"{&quot;_animation&quot;:&quot;zoomIn&quot;}\" data-widget_type=\"image.default\">\n\t\t\t\t<div class=\"elementor-widget-container\">\n\t\t\t\t\t\t\t\t\t\t\t\t\t\t\t<img decoding=\"async\" src=\"https:\/\/blacktigers-sports.com\/wp-content\/uploads\/elementor\/thumbs\/Taekwondo-Riviera-nmlrde8dcwakc2fi2lqah7l9p5bf0rycm87993xreo.png\" title=\"Taekwondo Riviera\" alt=\"Taekwondo Riviera\" class=\"elementor-animation-grow\" loading=\"lazy\" \/>\t\t\t\t\t\t\t\t\t\t\t\t\t\t\t<\/div>\n\t\t\t\t<\/div>\n\t\t\t\t<div class=\"elementor-element elementor-element-ce7d3e2 elementor-widget elementor-widget-heading\" data-id=\"ce7d3e2\" data-element_type=\"widget\" data-e-type=\"widget\" data-widget_type=\"heading.default\">\n\t\t\t\t<div class=\"elementor-widget-container\">\n\t\t\t\t\t<h2 class=\"elementor-heading-title elementor-size-default\"><a href=\"https:\/\/taekwondo-riviera.ch\/\" target=\"_blank\">Taekwondo Riviera<\/a><\/h2>\t\t\t\t<\/div>\n\t\t\t\t<\/div>\n\t\t\t\t<div class=\"elementor-element elementor-element-f17c7e8 elementor-widget elementor-widget-text-editor\" data-id=\"f17c7e8\" data-element_type=\"widget\" data-e-type=\"widget\" data-widget_type=\"text-editor.default\">\n\t\t\t\t<div class=\"elementor-widget-container\">\n\t\t\t\t\t\t\t\t\t<p style=\"text-align: center\">Ma\u00eetre Abdenbi Amhand a fond\u00e9 le&nbsp;<a href=\"https:\/\/www.taekwondo-riviera.ch\/\" target=\"_blank\" rel=\"noopener\">Taekwondo Riviera<\/a>&nbsp;en 1986. Pionnier en Suisse Romande, premier coach et entra\u00eeneur professionnel en Suisse, il a largement contribu\u00e9 \u00e0 la notori\u00e9t\u00e9 de cet art martial par l\u2019organisation de manifestations, de d\u00e9monstrations et une pr\u00e9sence fr\u00e9quente dans les m\u00e9dias.<\/p>\n<p style=\"text-align: center\"><b><u>M. Abdenbi Amhand<\/u><\/b><br>Entra\u00eeneur dipl\u00f4m\u00e9 international<br><i> 7\u00e8me dan Kukkiwon<\/i><br>&#8211; Coach professionnel de taekwondo<br>&#8211; Ancien comp\u00e9titeur international<br>&#8211; Pr\u00e9sident du Taekwondo Riviera<br>&#8211; Pr\u00e9sident de la f\u00e9d\u00e9ration Swiss Taekwondo (2008-2016)<br>&#8211; Conseiller et Directeur Technique du club BLACK TIGERS<\/p>\t\t\t\t\t\t\t\t<\/div>\n\t\t\t\t<\/div>\n\t\t\t\t\t<\/div>\n\t\t<\/div>\n\t\t\t\t\t<\/div>\n\t\t<\/section>\n\t\t\t\t<section class=\"elementor-section elementor-top-section elementor-element elementor-element-82f9f47 elementor-section-stretched elementor-section-boxed elementor-section-height-default elementor-section-height-default\" data-id=\"82f9f47\" data-element_type=\"section\" data-e-type=\"section\" data-settings=\"{&quot;stretch_section&quot;:&quot;section-stretched&quot;}\">\n\t\t\t\t\t\t<div class=\"elementor-container elementor-column-gap-default\">\n\t\t\t\t\t<div class=\"elementor-column elementor-col-33 elementor-top-column elementor-element elementor-element-bf6fc87\" data-id=\"bf6fc87\" data-element_type=\"column\" data-e-type=\"column\">\n\t\t\t<div class=\"elementor-widget-wrap\">\n\t\t\t\t\t\t\t<\/div>\n\t\t<\/div>\n\t\t\t\t<div class=\"elementor-column elementor-col-33 elementor-top-column elementor-element elementor-element-5e9500a\" data-id=\"5e9500a\" data-element_type=\"column\" data-e-type=\"column\">\n\t\t\t<div class=\"elementor-widget-wrap elementor-element-populated\">\n\t\t\t\t\t\t<div class=\"elementor-element elementor-element-fb2590a elementor-arrows-position-inside elementor-pagination-position-outside elementor-widget elementor-widget-image-carousel\" data-id=\"fb2590a\" data-element_type=\"widget\" data-e-type=\"widget\" data-settings=\"{&quot;slides_to_show&quot;:&quot;1&quot;,&quot;navigation&quot;:&quot;both&quot;,&quot;autoplay&quot;:&quot;yes&quot;,&quot;pause_on_hover&quot;:&quot;yes&quot;,&quot;pause_on_interaction&quot;:&quot;yes&quot;,&quot;autoplay_speed&quot;:5000,&quot;infinite&quot;:&quot;yes&quot;,&quot;effect&quot;:&quot;slide&quot;,&quot;speed&quot;:500}\" data-widget_type=\"image-carousel.default\">\n\t\t\t\t<div class=\"elementor-widget-container\">\n\t\t\t\t\t\t\t<div class=\"elementor-image-carousel-wrapper swiper\" role=\"region\" aria-roledescription=\"carousel\" aria-label=\"Carrousel d\u2019images\" dir=\"ltr\">\n\t\t\t<div class=\"elementor-image-carousel swiper-wrapper\" aria-live=\"off\">\n\t\t\t\t\t\t\t\t<div class=\"swiper-slide\" role=\"group\" aria-roledescription=\"slide\" aria-label=\"1 sur 3\"><figure class=\"swiper-slide-inner\"><img decoding=\"async\" class=\"swiper-slide-image\" src=\"https:\/\/blacktigers-sports.com\/wp-content\/uploads\/2020\/04\/Partenariat.jpg\" alt=\"Partenariat\" \/><\/figure><\/div><div class=\"swiper-slide\" role=\"group\" aria-roledescription=\"slide\" aria-label=\"2 sur 3\"><figure class=\"swiper-slide-inner\"><img decoding=\"async\" class=\"swiper-slide-image\" src=\"https:\/\/blacktigers-sports.com\/wp-content\/uploads\/2020\/04\/Partenariat2.jpg\" alt=\"Partenariat2\" \/><\/figure><\/div><div class=\"swiper-slide\" role=\"group\" aria-roledescription=\"slide\" aria-label=\"3 sur 3\"><figure class=\"swiper-slide-inner\"><img decoding=\"async\" class=\"swiper-slide-image\" src=\"https:\/\/blacktigers-sports.com\/wp-content\/uploads\/2020\/04\/Partenariat3.jpg\" alt=\"Partenariat3\" \/><\/figure><\/div>\t\t\t<\/div>\n\t\t\t\t\t\t\t\t\t\t\t\t<div class=\"elementor-swiper-button elementor-swiper-button-prev\" role=\"button\" tabindex=\"0\">\n\t\t\t\t\t\t<i aria-hidden=\"true\" class=\"eicon-chevron-left\"><\/i>\t\t\t\t\t<\/div>\n\t\t\t\t\t<div class=\"elementor-swiper-button elementor-swiper-button-next\" role=\"button\" tabindex=\"0\">\n\t\t\t\t\t\t<i aria-hidden=\"true\" class=\"eicon-chevron-right\"><\/i>\t\t\t\t\t<\/div>\n\t\t\t\t\n\t\t\t\t\t\t\t\t\t<div class=\"swiper-pagination\"><\/div>\n\t\t\t\t\t\t\t\t\t<\/div>\n\t\t\t\t\t\t<\/div>\n\t\t\t\t<\/div>\n\t\t\t\t<div class=\"elementor-element elementor-element-908a92a elementor-widget elementor-widget-text-editor\" data-id=\"908a92a\" data-element_type=\"widget\" data-e-type=\"widget\" data-widget_type=\"text-editor.default\">\n\t\t\t\t<div class=\"elementor-widget-container\">\n\t\t\t\t\t\t\t\t\t<p>Convention sign\u00e9e en Suisse (Janvier 2020)<\/p>\t\t\t\t\t\t\t\t<\/div>\n\t\t\t\t<\/div>\n\t\t\t\t\t<\/div>\n\t\t<\/div>\n\t\t\t\t<div class=\"elementor-column elementor-col-33 elementor-top-column elementor-element elementor-element-ff5efd4\" data-id=\"ff5efd4\" data-element_type=\"column\" data-e-type=\"column\">\n\t\t\t<div class=\"elementor-widget-wrap\">\n\t\t\t\t\t\t\t<\/div>\n\t\t<\/div>\n\t\t\t\t\t<\/div>\n\t\t<\/section>\n\t\t\t\t<\/div>\n\t\t","protected":false},"excerpt":{"rendered":"<p>Notre partenaire en Suisse Taekwondo Riviera Ma\u00eetre Abdenbi Amhand a fond\u00e9 le&nbsp;Taekwondo Riviera&nbsp;en 1986. Pionnier en Suisse Romande, premier coach et entra\u00eeneur professionnel en Suisse, il a largement contribu\u00e9 \u00e0 la notori\u00e9t\u00e9 de cet art martial par l\u2019organisation de manifestations, de d\u00e9monstrations et une pr\u00e9sence fr\u00e9quente dans les m\u00e9dias. M. Abdenbi AmhandEntra\u00eeneur dipl\u00f4m\u00e9 international 7\u00e8me [&hellip;]<\/p>\n","protected":false},"author":1,"featured_media":0,"parent":0,"menu_order":0,"comment_status":"closed","ping_status":"closed","template":"elementor_header_footer","meta":{"_exactmetrics_skip_tracking":false,"_exactmetrics_sitenote_active":false,"_exactmetrics_sitenote_note":"","_exactmetrics_sitenote_category":0,"footnotes":""},"class_list":["post-565","page","type-page","status-publish","hentry","entry"],"yoast_head":"<!-- This site is optimized with the Yoast SEO plugin v27.4 - https:\/\/yoast.com\/product\/yoast-seo-wordpress\/ -->\n<title>Partenaires - BLACK TIGERS<\/title>\n<meta name=\"robots\" content=\"index, follow, max-snippet:-1, max-image-preview:large, max-video-preview:-1\" \/>\n<link rel=\"canonical\" href=\"https:\/\/blacktigers-sports.com\/index.php\/partenaires\/\" \/>\n<meta property=\"og:locale\" content=\"fr_FR\" \/>\n<meta property=\"og:type\" content=\"article\" \/>\n<meta property=\"og:title\" content=\"Black Tigers - PARTENAIRES\" \/>\n<meta property=\"og:description\" content=\"Nos sponsors et nos partenaires sportifs. Vous pouvez en devenir un !\" \/>\n<meta property=\"og:url\" content=\"https:\/\/blacktigers-sports.com\/index.php\/partenaires\/\" \/>\n<meta property=\"og:site_name\" content=\"BLACK TIGERS\" \/>\n<meta property=\"article:modified_time\" content=\"2020-04-12T15:17:36+00:00\" \/>\n<meta property=\"og:image\" content=\"https:\/\/blacktigers-sports.com\/wp-content\/uploads\/2018\/07\/Logo-1.jpg\" \/>\n\t<meta property=\"og:image:width\" content=\"832\" \/>\n\t<meta property=\"og:image:height\" content=\"565\" \/>\n\t<meta property=\"og:image:type\" content=\"image\/jpeg\" \/>\n<meta name=\"twitter:card\" content=\"summary_large_image\" \/>\n<meta name=\"twitter:label1\" content=\"Dur\u00e9e de lecture estim\u00e9e\" \/>\n\t<meta name=\"twitter:data1\" content=\"1 minute\" \/>\n<script type=\"application\/ld+json\" class=\"yoast-schema-graph\">{\"@context\":\"https:\\\/\\\/schema.org\",\"@graph\":[{\"@type\":\"WebPage\",\"@id\":\"https:\\\/\\\/blacktigers-sports.com\\\/index.php\\\/partenaires\\\/\",\"url\":\"https:\\\/\\\/blacktigers-sports.com\\\/index.php\\\/partenaires\\\/\",\"name\":\"Partenaires - BLACK TIGERS\",\"isPartOf\":{\"@id\":\"https:\\\/\\\/blacktigers-sports.com\\\/#website\"},\"primaryImageOfPage\":{\"@id\":\"https:\\\/\\\/blacktigers-sports.com\\\/index.php\\\/partenaires\\\/#primaryimage\"},\"image\":{\"@id\":\"https:\\\/\\\/blacktigers-sports.com\\\/index.php\\\/partenaires\\\/#primaryimage\"},\"thumbnailUrl\":\"https:\\\/\\\/blacktigers-sports.com\\\/wp-content\\\/uploads\\\/elementor\\\/thumbs\\\/2000px-Flag_of_Switzerland_Pantone.svg_-nzyhpb6lkajgwfmemuilnabejo0vtblac3lm0a8jr4.png\",\"datePublished\":\"2018-02-26T15:46:46+00:00\",\"dateModified\":\"2020-04-12T15:17:36+00:00\",\"breadcrumb\":{\"@id\":\"https:\\\/\\\/blacktigers-sports.com\\\/index.php\\\/partenaires\\\/#breadcrumb\"},\"inLanguage\":\"fr-FR\",\"potentialAction\":[{\"@type\":\"ReadAction\",\"target\":[\"https:\\\/\\\/blacktigers-sports.com\\\/index.php\\\/partenaires\\\/\"]}]},{\"@type\":\"ImageObject\",\"inLanguage\":\"fr-FR\",\"@id\":\"https:\\\/\\\/blacktigers-sports.com\\\/index.php\\\/partenaires\\\/#primaryimage\",\"url\":\"https:\\\/\\\/blacktigers-sports.com\\\/wp-content\\\/uploads\\\/elementor\\\/thumbs\\\/2000px-Flag_of_Switzerland_Pantone.svg_-nzyhpb6lkajgwfmemuilnabejo0vtblac3lm0a8jr4.png\",\"contentUrl\":\"https:\\\/\\\/blacktigers-sports.com\\\/wp-content\\\/uploads\\\/elementor\\\/thumbs\\\/2000px-Flag_of_Switzerland_Pantone.svg_-nzyhpb6lkajgwfmemuilnabejo0vtblac3lm0a8jr4.png\"},{\"@type\":\"BreadcrumbList\",\"@id\":\"https:\\\/\\\/blacktigers-sports.com\\\/index.php\\\/partenaires\\\/#breadcrumb\",\"itemListElement\":[{\"@type\":\"ListItem\",\"position\":1,\"name\":\"Accueil\",\"item\":\"https:\\\/\\\/blacktigers-sports.com\\\/\"},{\"@type\":\"ListItem\",\"position\":2,\"name\":\"Partenaires\"}]},{\"@type\":\"WebSite\",\"@id\":\"https:\\\/\\\/blacktigers-sports.com\\\/#website\",\"url\":\"https:\\\/\\\/blacktigers-sports.com\\\/\",\"name\":\"BLACK TIGERS\",\"description\":\"Monde Sportif\",\"potentialAction\":[{\"@type\":\"SearchAction\",\"target\":{\"@type\":\"EntryPoint\",\"urlTemplate\":\"https:\\\/\\\/blacktigers-sports.com\\\/?s={search_term_string}\"},\"query-input\":{\"@type\":\"PropertyValueSpecification\",\"valueRequired\":true,\"valueName\":\"search_term_string\"}}],\"inLanguage\":\"fr-FR\"}]}<\/script>\n<!-- \/ Yoast SEO plugin. -->","yoast_head_json":{"title":"Partenaires - BLACK TIGERS","robots":{"index":"index","follow":"follow","max-snippet":"max-snippet:-1","max-image-preview":"max-image-preview:large","max-video-preview":"max-video-preview:-1"},"canonical":"https:\/\/blacktigers-sports.com\/index.php\/partenaires\/","og_locale":"fr_FR","og_type":"article","og_title":"Black Tigers - PARTENAIRES","og_description":"Nos sponsors et nos partenaires sportifs. Vous pouvez en devenir un !","og_url":"https:\/\/blacktigers-sports.com\/index.php\/partenaires\/","og_site_name":"BLACK TIGERS","article_modified_time":"2020-04-12T15:17:36+00:00","og_image":[{"width":832,"height":565,"url":"https:\/\/blacktigers-sports.com\/wp-content\/uploads\/2018\/07\/Logo-1.jpg","type":"image\/jpeg"}],"twitter_card":"summary_large_image","twitter_misc":{"Dur\u00e9e de lecture estim\u00e9e":"1 minute"},"schema":{"@context":"https:\/\/schema.org","@graph":[{"@type":"WebPage","@id":"https:\/\/blacktigers-sports.com\/index.php\/partenaires\/","url":"https:\/\/blacktigers-sports.com\/index.php\/partenaires\/","name":"Partenaires - BLACK TIGERS","isPartOf":{"@id":"https:\/\/blacktigers-sports.com\/#website"},"primaryImageOfPage":{"@id":"https:\/\/blacktigers-sports.com\/index.php\/partenaires\/#primaryimage"},"image":{"@id":"https:\/\/blacktigers-sports.com\/index.php\/partenaires\/#primaryimage"},"thumbnailUrl":"https:\/\/blacktigers-sports.com\/wp-content\/uploads\/elementor\/thumbs\/2000px-Flag_of_Switzerland_Pantone.svg_-nzyhpb6lkajgwfmemuilnabejo0vtblac3lm0a8jr4.png","datePublished":"2018-02-26T15:46:46+00:00","dateModified":"2020-04-12T15:17:36+00:00","breadcrumb":{"@id":"https:\/\/blacktigers-sports.com\/index.php\/partenaires\/#breadcrumb"},"inLanguage":"fr-FR","potentialAction":[{"@type":"ReadAction","target":["https:\/\/blacktigers-sports.com\/index.php\/partenaires\/"]}]},{"@type":"ImageObject","inLanguage":"fr-FR","@id":"https:\/\/blacktigers-sports.com\/index.php\/partenaires\/#primaryimage","url":"https:\/\/blacktigers-sports.com\/wp-content\/uploads\/elementor\/thumbs\/2000px-Flag_of_Switzerland_Pantone.svg_-nzyhpb6lkajgwfmemuilnabejo0vtblac3lm0a8jr4.png","contentUrl":"https:\/\/blacktigers-sports.com\/wp-content\/uploads\/elementor\/thumbs\/2000px-Flag_of_Switzerland_Pantone.svg_-nzyhpb6lkajgwfmemuilnabejo0vtblac3lm0a8jr4.png"},{"@type":"BreadcrumbList","@id":"https:\/\/blacktigers-sports.com\/index.php\/partenaires\/#breadcrumb","itemListElement":[{"@type":"ListItem","position":1,"name":"Accueil","item":"https:\/\/blacktigers-sports.com\/"},{"@type":"ListItem","position":2,"name":"Partenaires"}]},{"@type":"WebSite","@id":"https:\/\/blacktigers-sports.com\/#website","url":"https:\/\/blacktigers-sports.com\/","name":"BLACK TIGERS","description":"Monde Sportif","potentialAction":[{"@type":"SearchAction","target":{"@type":"EntryPoint","urlTemplate":"https:\/\/blacktigers-sports.com\/?s={search_term_string}"},"query-input":{"@type":"PropertyValueSpecification","valueRequired":true,"valueName":"search_term_string"}}],"inLanguage":"fr-FR"}]}},"rttpg_featured_image_url":null,"rttpg_author":{"display_name":"Chkarat Mehdi","author_link":"https:\/\/blacktigers-sports.com\/index.php\/author\/admin6903\/"},"rttpg_comment":0,"rttpg_category":null,"rttpg_excerpt":"Notre partenaire en Suisse Taekwondo Riviera Ma\u00eetre Abdenbi Amhand a fond\u00e9 le&nbsp;Taekwondo Riviera&nbsp;en 1986. Pionnier en Suisse Romande, premier coach et entra\u00eeneur professionnel en Suisse, il a largement contribu\u00e9 \u00e0 la notori\u00e9t\u00e9 de cet art martial par l\u2019organisation de manifestations, de d\u00e9monstrations et une pr\u00e9sence fr\u00e9quente dans les m\u00e9dias. M. Abdenbi AmhandEntra\u00eeneur dipl\u00f4m\u00e9 international 7\u00e8me\u2026","_links":{"self":[{"href":"https:\/\/blacktigers-sports.com\/index.php\/wp-json\/wp\/v2\/pages\/565","targetHints":{"allow":["GET"]}}],"collection":[{"href":"https:\/\/blacktigers-sports.com\/index.php\/wp-json\/wp\/v2\/pages"}],"about":[{"href":"https:\/\/blacktigers-sports.com\/index.php\/wp-json\/wp\/v2\/types\/page"}],"author":[{"embeddable":true,"href":"https:\/\/blacktigers-sports.com\/index.php\/wp-json\/wp\/v2\/users\/1"}],"replies":[{"embeddable":true,"href":"https:\/\/blacktigers-sports.com\/index.php\/wp-json\/wp\/v2\/comments?post=565"}],"version-history":[{"count":96,"href":"https:\/\/blacktigers-sports.com\/index.php\/wp-json\/wp\/v2\/pages\/565\/revisions"}],"predecessor-version":[{"id":3153,"href":"https:\/\/blacktigers-sports.com\/index.php\/wp-json\/wp\/v2\/pages\/565\/revisions\/3153"}],"wp:attachment":[{"href":"https:\/\/blacktigers-sports.com\/index.php\/wp-json\/wp\/v2\/media?parent=565"}],"curies":[{"name":"wp","href":"https:\/\/api.w.org\/{rel}","templated":true}]}}