{"id":3484,"date":"2020-05-09T21:51:14","date_gmt":"2020-05-09T21:51:14","guid":{"rendered":"https:\/\/blacktigers-sports.com\/?page_id=3484"},"modified":"2020-05-10T00:18:58","modified_gmt":"2020-05-10T00:18:58","slug":"sport-responsable","status":"publish","type":"page","link":"https:\/\/blacktigers-sports.com\/index.php\/sport-responsable\/","title":{"rendered":"Sport responsable"},"content":{"rendered":"\t\t<div data-elementor-type=\"wp-page\" data-elementor-id=\"3484\" class=\"elementor elementor-3484\">\n\t\t\t\t\t\t<div class=\"elementor-inner\">\n\t\t\t\t<div class=\"elementor-section-wrap\">\n\t\t\t\t\t\t\t\t\t<section class=\"elementor-section elementor-top-section elementor-element elementor-element-38f2300 elementor-section-stretched elementor-section-boxed elementor-section-height-default elementor-section-height-default\" data-id=\"38f2300\" data-element_type=\"section\" data-settings=\"{&quot;stretch_section&quot;:&quot;section-stretched&quot;}\">\n\t\t\t\t\t\t<div class=\"elementor-container elementor-column-gap-default\">\n\t\t\t\t\t\t\t<div class=\"elementor-row\">\n\t\t\t\t\t<div class=\"elementor-column elementor-col-20 elementor-top-column elementor-element elementor-element-8b1d5f5\" data-id=\"8b1d5f5\" data-element_type=\"column\">\n\t\t\t<div class=\"elementor-column-wrap elementor-element-populated\">\n\t\t\t\t\t\t\t<div class=\"elementor-widget-wrap\">\n\t\t\t\t\t\t<div class=\"elementor-element elementor-element-c8273d1 elementor-widget elementor-widget-image\" data-id=\"c8273d1\" data-element_type=\"widget\" data-widget_type=\"image.default\">\n\t\t\t\t<div class=\"elementor-widget-container\">\n\t\t\t\t\t\t\t\t<div class=\"elementor-image\">\n\t\t\t\t\t\t\t\t\t\t\t\t<img loading=\"lazy\" decoding=\"async\" width=\"1024\" height=\"768\" src=\"https:\/\/blacktigers-sports.com\/wp-content\/uploads\/2018\/02\/Sport-\u00e9tudes-1024x768.png\" class=\"attachment-large size-large\" alt=\"\" srcset=\"https:\/\/blacktigers-sports.com\/wp-content\/uploads\/2018\/02\/Sport-\u00e9tudes-1024x768.png 1024w, https:\/\/blacktigers-sports.com\/wp-content\/uploads\/2018\/02\/Sport-\u00e9tudes-300x225.png 300w, https:\/\/blacktigers-sports.com\/wp-content\/uploads\/2018\/02\/Sport-\u00e9tudes-768x576.png 768w, https:\/\/blacktigers-sports.com\/wp-content\/uploads\/2018\/02\/Sport-\u00e9tudes.png 1890w\" sizes=\"auto, (max-width: 1024px) 100vw, 1024px\" \/>\t\t\t\t\t\t\t\t\t\t\t\t\t\t<\/div>\n\t\t\t\t\t\t<\/div>\n\t\t\t\t<\/div>\n\t\t\t\t<div class=\"elementor-element elementor-element-3e1216e elementor-widget elementor-widget-heading\" data-id=\"3e1216e\" data-element_type=\"widget\" data-widget_type=\"heading.default\">\n\t\t\t\t<div class=\"elementor-widget-container\">\n\t\t\t<h2 class=\"elementor-heading-title elementor-size-default\">Sport-\u00e9tudes<\/h2>\t\t<\/div>\n\t\t\t\t<\/div>\n\t\t\t\t<div class=\"elementor-element elementor-element-cc61927 elementor-widget elementor-widget-text-editor\" data-id=\"cc61927\" data-element_type=\"widget\" data-widget_type=\"text-editor.default\">\n\t\t\t\t<div class=\"elementor-widget-container\">\n\t\t\t\t\t\t\t\t<div class=\"elementor-text-editor elementor-clearfix\">\n\t\t\t\t<p>Le sport et les \u00e9tudes sont tous deux importants dans la vie de chacun.<br \/>Nous garantissons des horaires favorisant le respect d\u2019un consensus entre ces deux \u00e9l\u00e9ments, ainsi que la motivation et l\u2019\u00e9tat d\u2019esprit permettant ceci.<\/p>\t\t\t\t\t<\/div>\n\t\t\t\t\t\t<\/div>\n\t\t\t\t<\/div>\n\t\t\t\t\t\t<\/div>\n\t\t\t\t\t<\/div>\n\t\t<\/div>\n\t\t\t\t<div class=\"elementor-column elementor-col-20 elementor-top-column elementor-element elementor-element-153be4d\" data-id=\"153be4d\" data-element_type=\"column\">\n\t\t\t<div class=\"elementor-column-wrap elementor-element-populated\">\n\t\t\t\t\t\t\t<div class=\"elementor-widget-wrap\">\n\t\t\t\t\t\t<div class=\"elementor-element elementor-element-5025943 elementor-widget elementor-widget-image\" data-id=\"5025943\" data-element_type=\"widget\" data-widget_type=\"image.default\">\n\t\t\t\t<div class=\"elementor-widget-container\">\n\t\t\t\t\t\t\t\t<div class=\"elementor-image\">\n\t\t\t\t\t\t\t\t\t\t\t\t<img loading=\"lazy\" decoding=\"async\" width=\"686\" height=\"686\" src=\"https:\/\/blacktigers-sports.com\/wp-content\/uploads\/2018\/02\/PAB1-1024x768.png\" class=\"attachment-large size-large\" alt=\"\" srcset=\"https:\/\/blacktigers-sports.com\/wp-content\/uploads\/2018\/02\/PAB1-1024x768.png 686w, https:\/\/blacktigers-sports.com\/wp-content\/uploads\/2018\/02\/PAB1-1024x768-150x150.png 150w, https:\/\/blacktigers-sports.com\/wp-content\/uploads\/2018\/02\/PAB1-1024x768-300x300.png 300w\" sizes=\"auto, (max-width: 686px) 100vw, 686px\" \/>\t\t\t\t\t\t\t\t\t\t\t\t\t\t<\/div>\n\t\t\t\t\t\t<\/div>\n\t\t\t\t<\/div>\n\t\t\t\t<div class=\"elementor-element elementor-element-e3dc4f4 elementor-widget elementor-widget-heading\" data-id=\"e3dc4f4\" data-element_type=\"widget\" data-widget_type=\"heading.default\">\n\t\t\t\t<div class=\"elementor-widget-container\">\n\t\t\t<h2 class=\"elementor-heading-title elementor-size-default\">Handisport<\/h2>\t\t<\/div>\n\t\t\t\t<\/div>\n\t\t\t\t<div class=\"elementor-element elementor-element-f987f29 elementor-widget elementor-widget-text-editor\" data-id=\"f987f29\" data-element_type=\"widget\" data-widget_type=\"text-editor.default\">\n\t\t\t\t<div class=\"elementor-widget-container\">\n\t\t\t\t\t\t\t\t<div class=\"elementor-text-editor elementor-clearfix\">\n\t\t\t\t<p>Nous accueillons chaleureusement les personnes aux besoins sp\u00e9cifiques, et accompagnons leur int\u00e9gration dans la soci\u00e9t\u00e9 ainsi que leur \u00e9panouissement.<\/p>\t\t\t\t\t<\/div>\n\t\t\t\t\t\t<\/div>\n\t\t\t\t<\/div>\n\t\t\t\t\t\t<\/div>\n\t\t\t\t\t<\/div>\n\t\t<\/div>\n\t\t\t\t<div class=\"elementor-column elementor-col-20 elementor-top-column elementor-element elementor-element-029fb1c\" data-id=\"029fb1c\" data-element_type=\"column\">\n\t\t\t<div class=\"elementor-column-wrap elementor-element-populated\">\n\t\t\t\t\t\t\t<div class=\"elementor-widget-wrap\">\n\t\t\t\t\t\t<div class=\"elementor-element elementor-element-07ff4cf elementor-widget elementor-widget-image\" data-id=\"07ff4cf\" data-element_type=\"widget\" data-widget_type=\"image.default\">\n\t\t\t\t<div class=\"elementor-widget-container\">\n\t\t\t\t\t\t\t\t<div class=\"elementor-image\">\n\t\t\t\t\t\t\t\t\t\t\t\t<img loading=\"lazy\" decoding=\"async\" width=\"803\" height=\"1024\" src=\"https:\/\/blacktigers-sports.com\/wp-content\/uploads\/2020\/05\/Sans-titre-2-e1589063202764-803x1024.png\" class=\"attachment-large size-large\" alt=\"\" srcset=\"https:\/\/blacktigers-sports.com\/wp-content\/uploads\/2020\/05\/Sans-titre-2-e1589063202764-803x1024.png 803w, https:\/\/blacktigers-sports.com\/wp-content\/uploads\/2020\/05\/Sans-titre-2-e1589063202764-235x300.png 235w, https:\/\/blacktigers-sports.com\/wp-content\/uploads\/2020\/05\/Sans-titre-2-e1589063202764-768x979.png 768w, https:\/\/blacktigers-sports.com\/wp-content\/uploads\/2020\/05\/Sans-titre-2-e1589063202764-1205x1536.png 1205w, https:\/\/blacktigers-sports.com\/wp-content\/uploads\/2020\/05\/Sans-titre-2-e1589063202764.png 1483w\" sizes=\"auto, (max-width: 803px) 100vw, 803px\" \/>\t\t\t\t\t\t\t\t\t\t\t\t\t\t<\/div>\n\t\t\t\t\t\t<\/div>\n\t\t\t\t<\/div>\n\t\t\t\t<div class=\"elementor-element elementor-element-1e1aaa3 elementor-widget elementor-widget-heading\" data-id=\"1e1aaa3\" data-element_type=\"widget\" data-widget_type=\"heading.default\">\n\t\t\t\t<div class=\"elementor-widget-container\">\n\t\t\t<h2 class=\"elementor-heading-title elementor-size-default\">Femmes<\/h2>\t\t<\/div>\n\t\t\t\t<\/div>\n\t\t\t\t<div class=\"elementor-element elementor-element-3e39984 elementor-widget elementor-widget-text-editor\" data-id=\"3e39984\" data-element_type=\"widget\" data-widget_type=\"text-editor.default\">\n\t\t\t\t<div class=\"elementor-widget-container\">\n\t\t\t\t\t\t\t\t<div class=\"elementor-text-editor elementor-clearfix\">\n\t\t\t\t<p>Femme ou homme, nous sommes humains avant tout.<br \/>Et nous avons le droit de tout faire \u00e0 pied \u00e9gal. Et en parlant de pieds\u2026 le Taekwondo est le meilleur moyen d\u2019affirmer ce fait !<\/p>\t\t\t\t\t<\/div>\n\t\t\t\t\t\t<\/div>\n\t\t\t\t<\/div>\n\t\t\t\t\t\t<\/div>\n\t\t\t\t\t<\/div>\n\t\t<\/div>\n\t\t\t\t<div class=\"elementor-column elementor-col-20 elementor-top-column elementor-element elementor-element-c0a4763\" data-id=\"c0a4763\" data-element_type=\"column\">\n\t\t\t<div class=\"elementor-column-wrap elementor-element-populated\">\n\t\t\t\t\t\t\t<div class=\"elementor-widget-wrap\">\n\t\t\t\t\t\t<div class=\"elementor-element elementor-element-bcb8869 elementor-widget elementor-widget-image\" data-id=\"bcb8869\" data-element_type=\"widget\" data-widget_type=\"image.default\">\n\t\t\t\t<div class=\"elementor-widget-container\">\n\t\t\t\t\t\t\t\t<div class=\"elementor-image\">\n\t\t\t\t\t\t\t\t\t\t\t\t<img loading=\"lazy\" decoding=\"async\" width=\"1024\" height=\"1024\" src=\"https:\/\/blacktigers-sports.com\/wp-content\/uploads\/2020\/05\/Sans-titre-3-1024x1024.png\" class=\"attachment-large size-large\" alt=\"\" srcset=\"https:\/\/blacktigers-sports.com\/wp-content\/uploads\/2020\/05\/Sans-titre-3-1024x1024.png 1024w, https:\/\/blacktigers-sports.com\/wp-content\/uploads\/2020\/05\/Sans-titre-3-300x300.png 300w, https:\/\/blacktigers-sports.com\/wp-content\/uploads\/2020\/05\/Sans-titre-3-150x150.png 150w, https:\/\/blacktigers-sports.com\/wp-content\/uploads\/2020\/05\/Sans-titre-3-768x768.png 768w, https:\/\/blacktigers-sports.com\/wp-content\/uploads\/2020\/05\/Sans-titre-3-120x120.png 120w, https:\/\/blacktigers-sports.com\/wp-content\/uploads\/2020\/05\/Sans-titre-3-1536x1536.png 1536w, https:\/\/blacktigers-sports.com\/wp-content\/uploads\/2020\/05\/Sans-titre-3.png 1890w\" sizes=\"auto, (max-width: 1024px) 100vw, 1024px\" \/>\t\t\t\t\t\t\t\t\t\t\t\t\t\t<\/div>\n\t\t\t\t\t\t<\/div>\n\t\t\t\t<\/div>\n\t\t\t\t<div class=\"elementor-element elementor-element-b7cd9b9 elementor-widget elementor-widget-heading\" data-id=\"b7cd9b9\" data-element_type=\"widget\" data-widget_type=\"heading.default\">\n\t\t\t\t<div class=\"elementor-widget-container\">\n\t\t\t<h2 class=\"elementor-heading-title elementor-size-default\">Anti-dopage<\/h2>\t\t<\/div>\n\t\t\t\t<\/div>\n\t\t\t\t<div class=\"elementor-element elementor-element-4434ec9 elementor-widget elementor-widget-text-editor\" data-id=\"4434ec9\" data-element_type=\"widget\" data-widget_type=\"text-editor.default\">\n\t\t\t\t<div class=\"elementor-widget-container\">\n\t\t\t\t\t\t\t\t<div class=\"elementor-text-editor elementor-clearfix\">\n\t\t\t\t<p>Le dopage est avant tout un poison.<br \/>Pour r\u00e9aliser des performances, vous devez faire confiance \u00e0 la nature et \u00e0 vos efforts.<\/p>\t\t\t\t\t<\/div>\n\t\t\t\t\t\t<\/div>\n\t\t\t\t<\/div>\n\t\t\t\t\t\t<\/div>\n\t\t\t\t\t<\/div>\n\t\t<\/div>\n\t\t\t\t<div class=\"elementor-column elementor-col-20 elementor-top-column elementor-element elementor-element-fae1927\" data-id=\"fae1927\" data-element_type=\"column\">\n\t\t\t<div class=\"elementor-column-wrap elementor-element-populated\">\n\t\t\t\t\t\t\t<div class=\"elementor-widget-wrap\">\n\t\t\t\t\t\t<div class=\"elementor-element elementor-element-9f0837e elementor-widget elementor-widget-image\" data-id=\"9f0837e\" data-element_type=\"widget\" data-widget_type=\"image.default\">\n\t\t\t\t<div class=\"elementor-widget-container\">\n\t\t\t\t\t\t\t\t<div class=\"elementor-image\">\n\t\t\t\t\t\t\t\t\t\t\t\t<img loading=\"lazy\" decoding=\"async\" width=\"1024\" height=\"768\" src=\"https:\/\/blacktigers-sports.com\/wp-content\/uploads\/2020\/04\/samirlaila-1024x768.png\" class=\"attachment-large size-large\" alt=\"\" srcset=\"https:\/\/blacktigers-sports.com\/wp-content\/uploads\/2020\/04\/samirlaila-1024x768.png 1024w, https:\/\/blacktigers-sports.com\/wp-content\/uploads\/2020\/04\/samirlaila-1536x1152.png 1536w\" sizes=\"auto, (max-width: 1024px) 100vw, 1024px\" \/>\t\t\t\t\t\t\t\t\t\t\t\t\t\t<\/div>\n\t\t\t\t\t\t<\/div>\n\t\t\t\t<\/div>\n\t\t\t\t<div class=\"elementor-element elementor-element-32eb04a elementor-widget elementor-widget-heading\" data-id=\"32eb04a\" data-element_type=\"widget\" data-widget_type=\"heading.default\">\n\t\t\t\t<div class=\"elementor-widget-container\">\n\t\t\t<h2 class=\"elementor-heading-title elementor-size-default\">Respect de l'environnement<\/h2>\t\t<\/div>\n\t\t\t\t<\/div>\n\t\t\t\t<div class=\"elementor-element elementor-element-6ac7b58 elementor-widget elementor-widget-text-editor\" data-id=\"6ac7b58\" data-element_type=\"widget\" data-widget_type=\"text-editor.default\">\n\t\t\t\t<div class=\"elementor-widget-container\">\n\t\t\t\t\t\t\t\t<div class=\"elementor-text-editor elementor-clearfix\">\n\t\t\t\t<p>Nous \u00e9duquons les jeunes au respect de l&#8217;environnement et nous leurs apprenons les bons gestes pratiques \u00e0 adopter.<\/p>\t\t\t\t\t<\/div>\n\t\t\t\t\t\t<\/div>\n\t\t\t\t<\/div>\n\t\t\t\t\t\t<\/div>\n\t\t\t\t\t<\/div>\n\t\t<\/div>\n\t\t\t\t\t\t\t\t<\/div>\n\t\t\t\t\t<\/div>\n\t\t<\/section>\n\t\t\t\t\t\t\t\t\t<\/div>\n\t\t\t<\/div>\n\t\t\t\t\t<\/div>\n\t\t","protected":false},"excerpt":{"rendered":"<p>Sport-\u00e9tudes Le sport et les \u00e9tudes sont tous deux importants dans la vie de chacun.Nous garantissons des horaires favorisant le respect d\u2019un consensus entre ces deux \u00e9l\u00e9ments, ainsi que la motivation et l\u2019\u00e9tat d\u2019esprit permettant ceci. Handisport Nous accueillons chaleureusement les personnes aux besoins sp\u00e9cifiques, et accompagnons leur int\u00e9gration dans la soci\u00e9t\u00e9 ainsi que leur [&hellip;]<\/p>\n","protected":false},"author":1,"featured_media":0,"parent":0,"menu_order":0,"comment_status":"closed","ping_status":"closed","template":"elementor_header_footer","meta":{"_exactmetrics_skip_tracking":false,"_exactmetrics_sitenote_active":false,"_exactmetrics_sitenote_note":"","_exactmetrics_sitenote_category":0,"footnotes":""},"class_list":["post-3484","page","type-page","status-publish","hentry","entry"],"yoast_head":"<!-- This site is optimized with the Yoast SEO plugin v14.0.4 - https:\/\/yoast.com\/wordpress\/plugins\/seo\/ -->\n<title>Sport responsable - BLACK TIGERS<\/title>\n<meta name=\"robots\" content=\"index, follow\" \/>\n<meta name=\"googlebot\" content=\"index, follow, max-snippet:-1, max-image-preview:large, max-video-preview:-1\" \/>\n<meta name=\"bingbot\" content=\"index, follow, max-snippet:-1, max-image-preview:large, max-video-preview:-1\" \/>\n<link rel=\"canonical\" href=\"https:\/\/blacktigers-sports.com\/index.php\/sport-responsable\/\" \/>\n<meta property=\"og:locale\" content=\"fr_FR\" \/>\n<meta property=\"og:type\" content=\"article\" \/>\n<meta property=\"og:title\" content=\"Sport responsable - BLACK TIGERS\" \/>\n<meta property=\"og:description\" content=\"Sport-\u00e9tudes Le sport et les \u00e9tudes sont tous deux importants dans la vie de chacun.Nous garantissons des horaires favorisant le respect d\u2019un consensus entre ces deux \u00e9l\u00e9ments, ainsi que la motivation et l\u2019\u00e9tat d\u2019esprit permettant ceci. Handisport Nous accueillons chaleureusement les personnes aux besoins sp\u00e9cifiques, et accompagnons leur int\u00e9gration dans la soci\u00e9t\u00e9 ainsi que leur [&hellip;]\" \/>\n<meta property=\"og:url\" content=\"https:\/\/blacktigers-sports.com\/index.php\/sport-responsable\/\" \/>\n<meta property=\"og:site_name\" content=\"BLACK TIGERS\" \/>\n<meta property=\"article:modified_time\" content=\"2020-05-10T00:18:58+00:00\" \/>\n<meta property=\"og:image\" content=\"https:\/\/blacktigers-sports.com\/wp-content\/uploads\/2018\/02\/Sport-\u00e9tudes-1024x768.png\" \/>\n<meta name=\"twitter:card\" content=\"summary_large_image\" \/>\n<script type=\"application\/ld+json\" class=\"yoast-schema-graph\">{\"@context\":\"https:\/\/schema.org\",\"@graph\":[{\"@type\":\"WebSite\",\"@id\":\"https:\/\/blacktigers-sports.com\/#website\",\"url\":\"https:\/\/blacktigers-sports.com\/\",\"name\":\"BLACK TIGERS\",\"description\":\"Monde Sportif\",\"potentialAction\":[{\"@type\":\"SearchAction\",\"target\":\"https:\/\/blacktigers-sports.com\/?s={search_term_string}\",\"query-input\":\"required name=search_term_string\"}],\"inLanguage\":\"fr-FR\"},{\"@type\":\"ImageObject\",\"@id\":\"https:\/\/blacktigers-sports.com\/index.php\/sport-responsable\/#primaryimage\",\"inLanguage\":\"fr-FR\",\"url\":\"https:\/\/blacktigers-sports.com\/wp-content\/uploads\/2018\/02\/Sport-\\u00e9tudes.png\",\"width\":1890,\"height\":1417},{\"@type\":\"WebPage\",\"@id\":\"https:\/\/blacktigers-sports.com\/index.php\/sport-responsable\/#webpage\",\"url\":\"https:\/\/blacktigers-sports.com\/index.php\/sport-responsable\/\",\"name\":\"Sport responsable - BLACK TIGERS\",\"isPartOf\":{\"@id\":\"https:\/\/blacktigers-sports.com\/#website\"},\"primaryImageOfPage\":{\"@id\":\"https:\/\/blacktigers-sports.com\/index.php\/sport-responsable\/#primaryimage\"},\"datePublished\":\"2020-05-09T21:51:14+00:00\",\"dateModified\":\"2020-05-10T00:18:58+00:00\",\"inLanguage\":\"fr-FR\",\"potentialAction\":[{\"@type\":\"ReadAction\",\"target\":[\"https:\/\/blacktigers-sports.com\/index.php\/sport-responsable\/\"]}]}]}<\/script>\n<!-- \/ Yoast SEO plugin. -->","_links":{"self":[{"href":"https:\/\/blacktigers-sports.com\/index.php\/wp-json\/wp\/v2\/pages\/3484","targetHints":{"allow":["GET"]}}],"collection":[{"href":"https:\/\/blacktigers-sports.com\/index.php\/wp-json\/wp\/v2\/pages"}],"about":[{"href":"https:\/\/blacktigers-sports.com\/index.php\/wp-json\/wp\/v2\/types\/page"}],"author":[{"embeddable":true,"href":"https:\/\/blacktigers-sports.com\/index.php\/wp-json\/wp\/v2\/users\/1"}],"replies":[{"embeddable":true,"href":"https:\/\/blacktigers-sports.com\/index.php\/wp-json\/wp\/v2\/comments?post=3484"}],"version-history":[{"count":9,"href":"https:\/\/blacktigers-sports.com\/index.php\/wp-json\/wp\/v2\/pages\/3484\/revisions"}],"predecessor-version":[{"id":3498,"href":"https:\/\/blacktigers-sports.com\/index.php\/wp-json\/wp\/v2\/pages\/3484\/revisions\/3498"}],"wp:attachment":[{"href":"https:\/\/blacktigers-sports.com\/index.php\/wp-json\/wp\/v2\/media?parent=3484"}],"curies":[{"name":"wp","href":"https:\/\/api.w.org\/{rel}","templated":true}]}}