{"id":3299,"date":"2020-04-14T16:56:13","date_gmt":"2020-04-14T16:56:13","guid":{"rendered":"https:\/\/blacktigers-sports.com\/?page_id=3299"},"modified":"2020-05-08T07:09:40","modified_gmt":"2020-05-08T07:09:40","slug":"hanae-rafiq","status":"publish","type":"page","link":"https:\/\/blacktigers-sports.com\/index.php\/club\/athletes\/champions-du-club\/hanae-rafiq\/","title":{"rendered":"Hanae Rafiq"},"content":{"rendered":"\t\t<div data-elementor-type=\"wp-page\" data-elementor-id=\"3299\" class=\"elementor elementor-3299\">\n\t\t\t\t\t\t<section class=\"elementor-section elementor-top-section elementor-element elementor-element-776fc906 elementor-section-stretched elementor-section-boxed elementor-section-height-default elementor-section-height-default\" data-id=\"776fc906\" data-element_type=\"section\" data-e-type=\"section\" data-settings=\"{&quot;stretch_section&quot;:&quot;section-stretched&quot;}\">\n\t\t\t\t\t\t<div class=\"elementor-container elementor-column-gap-default\">\n\t\t\t\t\t<div class=\"elementor-column elementor-col-33 elementor-top-column elementor-element elementor-element-bd143ff\" data-id=\"bd143ff\" data-element_type=\"column\" data-e-type=\"column\" data-settings=\"{&quot;background_background&quot;:&quot;classic&quot;}\">\n\t\t\t<div class=\"elementor-widget-wrap elementor-element-populated\">\n\t\t\t\t\t\t<div class=\"elementor-element elementor-element-5955a5ab elementor-widget elementor-widget-image\" data-id=\"5955a5ab\" data-element_type=\"widget\" data-e-type=\"widget\" data-widget_type=\"image.default\">\n\t\t\t\t<div class=\"elementor-widget-container\">\n\t\t\t\t\t\t\t\t\t\t\t\t\t\t\t<img fetchpriority=\"high\" decoding=\"async\" width=\"748\" height=\"748\" src=\"https:\/\/blacktigers-sports.com\/wp-content\/uploads\/2020\/04\/WhatsApp-Image-2020-04-08-at-19.57.49.jpg\" class=\"elementor-animation-grow attachment-medium_large size-medium_large wp-image-3302\" alt=\"\" srcset=\"https:\/\/blacktigers-sports.com\/wp-content\/uploads\/2020\/04\/WhatsApp-Image-2020-04-08-at-19.57.49.jpg 748w, https:\/\/blacktigers-sports.com\/wp-content\/uploads\/2020\/04\/WhatsApp-Image-2020-04-08-at-19.57.49-300x300.jpg 300w, https:\/\/blacktigers-sports.com\/wp-content\/uploads\/2020\/04\/WhatsApp-Image-2020-04-08-at-19.57.49-150x150.jpg 150w, https:\/\/blacktigers-sports.com\/wp-content\/uploads\/2020\/04\/WhatsApp-Image-2020-04-08-at-19.57.49-120x120.jpg 120w\" sizes=\"(max-width: 748px) 100vw, 748px\" \/>\t\t\t\t\t\t\t\t\t\t\t\t\t\t\t<\/div>\n\t\t\t\t<\/div>\n\t\t\t\t\t<\/div>\n\t\t<\/div>\n\t\t\t\t<div class=\"elementor-column elementor-col-66 elementor-top-column elementor-element elementor-element-101d6198\" data-id=\"101d6198\" data-element_type=\"column\" data-e-type=\"column\">\n\t\t\t<div class=\"elementor-widget-wrap elementor-element-populated\">\n\t\t\t\t\t\t<div class=\"elementor-element elementor-element-7c857b2d elementor-widget elementor-widget-heading\" data-id=\"7c857b2d\" data-element_type=\"widget\" data-e-type=\"widget\" data-widget_type=\"heading.default\">\n\t\t\t\t<div class=\"elementor-widget-container\">\n\t\t\t\t\t<h2 class=\"elementor-heading-title elementor-size-default\">Hanae Rafiq<\/h2>\t\t\t\t<\/div>\n\t\t\t\t<\/div>\n\t\t\t\t<div class=\"elementor-element elementor-element-a11d42e elementor-shape-circle e-grid-align-left elementor-grid-0 elementor-widget elementor-widget-social-icons\" data-id=\"a11d42e\" data-element_type=\"widget\" data-e-type=\"widget\" data-widget_type=\"social-icons.default\">\n\t\t\t\t<div class=\"elementor-widget-container\">\n\t\t\t\t\t\t\t<div class=\"elementor-social-icons-wrapper elementor-grid\">\n\t\t\t\t\t\t\t<span class=\"elementor-grid-item\">\n\t\t\t\t\t<a class=\"elementor-icon elementor-social-icon elementor-social-icon-instagram elementor-animation-grow elementor-repeater-item-75c03d5\" href=\"https:\/\/www.instagram.com\/hanae.rafiq\/\" target=\"_blank\">\n\t\t\t\t\t\t<span class=\"elementor-screen-only\">Instagram<\/span>\n\t\t\t\t\t\t<i aria-hidden=\"true\" class=\"fab fa-instagram\"><\/i>\t\t\t\t\t<\/a>\n\t\t\t\t<\/span>\n\t\t\t\t\t<\/div>\n\t\t\t\t\t\t<\/div>\n\t\t\t\t<\/div>\n\t\t\t\t<div class=\"elementor-element elementor-element-848bdc4 elementor-widget elementor-widget-text-editor\" data-id=\"848bdc4\" data-element_type=\"widget\" data-e-type=\"widget\" data-widget_type=\"text-editor.default\">\n\t\t\t\t<div class=\"elementor-widget-container\">\n\t\t\t\t\t\t\t\t\t<p><strong>Date de naissance :<\/strong> 11\/02\/1996<br \/><strong>Poids :<\/strong> 49 kg<br \/><strong>Taille :<\/strong> 163 cm<br \/><strong>Ceinture :<\/strong> Noire 1\u00e8re Dan<br \/><strong>Palmar\u00e8s :<\/strong><br \/>2019: 2eme place championnat national de taekwondo poomsea<br \/>2014 : 3eme place \u00e0 la coupe de l\u2019ambassadeur de la r\u00e9publique de Cor\u00e9e<br \/>2013 : 3eme place coupe du tr\u00f4ne poids (46kg)<br \/>2013 : Dipl\u00f4me ceinture noire 1er dan<br \/>2012 : 3eme place au championnat de ligue poids (46kg)<br \/>2012: 3eme place au championnat nationale du juniors poids (46kg)<br \/>2009 : 1er place au championnat de la ligue junior poids (43 kg)<br \/>2008 : 2eme place au championnat nationale de d\u00e9monstration<br \/>2007 : 2eme place au 1er championnat nationale de d\u00e9monstration cat\u00e9gorie (-16)<br \/>2007 : 2eme place au 1er championnat nationale de d\u00e9monstration cat\u00e9gorie (-30)<\/p>\t\t\t\t\t\t\t\t<\/div>\n\t\t\t\t<\/div>\n\t\t\t\t\t<\/div>\n\t\t<\/div>\n\t\t\t\t\t<\/div>\n\t\t<\/section>\n\t\t\t\t<\/div>\n\t\t","protected":false},"excerpt":{"rendered":"<p>Hanae Rafiq Instagram Date de naissance : 11\/02\/1996Poids : 49 kgTaille : 163 cmCeinture : Noire 1\u00e8re DanPalmar\u00e8s :2019: 2eme place championnat national de taekwondo poomsea2014 : 3eme place \u00e0 la coupe de l\u2019ambassadeur de la r\u00e9publique de Cor\u00e9e2013 : 3eme place coupe du tr\u00f4ne poids (46kg)2013 : Dipl\u00f4me ceinture noire 1er dan2012 : 3eme [&hellip;]<\/p>\n","protected":false},"author":1,"featured_media":0,"parent":3423,"menu_order":0,"comment_status":"closed","ping_status":"closed","template":"","meta":{"_exactmetrics_skip_tracking":false,"_exactmetrics_sitenote_active":false,"_exactmetrics_sitenote_note":"","_exactmetrics_sitenote_category":0,"footnotes":""},"class_list":["post-3299","page","type-page","status-publish","hentry","entry"],"yoast_head":"<!-- This site is optimized with the Yoast SEO plugin v27.4 - https:\/\/yoast.com\/product\/yoast-seo-wordpress\/ -->\n<title>Hanae Rafiq - BLACK TIGERS<\/title>\n<meta name=\"robots\" content=\"index, follow, max-snippet:-1, max-image-preview:large, max-video-preview:-1\" \/>\n<link rel=\"canonical\" href=\"https:\/\/blacktigers-sports.com\/index.php\/club\/athletes\/champions-du-club\/hanae-rafiq\/\" \/>\n<meta property=\"og:locale\" content=\"fr_FR\" \/>\n<meta property=\"og:type\" content=\"article\" \/>\n<meta property=\"og:title\" content=\"Hanae Rafiq - BLACK TIGERS\" \/>\n<meta property=\"og:description\" content=\"Hanae Rafiq Instagram Date de naissance : 11\/02\/1996Poids : 49 kgTaille : 163 cmCeinture : Noire 1\u00e8re DanPalmar\u00e8s :2019: 2eme place championnat national de taekwondo poomsea2014 : 3eme place \u00e0 la coupe de l\u2019ambassadeur de la r\u00e9publique de Cor\u00e9e2013 : 3eme place coupe du tr\u00f4ne poids (46kg)2013 : Dipl\u00f4me ceinture noire 1er dan2012 : 3eme [&hellip;]\" \/>\n<meta property=\"og:url\" content=\"https:\/\/blacktigers-sports.com\/index.php\/club\/athletes\/champions-du-club\/hanae-rafiq\/\" \/>\n<meta property=\"og:site_name\" content=\"BLACK TIGERS\" \/>\n<meta property=\"article:modified_time\" content=\"2020-05-08T07:09:40+00:00\" \/>\n<meta property=\"og:image\" content=\"https:\/\/blacktigers-sports.com\/wp-content\/uploads\/2020\/04\/WhatsApp-Image-2020-04-08-at-19.57.49.jpg\" \/>\n<meta name=\"twitter:card\" content=\"summary_large_image\" \/>\n<meta name=\"twitter:label1\" content=\"Dur\u00e9e de lecture estim\u00e9e\" \/>\n\t<meta name=\"twitter:data1\" content=\"1 minute\" \/>\n<script type=\"application\/ld+json\" class=\"yoast-schema-graph\">{\"@context\":\"https:\\\/\\\/schema.org\",\"@graph\":[{\"@type\":\"WebPage\",\"@id\":\"https:\\\/\\\/blacktigers-sports.com\\\/index.php\\\/club\\\/athletes\\\/champions-du-club\\\/hanae-rafiq\\\/\",\"url\":\"https:\\\/\\\/blacktigers-sports.com\\\/index.php\\\/club\\\/athletes\\\/champions-du-club\\\/hanae-rafiq\\\/\",\"name\":\"Hanae Rafiq - BLACK TIGERS\",\"isPartOf\":{\"@id\":\"https:\\\/\\\/blacktigers-sports.com\\\/#website\"},\"primaryImageOfPage\":{\"@id\":\"https:\\\/\\\/blacktigers-sports.com\\\/index.php\\\/club\\\/athletes\\\/champions-du-club\\\/hanae-rafiq\\\/#primaryimage\"},\"image\":{\"@id\":\"https:\\\/\\\/blacktigers-sports.com\\\/index.php\\\/club\\\/athletes\\\/champions-du-club\\\/hanae-rafiq\\\/#primaryimage\"},\"thumbnailUrl\":\"https:\\\/\\\/blacktigers-sports.com\\\/wp-content\\\/uploads\\\/2020\\\/04\\\/WhatsApp-Image-2020-04-08-at-19.57.49.jpg\",\"datePublished\":\"2020-04-14T16:56:13+00:00\",\"dateModified\":\"2020-05-08T07:09:40+00:00\",\"breadcrumb\":{\"@id\":\"https:\\\/\\\/blacktigers-sports.com\\\/index.php\\\/club\\\/athletes\\\/champions-du-club\\\/hanae-rafiq\\\/#breadcrumb\"},\"inLanguage\":\"fr-FR\",\"potentialAction\":[{\"@type\":\"ReadAction\",\"target\":[\"https:\\\/\\\/blacktigers-sports.com\\\/index.php\\\/club\\\/athletes\\\/champions-du-club\\\/hanae-rafiq\\\/\"]}]},{\"@type\":\"ImageObject\",\"inLanguage\":\"fr-FR\",\"@id\":\"https:\\\/\\\/blacktigers-sports.com\\\/index.php\\\/club\\\/athletes\\\/champions-du-club\\\/hanae-rafiq\\\/#primaryimage\",\"url\":\"https:\\\/\\\/blacktigers-sports.com\\\/wp-content\\\/uploads\\\/2020\\\/04\\\/WhatsApp-Image-2020-04-08-at-19.57.49.jpg\",\"contentUrl\":\"https:\\\/\\\/blacktigers-sports.com\\\/wp-content\\\/uploads\\\/2020\\\/04\\\/WhatsApp-Image-2020-04-08-at-19.57.49.jpg\",\"width\":748,\"height\":748},{\"@type\":\"BreadcrumbList\",\"@id\":\"https:\\\/\\\/blacktigers-sports.com\\\/index.php\\\/club\\\/athletes\\\/champions-du-club\\\/hanae-rafiq\\\/#breadcrumb\",\"itemListElement\":[{\"@type\":\"ListItem\",\"position\":1,\"name\":\"Accueil\",\"item\":\"https:\\\/\\\/blacktigers-sports.com\\\/\"},{\"@type\":\"ListItem\",\"position\":2,\"name\":\"Club\",\"item\":\"https:\\\/\\\/blacktigers-sports.com\\\/index.php\\\/club\\\/\"},{\"@type\":\"ListItem\",\"position\":3,\"name\":\"Athl\u00e8tes\",\"item\":\"https:\\\/\\\/blacktigers-sports.com\\\/index.php\\\/club\\\/athletes\\\/\"},{\"@type\":\"ListItem\",\"position\":4,\"name\":\"Champions du club\",\"item\":\"https:\\\/\\\/blacktigers-sports.com\\\/index.php\\\/club\\\/athletes\\\/champions-du-club\\\/\"},{\"@type\":\"ListItem\",\"position\":5,\"name\":\"Hanae Rafiq\"}]},{\"@type\":\"WebSite\",\"@id\":\"https:\\\/\\\/blacktigers-sports.com\\\/#website\",\"url\":\"https:\\\/\\\/blacktigers-sports.com\\\/\",\"name\":\"BLACK TIGERS\",\"description\":\"Monde Sportif\",\"potentialAction\":[{\"@type\":\"SearchAction\",\"target\":{\"@type\":\"EntryPoint\",\"urlTemplate\":\"https:\\\/\\\/blacktigers-sports.com\\\/?s={search_term_string}\"},\"query-input\":{\"@type\":\"PropertyValueSpecification\",\"valueRequired\":true,\"valueName\":\"search_term_string\"}}],\"inLanguage\":\"fr-FR\"}]}<\/script>\n<!-- \/ Yoast SEO plugin. -->","yoast_head_json":{"title":"Hanae Rafiq - BLACK TIGERS","robots":{"index":"index","follow":"follow","max-snippet":"max-snippet:-1","max-image-preview":"max-image-preview:large","max-video-preview":"max-video-preview:-1"},"canonical":"https:\/\/blacktigers-sports.com\/index.php\/club\/athletes\/champions-du-club\/hanae-rafiq\/","og_locale":"fr_FR","og_type":"article","og_title":"Hanae Rafiq - BLACK TIGERS","og_description":"Hanae Rafiq Instagram Date de naissance : 11\/02\/1996Poids : 49 kgTaille : 163 cmCeinture : Noire 1\u00e8re DanPalmar\u00e8s :2019: 2eme place championnat national de taekwondo poomsea2014 : 3eme place \u00e0 la coupe de l\u2019ambassadeur de la r\u00e9publique de Cor\u00e9e2013 : 3eme place coupe du tr\u00f4ne poids (46kg)2013 : Dipl\u00f4me ceinture noire 1er dan2012 : 3eme [&hellip;]","og_url":"https:\/\/blacktigers-sports.com\/index.php\/club\/athletes\/champions-du-club\/hanae-rafiq\/","og_site_name":"BLACK TIGERS","article_modified_time":"2020-05-08T07:09:40+00:00","og_image":[{"url":"https:\/\/blacktigers-sports.com\/wp-content\/uploads\/2020\/04\/WhatsApp-Image-2020-04-08-at-19.57.49.jpg","type":"","width":"","height":""}],"twitter_card":"summary_large_image","twitter_misc":{"Dur\u00e9e de lecture estim\u00e9e":"1 minute"},"schema":{"@context":"https:\/\/schema.org","@graph":[{"@type":"WebPage","@id":"https:\/\/blacktigers-sports.com\/index.php\/club\/athletes\/champions-du-club\/hanae-rafiq\/","url":"https:\/\/blacktigers-sports.com\/index.php\/club\/athletes\/champions-du-club\/hanae-rafiq\/","name":"Hanae Rafiq - BLACK TIGERS","isPartOf":{"@id":"https:\/\/blacktigers-sports.com\/#website"},"primaryImageOfPage":{"@id":"https:\/\/blacktigers-sports.com\/index.php\/club\/athletes\/champions-du-club\/hanae-rafiq\/#primaryimage"},"image":{"@id":"https:\/\/blacktigers-sports.com\/index.php\/club\/athletes\/champions-du-club\/hanae-rafiq\/#primaryimage"},"thumbnailUrl":"https:\/\/blacktigers-sports.com\/wp-content\/uploads\/2020\/04\/WhatsApp-Image-2020-04-08-at-19.57.49.jpg","datePublished":"2020-04-14T16:56:13+00:00","dateModified":"2020-05-08T07:09:40+00:00","breadcrumb":{"@id":"https:\/\/blacktigers-sports.com\/index.php\/club\/athletes\/champions-du-club\/hanae-rafiq\/#breadcrumb"},"inLanguage":"fr-FR","potentialAction":[{"@type":"ReadAction","target":["https:\/\/blacktigers-sports.com\/index.php\/club\/athletes\/champions-du-club\/hanae-rafiq\/"]}]},{"@type":"ImageObject","inLanguage":"fr-FR","@id":"https:\/\/blacktigers-sports.com\/index.php\/club\/athletes\/champions-du-club\/hanae-rafiq\/#primaryimage","url":"https:\/\/blacktigers-sports.com\/wp-content\/uploads\/2020\/04\/WhatsApp-Image-2020-04-08-at-19.57.49.jpg","contentUrl":"https:\/\/blacktigers-sports.com\/wp-content\/uploads\/2020\/04\/WhatsApp-Image-2020-04-08-at-19.57.49.jpg","width":748,"height":748},{"@type":"BreadcrumbList","@id":"https:\/\/blacktigers-sports.com\/index.php\/club\/athletes\/champions-du-club\/hanae-rafiq\/#breadcrumb","itemListElement":[{"@type":"ListItem","position":1,"name":"Accueil","item":"https:\/\/blacktigers-sports.com\/"},{"@type":"ListItem","position":2,"name":"Club","item":"https:\/\/blacktigers-sports.com\/index.php\/club\/"},{"@type":"ListItem","position":3,"name":"Athl\u00e8tes","item":"https:\/\/blacktigers-sports.com\/index.php\/club\/athletes\/"},{"@type":"ListItem","position":4,"name":"Champions du club","item":"https:\/\/blacktigers-sports.com\/index.php\/club\/athletes\/champions-du-club\/"},{"@type":"ListItem","position":5,"name":"Hanae Rafiq"}]},{"@type":"WebSite","@id":"https:\/\/blacktigers-sports.com\/#website","url":"https:\/\/blacktigers-sports.com\/","name":"BLACK TIGERS","description":"Monde Sportif","potentialAction":[{"@type":"SearchAction","target":{"@type":"EntryPoint","urlTemplate":"https:\/\/blacktigers-sports.com\/?s={search_term_string}"},"query-input":{"@type":"PropertyValueSpecification","valueRequired":true,"valueName":"search_term_string"}}],"inLanguage":"fr-FR"}]}},"rttpg_featured_image_url":null,"rttpg_author":{"display_name":"Chkarat Mehdi","author_link":"https:\/\/blacktigers-sports.com\/index.php\/author\/admin6903\/"},"rttpg_comment":0,"rttpg_category":null,"rttpg_excerpt":"Hanae Rafiq Instagram Date de naissance : 11\/02\/1996Poids : 49 kgTaille : 163 cmCeinture : Noire 1\u00e8re DanPalmar\u00e8s :2019: 2eme place championnat national de taekwondo poomsea2014 : 3eme place \u00e0 la coupe de l\u2019ambassadeur de la r\u00e9publique de Cor\u00e9e2013 : 3eme place coupe du tr\u00f4ne poids (46kg)2013 : Dipl\u00f4me ceinture noire 1er dan2012 : 3eme\u2026","_links":{"self":[{"href":"https:\/\/blacktigers-sports.com\/index.php\/wp-json\/wp\/v2\/pages\/3299","targetHints":{"allow":["GET"]}}],"collection":[{"href":"https:\/\/blacktigers-sports.com\/index.php\/wp-json\/wp\/v2\/pages"}],"about":[{"href":"https:\/\/blacktigers-sports.com\/index.php\/wp-json\/wp\/v2\/types\/page"}],"author":[{"embeddable":true,"href":"https:\/\/blacktigers-sports.com\/index.php\/wp-json\/wp\/v2\/users\/1"}],"replies":[{"embeddable":true,"href":"https:\/\/blacktigers-sports.com\/index.php\/wp-json\/wp\/v2\/comments?post=3299"}],"version-history":[{"count":4,"href":"https:\/\/blacktigers-sports.com\/index.php\/wp-json\/wp\/v2\/pages\/3299\/revisions"}],"predecessor-version":[{"id":3306,"href":"https:\/\/blacktigers-sports.com\/index.php\/wp-json\/wp\/v2\/pages\/3299\/revisions\/3306"}],"up":[{"embeddable":true,"href":"https:\/\/blacktigers-sports.com\/index.php\/wp-json\/wp\/v2\/pages\/3423"}],"wp:attachment":[{"href":"https:\/\/blacktigers-sports.com\/index.php\/wp-json\/wp\/v2\/media?parent=3299"}],"curies":[{"name":"wp","href":"https:\/\/api.w.org\/{rel}","templated":true}]}}