{"id":3225,"date":"2020-04-13T04:44:21","date_gmt":"2020-04-13T04:44:21","guid":{"rendered":"https:\/\/blacktigers-sports.com\/?page_id=3225"},"modified":"2020-10-05T19:37:00","modified_gmt":"2020-10-05T19:37:00","slug":"tarifs","status":"publish","type":"page","link":"https:\/\/blacktigers-sports.com\/index.php\/club\/tarifs\/","title":{"rendered":"Tarifs"},"content":{"rendered":"\t\t<div data-elementor-type=\"wp-page\" data-elementor-id=\"3225\" class=\"elementor elementor-3225\">\n\t\t\t\t\t\t<section class=\"elementor-section elementor-top-section elementor-element elementor-element-e3ecb0e elementor-section-stretched elementor-section-boxed elementor-section-height-default elementor-section-height-default\" data-id=\"e3ecb0e\" data-element_type=\"section\" data-e-type=\"section\" data-settings=\"{&quot;stretch_section&quot;:&quot;section-stretched&quot;,&quot;background_background&quot;:&quot;classic&quot;}\">\n\t\t\t\t\t\t\t<div class=\"elementor-background-overlay\"><\/div>\n\t\t\t\t\t\t\t<div class=\"elementor-container elementor-column-gap-default\">\n\t\t\t\t\t<div class=\"elementor-column elementor-col-25 elementor-top-column elementor-element elementor-element-5a13976\" data-id=\"5a13976\" data-element_type=\"column\" data-e-type=\"column\">\n\t\t\t<div class=\"elementor-widget-wrap\">\n\t\t\t\t\t\t\t<\/div>\n\t\t<\/div>\n\t\t\t\t<div class=\"elementor-column elementor-col-50 elementor-top-column elementor-element elementor-element-2600613\" data-id=\"2600613\" data-element_type=\"column\" data-e-type=\"column\">\n\t\t\t<div class=\"elementor-widget-wrap elementor-element-populated\">\n\t\t\t\t\t\t<div class=\"elementor-element elementor-element-98f1537 elementor-invisible elementor-widget elementor-widget-text-editor\" data-id=\"98f1537\" data-element_type=\"widget\" data-e-type=\"widget\" data-settings=\"{&quot;_animation&quot;:&quot;zoomIn&quot;}\" data-widget_type=\"text-editor.default\">\n\t\t\t\t<div class=\"elementor-widget-container\">\n\t\t\t\t\t\t\t\t\t<p>Pour une cotisation mensuelle de <span style=\"text-decoration: underline\"><strong>150 dh<\/strong><\/span>&nbsp;vous avez acc\u00e8s<span style=\"font-family: Roboto, sans-serif;font-size: 14px;font-style: normal;font-weight: 400\">, au sein de nos&nbsp;<\/span><span style=\"font-family: Roboto, sans-serif;font-size: 14px;font-style: normal;font-weight: bold\">deux clubs,&nbsp;<\/span><span style=\"font-size: 14px\">\u00e0 l&rsquo;une des disciplines sportives suivantes<\/span><span style=\"font-size: 14px\">&nbsp;:<\/span><\/p>\n<ul>\n<li>Taekwondo<\/li>\n<li>Full contact<\/li>\n<li>Kick boxing<\/li>\n<li>Boxe<\/li>\n<li>A\u00e9robic<\/li>\n<li>Danse<\/li>\n<li>Fitness<\/li>\n<\/ul>\n<p>Venez vous inscrire et devenez un<strong> membre de notre famille<\/strong> !<\/p>\t\t\t\t\t\t\t\t<\/div>\n\t\t\t\t<\/div>\n\t\t\t\t\t<\/div>\n\t\t<\/div>\n\t\t\t\t<div class=\"elementor-column elementor-col-25 elementor-top-column elementor-element elementor-element-058f98f\" data-id=\"058f98f\" data-element_type=\"column\" data-e-type=\"column\">\n\t\t\t<div class=\"elementor-widget-wrap\">\n\t\t\t\t\t\t\t<\/div>\n\t\t<\/div>\n\t\t\t\t\t<\/div>\n\t\t<\/section>\n\t\t\t\t<\/div>\n\t\t","protected":false},"excerpt":{"rendered":"<p>Pour une cotisation mensuelle de 150 dh&nbsp;vous avez acc\u00e8s, au sein de nos&nbsp;deux clubs,&nbsp;\u00e0 l&rsquo;une des disciplines sportives suivantes&nbsp;: Taekwondo Full contact Kick boxing Boxe A\u00e9robic Danse Fitness Venez vous inscrire et devenez un membre de notre famille !<\/p>\n","protected":false},"author":1,"featured_media":0,"parent":2818,"menu_order":0,"comment_status":"closed","ping_status":"closed","template":"elementor_header_footer","meta":{"_exactmetrics_skip_tracking":false,"_exactmetrics_sitenote_active":false,"_exactmetrics_sitenote_note":"","_exactmetrics_sitenote_category":0,"footnotes":""},"class_list":["post-3225","page","type-page","status-publish","hentry","entry"],"yoast_head":"<!-- This site is optimized with the Yoast SEO plugin v27.4 - https:\/\/yoast.com\/product\/yoast-seo-wordpress\/ -->\n<title>Tarifs - BLACK TIGERS<\/title>\n<meta name=\"robots\" content=\"index, follow, max-snippet:-1, max-image-preview:large, max-video-preview:-1\" \/>\n<link rel=\"canonical\" href=\"https:\/\/blacktigers-sports.com\/index.php\/club\/tarifs\/\" \/>\n<meta property=\"og:locale\" content=\"fr_FR\" \/>\n<meta property=\"og:type\" content=\"article\" \/>\n<meta property=\"og:title\" content=\"Tarifs - BLACK TIGERS\" \/>\n<meta property=\"og:description\" content=\"Pour une cotisation mensuelle de 150 dh&nbsp;vous avez acc\u00e8s, au sein de nos&nbsp;deux clubs,&nbsp;\u00e0 l&rsquo;une des disciplines sportives suivantes&nbsp;: Taekwondo Full contact Kick boxing Boxe A\u00e9robic Danse Fitness Venez vous inscrire et devenez un membre de notre famille !\" \/>\n<meta property=\"og:url\" content=\"https:\/\/blacktigers-sports.com\/index.php\/club\/tarifs\/\" \/>\n<meta property=\"og:site_name\" content=\"BLACK TIGERS\" \/>\n<meta property=\"article:modified_time\" content=\"2020-10-05T19:37:00+00:00\" \/>\n<meta name=\"twitter:card\" content=\"summary_large_image\" \/>\n<script type=\"application\/ld+json\" class=\"yoast-schema-graph\">{\"@context\":\"https:\\\/\\\/schema.org\",\"@graph\":[{\"@type\":\"WebPage\",\"@id\":\"https:\\\/\\\/blacktigers-sports.com\\\/index.php\\\/club\\\/tarifs\\\/\",\"url\":\"https:\\\/\\\/blacktigers-sports.com\\\/index.php\\\/club\\\/tarifs\\\/\",\"name\":\"Tarifs - BLACK TIGERS\",\"isPartOf\":{\"@id\":\"https:\\\/\\\/blacktigers-sports.com\\\/#website\"},\"datePublished\":\"2020-04-13T04:44:21+00:00\",\"dateModified\":\"2020-10-05T19:37:00+00:00\",\"breadcrumb\":{\"@id\":\"https:\\\/\\\/blacktigers-sports.com\\\/index.php\\\/club\\\/tarifs\\\/#breadcrumb\"},\"inLanguage\":\"fr-FR\",\"potentialAction\":[{\"@type\":\"ReadAction\",\"target\":[\"https:\\\/\\\/blacktigers-sports.com\\\/index.php\\\/club\\\/tarifs\\\/\"]}]},{\"@type\":\"BreadcrumbList\",\"@id\":\"https:\\\/\\\/blacktigers-sports.com\\\/index.php\\\/club\\\/tarifs\\\/#breadcrumb\",\"itemListElement\":[{\"@type\":\"ListItem\",\"position\":1,\"name\":\"Accueil\",\"item\":\"https:\\\/\\\/blacktigers-sports.com\\\/\"},{\"@type\":\"ListItem\",\"position\":2,\"name\":\"Club\",\"item\":\"https:\\\/\\\/blacktigers-sports.com\\\/index.php\\\/club\\\/\"},{\"@type\":\"ListItem\",\"position\":3,\"name\":\"Tarifs\"}]},{\"@type\":\"WebSite\",\"@id\":\"https:\\\/\\\/blacktigers-sports.com\\\/#website\",\"url\":\"https:\\\/\\\/blacktigers-sports.com\\\/\",\"name\":\"BLACK TIGERS\",\"description\":\"Monde Sportif\",\"potentialAction\":[{\"@type\":\"SearchAction\",\"target\":{\"@type\":\"EntryPoint\",\"urlTemplate\":\"https:\\\/\\\/blacktigers-sports.com\\\/?s={search_term_string}\"},\"query-input\":{\"@type\":\"PropertyValueSpecification\",\"valueRequired\":true,\"valueName\":\"search_term_string\"}}],\"inLanguage\":\"fr-FR\"}]}<\/script>\n<!-- \/ Yoast SEO plugin. -->","yoast_head_json":{"title":"Tarifs - BLACK TIGERS","robots":{"index":"index","follow":"follow","max-snippet":"max-snippet:-1","max-image-preview":"max-image-preview:large","max-video-preview":"max-video-preview:-1"},"canonical":"https:\/\/blacktigers-sports.com\/index.php\/club\/tarifs\/","og_locale":"fr_FR","og_type":"article","og_title":"Tarifs - BLACK TIGERS","og_description":"Pour une cotisation mensuelle de 150 dh&nbsp;vous avez acc\u00e8s, au sein de nos&nbsp;deux clubs,&nbsp;\u00e0 l&rsquo;une des disciplines sportives suivantes&nbsp;: Taekwondo Full contact Kick boxing Boxe A\u00e9robic Danse Fitness Venez vous inscrire et devenez un membre de notre famille !","og_url":"https:\/\/blacktigers-sports.com\/index.php\/club\/tarifs\/","og_site_name":"BLACK TIGERS","article_modified_time":"2020-10-05T19:37:00+00:00","twitter_card":"summary_large_image","schema":{"@context":"https:\/\/schema.org","@graph":[{"@type":"WebPage","@id":"https:\/\/blacktigers-sports.com\/index.php\/club\/tarifs\/","url":"https:\/\/blacktigers-sports.com\/index.php\/club\/tarifs\/","name":"Tarifs - BLACK TIGERS","isPartOf":{"@id":"https:\/\/blacktigers-sports.com\/#website"},"datePublished":"2020-04-13T04:44:21+00:00","dateModified":"2020-10-05T19:37:00+00:00","breadcrumb":{"@id":"https:\/\/blacktigers-sports.com\/index.php\/club\/tarifs\/#breadcrumb"},"inLanguage":"fr-FR","potentialAction":[{"@type":"ReadAction","target":["https:\/\/blacktigers-sports.com\/index.php\/club\/tarifs\/"]}]},{"@type":"BreadcrumbList","@id":"https:\/\/blacktigers-sports.com\/index.php\/club\/tarifs\/#breadcrumb","itemListElement":[{"@type":"ListItem","position":1,"name":"Accueil","item":"https:\/\/blacktigers-sports.com\/"},{"@type":"ListItem","position":2,"name":"Club","item":"https:\/\/blacktigers-sports.com\/index.php\/club\/"},{"@type":"ListItem","position":3,"name":"Tarifs"}]},{"@type":"WebSite","@id":"https:\/\/blacktigers-sports.com\/#website","url":"https:\/\/blacktigers-sports.com\/","name":"BLACK TIGERS","description":"Monde Sportif","potentialAction":[{"@type":"SearchAction","target":{"@type":"EntryPoint","urlTemplate":"https:\/\/blacktigers-sports.com\/?s={search_term_string}"},"query-input":{"@type":"PropertyValueSpecification","valueRequired":true,"valueName":"search_term_string"}}],"inLanguage":"fr-FR"}]}},"rttpg_featured_image_url":null,"rttpg_author":{"display_name":"Chkarat Mehdi","author_link":"https:\/\/blacktigers-sports.com\/index.php\/author\/admin6903\/"},"rttpg_comment":0,"rttpg_category":null,"rttpg_excerpt":"Pour une cotisation mensuelle de 150 dh&nbsp;vous avez acc\u00e8s, au sein de nos&nbsp;deux clubs,&nbsp;\u00e0 l&rsquo;une des disciplines sportives suivantes&nbsp;: Taekwondo Full contact Kick boxing Boxe A\u00e9robic Danse Fitness Venez vous inscrire et devenez un membre de notre famille !","_links":{"self":[{"href":"https:\/\/blacktigers-sports.com\/index.php\/wp-json\/wp\/v2\/pages\/3225","targetHints":{"allow":["GET"]}}],"collection":[{"href":"https:\/\/blacktigers-sports.com\/index.php\/wp-json\/wp\/v2\/pages"}],"about":[{"href":"https:\/\/blacktigers-sports.com\/index.php\/wp-json\/wp\/v2\/types\/page"}],"author":[{"embeddable":true,"href":"https:\/\/blacktigers-sports.com\/index.php\/wp-json\/wp\/v2\/users\/1"}],"replies":[{"embeddable":true,"href":"https:\/\/blacktigers-sports.com\/index.php\/wp-json\/wp\/v2\/comments?post=3225"}],"version-history":[{"count":16,"href":"https:\/\/blacktigers-sports.com\/index.php\/wp-json\/wp\/v2\/pages\/3225\/revisions"}],"predecessor-version":[{"id":3590,"href":"https:\/\/blacktigers-sports.com\/index.php\/wp-json\/wp\/v2\/pages\/3225\/revisions\/3590"}],"up":[{"embeddable":true,"href":"https:\/\/blacktigers-sports.com\/index.php\/wp-json\/wp\/v2\/pages\/2818"}],"wp:attachment":[{"href":"https:\/\/blacktigers-sports.com\/index.php\/wp-json\/wp\/v2\/media?parent=3225"}],"curies":[{"name":"wp","href":"https:\/\/api.w.org\/{rel}","templated":true}]}}