{"id":2922,"date":"2020-04-10T19:59:00","date_gmt":"2020-04-10T19:59:00","guid":{"rendered":"https:\/\/blacktigers-sports.com\/?page_id=2922"},"modified":"2020-05-08T07:26:54","modified_gmt":"2020-05-08T07:26:54","slug":"valeurs","status":"publish","type":"page","link":"https:\/\/blacktigers-sports.com\/index.php\/club\/valeurs\/","title":{"rendered":"Valeurs"},"content":{"rendered":"\t\t<div data-elementor-type=\"wp-page\" data-elementor-id=\"2922\" class=\"elementor elementor-2922\">\n\t\t\t\t\t\t<section class=\"elementor-section elementor-top-section elementor-element elementor-element-020b560 elementor-section-boxed elementor-section-height-default elementor-section-height-default\" data-id=\"020b560\" data-element_type=\"section\" data-e-type=\"section\">\n\t\t\t\t\t\t<div class=\"elementor-container elementor-column-gap-default\">\n\t\t\t\t\t<div class=\"elementor-column elementor-col-100 elementor-top-column elementor-element elementor-element-464fd6c\" data-id=\"464fd6c\" data-element_type=\"column\" data-e-type=\"column\">\n\t\t\t<div class=\"elementor-widget-wrap elementor-element-populated\">\n\t\t\t\t\t\t<section class=\"elementor-section elementor-inner-section elementor-element elementor-element-a1f45bc elementor-section-boxed elementor-section-height-default elementor-section-height-default\" data-id=\"a1f45bc\" data-element_type=\"section\" data-e-type=\"section\">\n\t\t\t\t\t\t<div class=\"elementor-container elementor-column-gap-default\">\n\t\t\t\t\t<div class=\"elementor-column elementor-col-33 elementor-inner-column elementor-element elementor-element-80ca84c\" data-id=\"80ca84c\" data-element_type=\"column\" data-e-type=\"column\">\n\t\t\t<div class=\"elementor-widget-wrap\">\n\t\t\t\t\t\t\t<\/div>\n\t\t<\/div>\n\t\t\t\t<div class=\"elementor-column elementor-col-33 elementor-inner-column elementor-element elementor-element-d26eb4b\" data-id=\"d26eb4b\" data-element_type=\"column\" data-e-type=\"column\">\n\t\t\t<div class=\"elementor-widget-wrap elementor-element-populated\">\n\t\t\t\t\t\t<div class=\"elementor-element elementor-element-1bb49a7 elementor-widget elementor-widget-heading\" data-id=\"1bb49a7\" data-element_type=\"widget\" data-e-type=\"widget\" data-widget_type=\"heading.default\">\n\t\t\t\t<div class=\"elementor-widget-container\">\n\t\t\t\t\t<h2 class=\"elementor-heading-title elementor-size-default\">Valeurs du club<\/h2>\t\t\t\t<\/div>\n\t\t\t\t<\/div>\n\t\t\t\t\t<\/div>\n\t\t<\/div>\n\t\t\t\t<div class=\"elementor-column elementor-col-33 elementor-inner-column elementor-element elementor-element-6f7ff29\" data-id=\"6f7ff29\" data-element_type=\"column\" data-e-type=\"column\">\n\t\t\t<div class=\"elementor-widget-wrap\">\n\t\t\t\t\t\t\t<\/div>\n\t\t<\/div>\n\t\t\t\t\t<\/div>\n\t\t<\/section>\n\t\t\t\t<section class=\"elementor-section elementor-inner-section elementor-element elementor-element-a17e21e elementor-section-boxed elementor-section-height-default elementor-section-height-default\" data-id=\"a17e21e\" data-element_type=\"section\" data-e-type=\"section\">\n\t\t\t\t\t\t<div class=\"elementor-container elementor-column-gap-default\">\n\t\t\t\t\t<div class=\"elementor-column elementor-col-33 elementor-inner-column elementor-element elementor-element-d7a6c5f\" data-id=\"d7a6c5f\" data-element_type=\"column\" data-e-type=\"column\">\n\t\t\t<div class=\"elementor-widget-wrap elementor-element-populated\">\n\t\t\t\t\t\t<div class=\"elementor-element elementor-element-6a45ca3 elementor-widget-divider--view-line_text elementor-widget-divider--element-align-center elementor-widget elementor-widget-divider\" data-id=\"6a45ca3\" data-element_type=\"widget\" data-e-type=\"widget\" data-widget_type=\"divider.default\">\n\t\t\t\t<div class=\"elementor-widget-container\">\n\t\t\t\t\t\t\t<div class=\"elementor-divider\">\n\t\t\t<span class=\"elementor-divider-separator\">\n\t\t\t\t\t\t\t<span class=\"elementor-divider__text elementor-divider__element\">\n\t\t\t\tRespect\t\t\t\t<\/span>\n\t\t\t\t\t\t<\/span>\n\t\t<\/div>\n\t\t\t\t\t\t<\/div>\n\t\t\t\t<\/div>\n\t\t\t\t<div class=\"elementor-element elementor-element-d8ddd0c elementor-widget elementor-widget-text-editor\" data-id=\"d8ddd0c\" data-element_type=\"widget\" data-e-type=\"widget\" data-widget_type=\"text-editor.default\">\n\t\t\t\t<div class=\"elementor-widget-container\">\n\t\t\t\t\t\t\t\t\tSe respecter soi-m\u00eame, ses parents, son coach, ses camarades et son entourage.\t\t\t\t\t\t\t\t<\/div>\n\t\t\t\t<\/div>\n\t\t\t\t\t<\/div>\n\t\t<\/div>\n\t\t\t\t<div class=\"elementor-column elementor-col-33 elementor-inner-column elementor-element elementor-element-1e254f5\" data-id=\"1e254f5\" data-element_type=\"column\" data-e-type=\"column\">\n\t\t\t<div class=\"elementor-widget-wrap elementor-element-populated\">\n\t\t\t\t\t\t<div class=\"elementor-element elementor-element-c422a20 elementor-widget-divider--view-line_text elementor-widget-divider--element-align-center elementor-widget elementor-widget-divider\" data-id=\"c422a20\" data-element_type=\"widget\" data-e-type=\"widget\" data-widget_type=\"divider.default\">\n\t\t\t\t<div class=\"elementor-widget-container\">\n\t\t\t\t\t\t\t<div class=\"elementor-divider\">\n\t\t\t<span class=\"elementor-divider-separator\">\n\t\t\t\t\t\t\t<span class=\"elementor-divider__text elementor-divider__element\">\n\t\t\t\tPatriotisme\t\t\t\t<\/span>\n\t\t\t\t\t\t<\/span>\n\t\t<\/div>\n\t\t\t\t\t\t<\/div>\n\t\t\t\t<\/div>\n\t\t\t\t<div class=\"elementor-element elementor-element-132f1d9 elementor-widget elementor-widget-text-editor\" data-id=\"132f1d9\" data-element_type=\"widget\" data-e-type=\"widget\" data-widget_type=\"text-editor.default\">\n\t\t\t\t<div class=\"elementor-widget-container\">\n\t\t\t\t\t\t\t\t\tAimer sa patrie et se d\u00e9vouer totalement \u00e0 cette derni\u00e8re ainsi qu&rsquo;honorer son drapeau \u00e0 l\u2019\u00e9chelle internationale.\t\t\t\t\t\t\t\t<\/div>\n\t\t\t\t<\/div>\n\t\t\t\t\t<\/div>\n\t\t<\/div>\n\t\t\t\t<div class=\"elementor-column elementor-col-33 elementor-inner-column elementor-element elementor-element-34ca71c\" data-id=\"34ca71c\" data-element_type=\"column\" data-e-type=\"column\">\n\t\t\t<div class=\"elementor-widget-wrap elementor-element-populated\">\n\t\t\t\t\t\t<div class=\"elementor-element elementor-element-b3dd232 elementor-widget-divider--view-line_text elementor-widget-divider--element-align-center elementor-widget elementor-widget-divider\" data-id=\"b3dd232\" data-element_type=\"widget\" data-e-type=\"widget\" data-widget_type=\"divider.default\">\n\t\t\t\t<div class=\"elementor-widget-container\">\n\t\t\t\t\t\t\t<div class=\"elementor-divider\">\n\t\t\t<span class=\"elementor-divider-separator\">\n\t\t\t\t\t\t\t<span class=\"elementor-divider__text elementor-divider__element\">\n\t\t\t\tSolidarit\u00e9\t\t\t\t<\/span>\n\t\t\t\t\t\t<\/span>\n\t\t<\/div>\n\t\t\t\t\t\t<\/div>\n\t\t\t\t<\/div>\n\t\t\t\t<div class=\"elementor-element elementor-element-a9e79e5 elementor-widget elementor-widget-text-editor\" data-id=\"a9e79e5\" data-element_type=\"widget\" data-e-type=\"widget\" data-widget_type=\"text-editor.default\">\n\t\t\t\t<div class=\"elementor-widget-container\">\n\t\t\t\t\t\t\t\t\tLien unissant tous les membres et toutes les composantes du club et obligation morale d&rsquo;aide et d&rsquo;assistance r\u00e9ciproque.\t\t\t\t\t\t\t\t<\/div>\n\t\t\t\t<\/div>\n\t\t\t\t\t<\/div>\n\t\t<\/div>\n\t\t\t\t\t<\/div>\n\t\t<\/section>\n\t\t\t\t<section class=\"elementor-section elementor-inner-section elementor-element elementor-element-ff6e995 elementor-section-boxed elementor-section-height-default elementor-section-height-default\" data-id=\"ff6e995\" data-element_type=\"section\" data-e-type=\"section\">\n\t\t\t\t\t\t<div class=\"elementor-container elementor-column-gap-default\">\n\t\t\t\t\t<div class=\"elementor-column elementor-col-33 elementor-inner-column elementor-element elementor-element-b002499\" data-id=\"b002499\" data-element_type=\"column\" data-e-type=\"column\">\n\t\t\t<div class=\"elementor-widget-wrap elementor-element-populated\">\n\t\t\t\t\t\t<div class=\"elementor-element elementor-element-39b7f19 elementor-widget-divider--view-line_text elementor-widget-divider--element-align-center elementor-widget elementor-widget-divider\" data-id=\"39b7f19\" data-element_type=\"widget\" data-e-type=\"widget\" data-widget_type=\"divider.default\">\n\t\t\t\t<div class=\"elementor-widget-container\">\n\t\t\t\t\t\t\t<div class=\"elementor-divider\">\n\t\t\t<span class=\"elementor-divider-separator\">\n\t\t\t\t\t\t\t<span class=\"elementor-divider__text elementor-divider__element\">\n\t\t\t\tHygi\u00e8ne\t\t\t\t<\/span>\n\t\t\t\t\t\t<\/span>\n\t\t<\/div>\n\t\t\t\t\t\t<\/div>\n\t\t\t\t<\/div>\n\t\t\t\t<div class=\"elementor-element elementor-element-d66bd11 elementor-widget elementor-widget-text-editor\" data-id=\"d66bd11\" data-element_type=\"widget\" data-e-type=\"widget\" data-widget_type=\"text-editor.default\">\n\t\t\t\t<div class=\"elementor-widget-container\">\n\t\t\t\t\t\t\t\t\tPrendre toutes les mesures n\u00e9cessaires pour maintenir une bonne hygi\u00e8ne physique et mentale et ne pas polluer son environnement.\t\t\t\t\t\t\t\t<\/div>\n\t\t\t\t<\/div>\n\t\t\t\t\t<\/div>\n\t\t<\/div>\n\t\t\t\t<div class=\"elementor-column elementor-col-33 elementor-inner-column elementor-element elementor-element-7343c27\" data-id=\"7343c27\" data-element_type=\"column\" data-e-type=\"column\">\n\t\t\t<div class=\"elementor-widget-wrap elementor-element-populated\">\n\t\t\t\t\t\t<div class=\"elementor-element elementor-element-fe60505 elementor-widget-divider--view-line_text elementor-widget-divider--element-align-center elementor-widget elementor-widget-divider\" data-id=\"fe60505\" data-element_type=\"widget\" data-e-type=\"widget\" data-widget_type=\"divider.default\">\n\t\t\t\t<div class=\"elementor-widget-container\">\n\t\t\t\t\t\t\t<div class=\"elementor-divider\">\n\t\t\t<span class=\"elementor-divider-separator\">\n\t\t\t\t\t\t\t<span class=\"elementor-divider__text elementor-divider__element\">\n\t\t\t\tPlaisir\t\t\t\t<\/span>\n\t\t\t\t\t\t<\/span>\n\t\t<\/div>\n\t\t\t\t\t\t<\/div>\n\t\t\t\t<\/div>\n\t\t\t\t<div class=\"elementor-element elementor-element-e5f7d76 elementor-widget elementor-widget-text-editor\" data-id=\"e5f7d76\" data-element_type=\"widget\" data-e-type=\"widget\" data-widget_type=\"text-editor.default\">\n\t\t\t\t<div class=\"elementor-widget-container\">\n\t\t\t\t\t\t\t\t\tPrendre du plaisir et s&rsquo;amuser en pratiquant du sport ou dans la vie quotidienne.\t\t\t\t\t\t\t\t<\/div>\n\t\t\t\t<\/div>\n\t\t\t\t\t<\/div>\n\t\t<\/div>\n\t\t\t\t<div class=\"elementor-column elementor-col-33 elementor-inner-column elementor-element elementor-element-1f5ee7b\" data-id=\"1f5ee7b\" data-element_type=\"column\" data-e-type=\"column\">\n\t\t\t<div class=\"elementor-widget-wrap elementor-element-populated\">\n\t\t\t\t\t\t<div class=\"elementor-element elementor-element-a49870c elementor-widget-divider--view-line_text elementor-widget-divider--element-align-center elementor-widget elementor-widget-divider\" data-id=\"a49870c\" data-element_type=\"widget\" data-e-type=\"widget\" data-widget_type=\"divider.default\">\n\t\t\t\t<div class=\"elementor-widget-container\">\n\t\t\t\t\t\t\t<div class=\"elementor-divider\">\n\t\t\t<span class=\"elementor-divider-separator\">\n\t\t\t\t\t\t\t<span class=\"elementor-divider__text elementor-divider__element\">\n\t\t\t\tOptimisme\t\t\t\t<\/span>\n\t\t\t\t\t\t<\/span>\n\t\t<\/div>\n\t\t\t\t\t\t<\/div>\n\t\t\t\t<\/div>\n\t\t\t\t<div class=\"elementor-element elementor-element-222077c elementor-widget elementor-widget-text-editor\" data-id=\"222077c\" data-element_type=\"widget\" data-e-type=\"widget\" data-widget_type=\"text-editor.default\">\n\t\t\t\t<div class=\"elementor-widget-container\">\n\t\t\t\t\t\t\t\t\tOn vit tous des moments joie et des moments difficiles. Il faut donc percevoir les choses du bon c\u00f4t\u00e9 et ignorer leurs aspects f\u00e2cheux.\t\t\t\t\t\t\t\t<\/div>\n\t\t\t\t<\/div>\n\t\t\t\t\t<\/div>\n\t\t<\/div>\n\t\t\t\t\t<\/div>\n\t\t<\/section>\n\t\t\t\t<section class=\"elementor-section elementor-inner-section elementor-element elementor-element-f4a490a elementor-section-boxed elementor-section-height-default elementor-section-height-default\" data-id=\"f4a490a\" data-element_type=\"section\" data-e-type=\"section\">\n\t\t\t\t\t\t<div class=\"elementor-container elementor-column-gap-default\">\n\t\t\t\t\t<div class=\"elementor-column elementor-col-33 elementor-inner-column elementor-element elementor-element-f60cd8b\" data-id=\"f60cd8b\" data-element_type=\"column\" data-e-type=\"column\">\n\t\t\t<div class=\"elementor-widget-wrap elementor-element-populated\">\n\t\t\t\t\t\t<div class=\"elementor-element elementor-element-c0bc6d6 elementor-widget-divider--view-line_text elementor-widget-divider--element-align-center elementor-widget elementor-widget-divider\" data-id=\"c0bc6d6\" data-element_type=\"widget\" data-e-type=\"widget\" data-widget_type=\"divider.default\">\n\t\t\t\t<div class=\"elementor-widget-container\">\n\t\t\t\t\t\t\t<div class=\"elementor-divider\">\n\t\t\t<span class=\"elementor-divider-separator\">\n\t\t\t\t\t\t\t<span class=\"elementor-divider__text elementor-divider__element\">\n\t\t\t\tPers\u00e9v\u00e9rance\t\t\t\t<\/span>\n\t\t\t\t\t\t<\/span>\n\t\t<\/div>\n\t\t\t\t\t\t<\/div>\n\t\t\t\t<\/div>\n\t\t\t\t<div class=\"elementor-element elementor-element-8a54b78 elementor-widget elementor-widget-text-editor\" data-id=\"8a54b78\" data-element_type=\"widget\" data-e-type=\"widget\" data-widget_type=\"text-editor.default\">\n\t\t\t\t<div class=\"elementor-widget-container\">\n\t\t\t\t\t\t\t\t\tPers\u00e9v\u00e9rer vers l&rsquo;atteinte de ses objectifs quelles que soient les contraintes et ne jamais abandonner.\t\t\t\t\t\t\t\t<\/div>\n\t\t\t\t<\/div>\n\t\t\t\t\t<\/div>\n\t\t<\/div>\n\t\t\t\t<div class=\"elementor-column elementor-col-33 elementor-inner-column elementor-element elementor-element-9372a5c\" data-id=\"9372a5c\" data-element_type=\"column\" data-e-type=\"column\">\n\t\t\t<div class=\"elementor-widget-wrap elementor-element-populated\">\n\t\t\t\t\t\t<div class=\"elementor-element elementor-element-45f5bd5 elementor-widget-divider--view-line_text elementor-widget-divider--element-align-center elementor-widget elementor-widget-divider\" data-id=\"45f5bd5\" data-element_type=\"widget\" data-e-type=\"widget\" data-widget_type=\"divider.default\">\n\t\t\t\t<div class=\"elementor-widget-container\">\n\t\t\t\t\t\t\t<div class=\"elementor-divider\">\n\t\t\t<span class=\"elementor-divider-separator\">\n\t\t\t\t\t\t\t<span class=\"elementor-divider__text elementor-divider__element\">\n\t\t\t\tApprentissage\t\t\t\t<\/span>\n\t\t\t\t\t\t<\/span>\n\t\t<\/div>\n\t\t\t\t\t\t<\/div>\n\t\t\t\t<\/div>\n\t\t\t\t<div class=\"elementor-element elementor-element-d13ef33 elementor-widget elementor-widget-text-editor\" data-id=\"d13ef33\" data-element_type=\"widget\" data-e-type=\"widget\" data-widget_type=\"text-editor.default\">\n\t\t\t\t<div class=\"elementor-widget-container\">\n\t\t\t\t\t\t\t\t\t\u00catre ouvert \u00e0 l&rsquo;id\u00e9e d&rsquo;apprendre de nouvelles choses, quel que soit notre \u00e2ge ou notre statut social.\t\t\t\t\t\t\t\t<\/div>\n\t\t\t\t<\/div>\n\t\t\t\t\t<\/div>\n\t\t<\/div>\n\t\t\t\t<div class=\"elementor-column elementor-col-33 elementor-inner-column elementor-element elementor-element-6515629\" data-id=\"6515629\" data-element_type=\"column\" data-e-type=\"column\">\n\t\t\t<div class=\"elementor-widget-wrap elementor-element-populated\">\n\t\t\t\t\t\t<div class=\"elementor-element elementor-element-6a0b624 elementor-widget-divider--view-line_text elementor-widget-divider--element-align-center elementor-widget elementor-widget-divider\" data-id=\"6a0b624\" data-element_type=\"widget\" data-e-type=\"widget\" data-widget_type=\"divider.default\">\n\t\t\t\t<div class=\"elementor-widget-container\">\n\t\t\t\t\t\t\t<div class=\"elementor-divider\">\n\t\t\t<span class=\"elementor-divider-separator\">\n\t\t\t\t\t\t\t<span class=\"elementor-divider__text elementor-divider__element\">\n\t\t\t\tD\u00e9passement de soi\t\t\t\t<\/span>\n\t\t\t\t\t\t<\/span>\n\t\t<\/div>\n\t\t\t\t\t\t<\/div>\n\t\t\t\t<\/div>\n\t\t\t\t<div class=\"elementor-element elementor-element-2b54629 elementor-widget elementor-widget-text-editor\" data-id=\"2b54629\" data-element_type=\"widget\" data-e-type=\"widget\" data-widget_type=\"text-editor.default\">\n\t\t\t\t<div class=\"elementor-widget-container\">\n\t\t\t\t\t\t\t\t\tD\u00e9passer ses propres limites chaque jour un petit plus, quelles que soient les barri\u00e8res et \u00e9viter de se comparer aux autres.\t\t\t\t\t\t\t\t<\/div>\n\t\t\t\t<\/div>\n\t\t\t\t\t<\/div>\n\t\t<\/div>\n\t\t\t\t\t<\/div>\n\t\t<\/section>\n\t\t\t\t\t<\/div>\n\t\t<\/div>\n\t\t\t\t\t<\/div>\n\t\t<\/section>\n\t\t\t\t<\/div>\n\t\t","protected":false},"excerpt":{"rendered":"<p>Valeurs du club Respect Se respecter soi-m\u00eame, ses parents, son coach, ses camarades et son entourage. Patriotisme Aimer sa patrie et se d\u00e9vouer totalement \u00e0 cette derni\u00e8re ainsi qu&rsquo;honorer son drapeau \u00e0 l\u2019\u00e9chelle internationale. Solidarit\u00e9 Lien unissant tous les membres et toutes les composantes du club et obligation morale d&rsquo;aide et d&rsquo;assistance r\u00e9ciproque. Hygi\u00e8ne Prendre [&hellip;]<\/p>\n","protected":false},"author":1,"featured_media":0,"parent":2818,"menu_order":0,"comment_status":"closed","ping_status":"closed","template":"elementor_header_footer","meta":{"_exactmetrics_skip_tracking":false,"_exactmetrics_sitenote_active":false,"_exactmetrics_sitenote_note":"","_exactmetrics_sitenote_category":0,"footnotes":""},"class_list":["post-2922","page","type-page","status-publish","hentry","entry"],"yoast_head":"<!-- This site is optimized with the Yoast SEO plugin v27.4 - https:\/\/yoast.com\/product\/yoast-seo-wordpress\/ -->\n<title>Valeurs - BLACK TIGERS<\/title>\n<meta name=\"robots\" content=\"index, follow, max-snippet:-1, max-image-preview:large, max-video-preview:-1\" \/>\n<link rel=\"canonical\" href=\"https:\/\/blacktigers-sports.com\/index.php\/club\/valeurs\/\" \/>\n<meta property=\"og:locale\" content=\"fr_FR\" \/>\n<meta property=\"og:type\" content=\"article\" \/>\n<meta property=\"og:title\" content=\"Valeurs - BLACK TIGERS\" \/>\n<meta property=\"og:description\" content=\"Valeurs du club Respect Se respecter soi-m\u00eame, ses parents, son coach, ses camarades et son entourage. Patriotisme Aimer sa patrie et se d\u00e9vouer totalement \u00e0 cette derni\u00e8re ainsi qu&rsquo;honorer son drapeau \u00e0 l\u2019\u00e9chelle internationale. Solidarit\u00e9 Lien unissant tous les membres et toutes les composantes du club et obligation morale d&rsquo;aide et d&rsquo;assistance r\u00e9ciproque. Hygi\u00e8ne Prendre [&hellip;]\" \/>\n<meta property=\"og:url\" content=\"https:\/\/blacktigers-sports.com\/index.php\/club\/valeurs\/\" \/>\n<meta property=\"og:site_name\" content=\"BLACK TIGERS\" \/>\n<meta property=\"article:modified_time\" content=\"2020-05-08T07:26:54+00:00\" \/>\n<meta name=\"twitter:card\" content=\"summary_large_image\" \/>\n<meta name=\"twitter:label1\" content=\"Dur\u00e9e de lecture estim\u00e9e\" \/>\n\t<meta name=\"twitter:data1\" content=\"1 minute\" \/>\n<script type=\"application\/ld+json\" class=\"yoast-schema-graph\">{\"@context\":\"https:\\\/\\\/schema.org\",\"@graph\":[{\"@type\":\"WebPage\",\"@id\":\"https:\\\/\\\/blacktigers-sports.com\\\/index.php\\\/club\\\/valeurs\\\/\",\"url\":\"https:\\\/\\\/blacktigers-sports.com\\\/index.php\\\/club\\\/valeurs\\\/\",\"name\":\"Valeurs - BLACK TIGERS\",\"isPartOf\":{\"@id\":\"https:\\\/\\\/blacktigers-sports.com\\\/#website\"},\"datePublished\":\"2020-04-10T19:59:00+00:00\",\"dateModified\":\"2020-05-08T07:26:54+00:00\",\"breadcrumb\":{\"@id\":\"https:\\\/\\\/blacktigers-sports.com\\\/index.php\\\/club\\\/valeurs\\\/#breadcrumb\"},\"inLanguage\":\"fr-FR\",\"potentialAction\":[{\"@type\":\"ReadAction\",\"target\":[\"https:\\\/\\\/blacktigers-sports.com\\\/index.php\\\/club\\\/valeurs\\\/\"]}]},{\"@type\":\"BreadcrumbList\",\"@id\":\"https:\\\/\\\/blacktigers-sports.com\\\/index.php\\\/club\\\/valeurs\\\/#breadcrumb\",\"itemListElement\":[{\"@type\":\"ListItem\",\"position\":1,\"name\":\"Accueil\",\"item\":\"https:\\\/\\\/blacktigers-sports.com\\\/\"},{\"@type\":\"ListItem\",\"position\":2,\"name\":\"Club\",\"item\":\"https:\\\/\\\/blacktigers-sports.com\\\/index.php\\\/club\\\/\"},{\"@type\":\"ListItem\",\"position\":3,\"name\":\"Valeurs\"}]},{\"@type\":\"WebSite\",\"@id\":\"https:\\\/\\\/blacktigers-sports.com\\\/#website\",\"url\":\"https:\\\/\\\/blacktigers-sports.com\\\/\",\"name\":\"BLACK TIGERS\",\"description\":\"Monde Sportif\",\"potentialAction\":[{\"@type\":\"SearchAction\",\"target\":{\"@type\":\"EntryPoint\",\"urlTemplate\":\"https:\\\/\\\/blacktigers-sports.com\\\/?s={search_term_string}\"},\"query-input\":{\"@type\":\"PropertyValueSpecification\",\"valueRequired\":true,\"valueName\":\"search_term_string\"}}],\"inLanguage\":\"fr-FR\"}]}<\/script>\n<!-- \/ Yoast SEO plugin. -->","yoast_head_json":{"title":"Valeurs - BLACK TIGERS","robots":{"index":"index","follow":"follow","max-snippet":"max-snippet:-1","max-image-preview":"max-image-preview:large","max-video-preview":"max-video-preview:-1"},"canonical":"https:\/\/blacktigers-sports.com\/index.php\/club\/valeurs\/","og_locale":"fr_FR","og_type":"article","og_title":"Valeurs - BLACK TIGERS","og_description":"Valeurs du club Respect Se respecter soi-m\u00eame, ses parents, son coach, ses camarades et son entourage. Patriotisme Aimer sa patrie et se d\u00e9vouer totalement \u00e0 cette derni\u00e8re ainsi qu&rsquo;honorer son drapeau \u00e0 l\u2019\u00e9chelle internationale. Solidarit\u00e9 Lien unissant tous les membres et toutes les composantes du club et obligation morale d&rsquo;aide et d&rsquo;assistance r\u00e9ciproque. Hygi\u00e8ne Prendre [&hellip;]","og_url":"https:\/\/blacktigers-sports.com\/index.php\/club\/valeurs\/","og_site_name":"BLACK TIGERS","article_modified_time":"2020-05-08T07:26:54+00:00","twitter_card":"summary_large_image","twitter_misc":{"Dur\u00e9e de lecture estim\u00e9e":"1 minute"},"schema":{"@context":"https:\/\/schema.org","@graph":[{"@type":"WebPage","@id":"https:\/\/blacktigers-sports.com\/index.php\/club\/valeurs\/","url":"https:\/\/blacktigers-sports.com\/index.php\/club\/valeurs\/","name":"Valeurs - BLACK TIGERS","isPartOf":{"@id":"https:\/\/blacktigers-sports.com\/#website"},"datePublished":"2020-04-10T19:59:00+00:00","dateModified":"2020-05-08T07:26:54+00:00","breadcrumb":{"@id":"https:\/\/blacktigers-sports.com\/index.php\/club\/valeurs\/#breadcrumb"},"inLanguage":"fr-FR","potentialAction":[{"@type":"ReadAction","target":["https:\/\/blacktigers-sports.com\/index.php\/club\/valeurs\/"]}]},{"@type":"BreadcrumbList","@id":"https:\/\/blacktigers-sports.com\/index.php\/club\/valeurs\/#breadcrumb","itemListElement":[{"@type":"ListItem","position":1,"name":"Accueil","item":"https:\/\/blacktigers-sports.com\/"},{"@type":"ListItem","position":2,"name":"Club","item":"https:\/\/blacktigers-sports.com\/index.php\/club\/"},{"@type":"ListItem","position":3,"name":"Valeurs"}]},{"@type":"WebSite","@id":"https:\/\/blacktigers-sports.com\/#website","url":"https:\/\/blacktigers-sports.com\/","name":"BLACK TIGERS","description":"Monde Sportif","potentialAction":[{"@type":"SearchAction","target":{"@type":"EntryPoint","urlTemplate":"https:\/\/blacktigers-sports.com\/?s={search_term_string}"},"query-input":{"@type":"PropertyValueSpecification","valueRequired":true,"valueName":"search_term_string"}}],"inLanguage":"fr-FR"}]}},"rttpg_featured_image_url":null,"rttpg_author":{"display_name":"Chkarat Mehdi","author_link":"https:\/\/blacktigers-sports.com\/index.php\/author\/admin6903\/"},"rttpg_comment":0,"rttpg_category":null,"rttpg_excerpt":"Valeurs du club Respect Se respecter soi-m\u00eame, ses parents, son coach, ses camarades et son entourage. Patriotisme Aimer sa patrie et se d\u00e9vouer totalement \u00e0 cette derni\u00e8re ainsi qu&rsquo;honorer son drapeau \u00e0 l\u2019\u00e9chelle internationale. Solidarit\u00e9 Lien unissant tous les membres et toutes les composantes du club et obligation morale d&rsquo;aide et d&rsquo;assistance r\u00e9ciproque. Hygi\u00e8ne Prendre\u2026","_links":{"self":[{"href":"https:\/\/blacktigers-sports.com\/index.php\/wp-json\/wp\/v2\/pages\/2922","targetHints":{"allow":["GET"]}}],"collection":[{"href":"https:\/\/blacktigers-sports.com\/index.php\/wp-json\/wp\/v2\/pages"}],"about":[{"href":"https:\/\/blacktigers-sports.com\/index.php\/wp-json\/wp\/v2\/types\/page"}],"author":[{"embeddable":true,"href":"https:\/\/blacktigers-sports.com\/index.php\/wp-json\/wp\/v2\/users\/1"}],"replies":[{"embeddable":true,"href":"https:\/\/blacktigers-sports.com\/index.php\/wp-json\/wp\/v2\/comments?post=2922"}],"version-history":[{"count":45,"href":"https:\/\/blacktigers-sports.com\/index.php\/wp-json\/wp\/v2\/pages\/2922\/revisions"}],"predecessor-version":[{"id":3474,"href":"https:\/\/blacktigers-sports.com\/index.php\/wp-json\/wp\/v2\/pages\/2922\/revisions\/3474"}],"up":[{"embeddable":true,"href":"https:\/\/blacktigers-sports.com\/index.php\/wp-json\/wp\/v2\/pages\/2818"}],"wp:attachment":[{"href":"https:\/\/blacktigers-sports.com\/index.php\/wp-json\/wp\/v2\/media?parent=2922"}],"curies":[{"name":"wp","href":"https:\/\/api.w.org\/{rel}","templated":true}]}}