{"id":2867,"date":"2020-04-10T17:57:55","date_gmt":"2020-04-10T17:57:55","guid":{"rendered":"https:\/\/blacktigers-sports.com\/?page_id=2867"},"modified":"2020-04-10T19:48:18","modified_gmt":"2020-04-10T19:48:18","slug":"objectifs","status":"publish","type":"page","link":"https:\/\/blacktigers-sports.com\/index.php\/club\/objectifs\/","title":{"rendered":"Objectifs"},"content":{"rendered":"\t\t<div data-elementor-type=\"wp-page\" data-elementor-id=\"2867\" class=\"elementor elementor-2867\">\n\t\t\t\t\t\t<section class=\"elementor-section elementor-top-section elementor-element elementor-element-38939b6 elementor-section-stretched elementor-section-boxed elementor-section-height-default elementor-section-height-default\" data-id=\"38939b6\" data-element_type=\"section\" data-e-type=\"section\" data-settings=\"{&quot;stretch_section&quot;:&quot;section-stretched&quot;}\">\n\t\t\t\t\t\t<div class=\"elementor-container elementor-column-gap-default\">\n\t\t\t\t\t<div class=\"elementor-column elementor-col-50 elementor-top-column elementor-element elementor-element-6d4582c\" data-id=\"6d4582c\" data-element_type=\"column\" data-e-type=\"column\" data-settings=\"{&quot;background_background&quot;:&quot;classic&quot;}\">\n\t\t\t<div class=\"elementor-widget-wrap elementor-element-populated\">\n\t\t\t\t\t<div class=\"elementor-background-overlay\"><\/div>\n\t\t\t\t\t\t<div class=\"elementor-element elementor-element-5db3693 elementor-widget elementor-widget-heading\" data-id=\"5db3693\" data-element_type=\"widget\" data-e-type=\"widget\" data-widget_type=\"heading.default\">\n\t\t\t\t<div class=\"elementor-widget-container\">\n\t\t\t\t\t<h2 class=\"elementor-heading-title elementor-size-default\">Objectifs sportifs<\/h2>\t\t\t\t<\/div>\n\t\t\t\t<\/div>\n\t\t\t\t<div class=\"elementor-element elementor-element-fbbdd61 elementor-widget elementor-widget-text-editor\" data-id=\"fbbdd61\" data-element_type=\"widget\" data-e-type=\"widget\" data-widget_type=\"text-editor.default\">\n\t\t\t\t<div class=\"elementor-widget-container\">\n\t\t\t\t\t\t\t\t\t<p><span style=\"text-decoration: underline\"><strong>1- De haut niveau :<\/strong><\/span><br \/>\u2192 Participer \u00e0 davantage de comp\u00e9titions internationales pour affirmer le niveau de notre club et am\u00e9liorer le classement (Ranking) de nos athl\u00e8tes sur la sc\u00e8ne internationale<br \/>\u2192 Participer aux jeux olympiques<br \/>\u2192 D\u00e9crocher la premi\u00e8re m\u00e9daille Marocaine aux jeux olympiques (en Taekwondo)<\/p><p><span style=\"text-decoration: underline\"><strong>2- De masse :<\/strong><\/span><br \/>\u2192 \u00c9largir la base des pratiquants<br \/>\u2192 Augmenter le nombre de licenci\u00e9s<br \/>\u2192 Aider \u00e0 la construction de \u201ccorps sportifs\u201d pour aider les gens \u00e0 \u00eatre plus productifs dans la vie quotidienne (personnelle et professionnelle ou estudiantine)<\/p>\t\t\t\t\t\t\t\t<\/div>\n\t\t\t\t<\/div>\n\t\t\t\t\t<\/div>\n\t\t<\/div>\n\t\t\t\t<div class=\"elementor-column elementor-col-50 elementor-top-column elementor-element elementor-element-05f24e6\" data-id=\"05f24e6\" data-element_type=\"column\" data-e-type=\"column\" data-settings=\"{&quot;background_background&quot;:&quot;classic&quot;}\">\n\t\t\t<div class=\"elementor-widget-wrap elementor-element-populated\">\n\t\t\t\t\t<div class=\"elementor-background-overlay\"><\/div>\n\t\t\t\t\t\t<div class=\"elementor-element elementor-element-3615213 elementor-widget elementor-widget-heading\" data-id=\"3615213\" data-element_type=\"widget\" data-e-type=\"widget\" data-widget_type=\"heading.default\">\n\t\t\t\t<div class=\"elementor-widget-container\">\n\t\t\t\t\t<h2 class=\"elementor-heading-title elementor-size-default\">Objectifs humanitaires (Sociaux et environnementaux)<\/h2>\t\t\t\t<\/div>\n\t\t\t\t<\/div>\n\t\t\t\t<div class=\"elementor-element elementor-element-acf3b13 elementor-widget elementor-widget-text-editor\" data-id=\"acf3b13\" data-element_type=\"widget\" data-e-type=\"widget\" data-widget_type=\"text-editor.default\">\n\t\t\t\t<div class=\"elementor-widget-container\">\n\t\t\t\t\t\t\t\t\t<p>\u2192 Accueillir les personnes \u00e0 besoins sp\u00e9cifiques<br \/>\u2192 Int\u00e9grer la femme dans le sport<br \/>\u2192 Combattre l\u2019exclusion sociale<br \/>\u2192 \u00c9duquer les jeunes et former des g\u00e9n\u00e9rations 100% saines (un esprit sain dans un corps sain)<br \/>\u2192 Optimiser le rapport sport\/\u00e9tudes<br \/>\u2192 Combattre les stup\u00e9fiants, drogues, tabac et les substances dopantes<br \/>\u2192 Encourager les sportifs \u00e0 adopter une alimentation saine et responsable (bio)<br \/>\u2192 Inculquer aux jeunes le sens de la responsabilit\u00e9 environnementale<br \/>* Jeter les d\u00e9chets dans la corbeille<br \/>* Gaspiller moins d\u2019eau aux douches<br \/>\u2192 Combattre la s\u00e9dentarit\u00e9<br \/>\u2192 Offrir des outils de travail dans le secteur sportif (entra\u00eenement, arbitrage\u2026) \u00e0 travers des formations et certifications<br \/>\u2192 Apprendre aux jeunes le respect des for\u00eats et de la nature lors des randonn\u00e9es et sorties<br \/>\u2192 \u00c9duquer les g\u00e9n\u00e9rations actuelles et futures \u00e0 diminuer la production de gaz \u00e0 effet de serre<br \/>* Utiliser les transports en commun pour les grandes distances (d\u00e9placement pour comp\u00e9tition)<br \/>* Pr\u00e9f\u00e9rer la marche et le v\u00e9lo plut\u00f4t que les v\u00e9hicules (voitures, taxis\u2026etc) pour les petites et moyennes distance<\/p>\t\t\t\t\t\t\t\t<\/div>\n\t\t\t\t<\/div>\n\t\t\t\t\t<\/div>\n\t\t<\/div>\n\t\t\t\t\t<\/div>\n\t\t<\/section>\n\t\t\t\t<\/div>\n\t\t","protected":false},"excerpt":{"rendered":"<p>Objectifs sportifs 1- De haut niveau :\u2192 Participer \u00e0 davantage de comp\u00e9titions internationales pour affirmer le niveau de notre club et am\u00e9liorer le classement (Ranking) de nos athl\u00e8tes sur la sc\u00e8ne internationale\u2192 Participer aux jeux olympiques\u2192 D\u00e9crocher la premi\u00e8re m\u00e9daille Marocaine aux jeux olympiques (en Taekwondo) 2- De masse :\u2192 \u00c9largir la base des pratiquants\u2192 [&hellip;]<\/p>\n","protected":false},"author":1,"featured_media":0,"parent":2818,"menu_order":0,"comment_status":"closed","ping_status":"closed","template":"","meta":{"_exactmetrics_skip_tracking":false,"_exactmetrics_sitenote_active":false,"_exactmetrics_sitenote_note":"","_exactmetrics_sitenote_category":0,"footnotes":""},"class_list":["post-2867","page","type-page","status-publish","hentry","entry"],"yoast_head":"<!-- This site is optimized with the Yoast SEO plugin v27.4 - https:\/\/yoast.com\/product\/yoast-seo-wordpress\/ -->\n<title>Objectifs - BLACK TIGERS<\/title>\n<meta name=\"robots\" content=\"index, follow, max-snippet:-1, max-image-preview:large, max-video-preview:-1\" \/>\n<link rel=\"canonical\" href=\"https:\/\/blacktigers-sports.com\/index.php\/club\/objectifs\/\" \/>\n<meta property=\"og:locale\" content=\"fr_FR\" \/>\n<meta property=\"og:type\" content=\"article\" \/>\n<meta property=\"og:title\" content=\"Objectifs - BLACK TIGERS\" \/>\n<meta property=\"og:description\" content=\"Objectifs sportifs 1- De haut niveau :\u2192 Participer \u00e0 davantage de comp\u00e9titions internationales pour affirmer le niveau de notre club et am\u00e9liorer le classement (Ranking) de nos athl\u00e8tes sur la sc\u00e8ne internationale\u2192 Participer aux jeux olympiques\u2192 D\u00e9crocher la premi\u00e8re m\u00e9daille Marocaine aux jeux olympiques (en Taekwondo) 2- De masse :\u2192 \u00c9largir la base des pratiquants\u2192 [&hellip;]\" \/>\n<meta property=\"og:url\" content=\"https:\/\/blacktigers-sports.com\/index.php\/club\/objectifs\/\" \/>\n<meta property=\"og:site_name\" content=\"BLACK TIGERS\" \/>\n<meta property=\"article:modified_time\" content=\"2020-04-10T19:48:18+00:00\" \/>\n<meta name=\"twitter:card\" content=\"summary_large_image\" \/>\n<meta name=\"twitter:label1\" content=\"Dur\u00e9e de lecture estim\u00e9e\" \/>\n\t<meta name=\"twitter:data1\" content=\"1 minute\" \/>\n<script type=\"application\/ld+json\" class=\"yoast-schema-graph\">{\"@context\":\"https:\\\/\\\/schema.org\",\"@graph\":[{\"@type\":\"WebPage\",\"@id\":\"https:\\\/\\\/blacktigers-sports.com\\\/index.php\\\/club\\\/objectifs\\\/\",\"url\":\"https:\\\/\\\/blacktigers-sports.com\\\/index.php\\\/club\\\/objectifs\\\/\",\"name\":\"Objectifs - BLACK TIGERS\",\"isPartOf\":{\"@id\":\"https:\\\/\\\/blacktigers-sports.com\\\/#website\"},\"datePublished\":\"2020-04-10T17:57:55+00:00\",\"dateModified\":\"2020-04-10T19:48:18+00:00\",\"breadcrumb\":{\"@id\":\"https:\\\/\\\/blacktigers-sports.com\\\/index.php\\\/club\\\/objectifs\\\/#breadcrumb\"},\"inLanguage\":\"fr-FR\",\"potentialAction\":[{\"@type\":\"ReadAction\",\"target\":[\"https:\\\/\\\/blacktigers-sports.com\\\/index.php\\\/club\\\/objectifs\\\/\"]}]},{\"@type\":\"BreadcrumbList\",\"@id\":\"https:\\\/\\\/blacktigers-sports.com\\\/index.php\\\/club\\\/objectifs\\\/#breadcrumb\",\"itemListElement\":[{\"@type\":\"ListItem\",\"position\":1,\"name\":\"Accueil\",\"item\":\"https:\\\/\\\/blacktigers-sports.com\\\/\"},{\"@type\":\"ListItem\",\"position\":2,\"name\":\"Club\",\"item\":\"https:\\\/\\\/blacktigers-sports.com\\\/index.php\\\/club\\\/\"},{\"@type\":\"ListItem\",\"position\":3,\"name\":\"Objectifs\"}]},{\"@type\":\"WebSite\",\"@id\":\"https:\\\/\\\/blacktigers-sports.com\\\/#website\",\"url\":\"https:\\\/\\\/blacktigers-sports.com\\\/\",\"name\":\"BLACK TIGERS\",\"description\":\"Monde Sportif\",\"potentialAction\":[{\"@type\":\"SearchAction\",\"target\":{\"@type\":\"EntryPoint\",\"urlTemplate\":\"https:\\\/\\\/blacktigers-sports.com\\\/?s={search_term_string}\"},\"query-input\":{\"@type\":\"PropertyValueSpecification\",\"valueRequired\":true,\"valueName\":\"search_term_string\"}}],\"inLanguage\":\"fr-FR\"}]}<\/script>\n<!-- \/ Yoast SEO plugin. -->","yoast_head_json":{"title":"Objectifs - BLACK TIGERS","robots":{"index":"index","follow":"follow","max-snippet":"max-snippet:-1","max-image-preview":"max-image-preview:large","max-video-preview":"max-video-preview:-1"},"canonical":"https:\/\/blacktigers-sports.com\/index.php\/club\/objectifs\/","og_locale":"fr_FR","og_type":"article","og_title":"Objectifs - BLACK TIGERS","og_description":"Objectifs sportifs 1- De haut niveau :\u2192 Participer \u00e0 davantage de comp\u00e9titions internationales pour affirmer le niveau de notre club et am\u00e9liorer le classement (Ranking) de nos athl\u00e8tes sur la sc\u00e8ne internationale\u2192 Participer aux jeux olympiques\u2192 D\u00e9crocher la premi\u00e8re m\u00e9daille Marocaine aux jeux olympiques (en Taekwondo) 2- De masse :\u2192 \u00c9largir la base des pratiquants\u2192 [&hellip;]","og_url":"https:\/\/blacktigers-sports.com\/index.php\/club\/objectifs\/","og_site_name":"BLACK TIGERS","article_modified_time":"2020-04-10T19:48:18+00:00","twitter_card":"summary_large_image","twitter_misc":{"Dur\u00e9e de lecture estim\u00e9e":"1 minute"},"schema":{"@context":"https:\/\/schema.org","@graph":[{"@type":"WebPage","@id":"https:\/\/blacktigers-sports.com\/index.php\/club\/objectifs\/","url":"https:\/\/blacktigers-sports.com\/index.php\/club\/objectifs\/","name":"Objectifs - BLACK TIGERS","isPartOf":{"@id":"https:\/\/blacktigers-sports.com\/#website"},"datePublished":"2020-04-10T17:57:55+00:00","dateModified":"2020-04-10T19:48:18+00:00","breadcrumb":{"@id":"https:\/\/blacktigers-sports.com\/index.php\/club\/objectifs\/#breadcrumb"},"inLanguage":"fr-FR","potentialAction":[{"@type":"ReadAction","target":["https:\/\/blacktigers-sports.com\/index.php\/club\/objectifs\/"]}]},{"@type":"BreadcrumbList","@id":"https:\/\/blacktigers-sports.com\/index.php\/club\/objectifs\/#breadcrumb","itemListElement":[{"@type":"ListItem","position":1,"name":"Accueil","item":"https:\/\/blacktigers-sports.com\/"},{"@type":"ListItem","position":2,"name":"Club","item":"https:\/\/blacktigers-sports.com\/index.php\/club\/"},{"@type":"ListItem","position":3,"name":"Objectifs"}]},{"@type":"WebSite","@id":"https:\/\/blacktigers-sports.com\/#website","url":"https:\/\/blacktigers-sports.com\/","name":"BLACK TIGERS","description":"Monde Sportif","potentialAction":[{"@type":"SearchAction","target":{"@type":"EntryPoint","urlTemplate":"https:\/\/blacktigers-sports.com\/?s={search_term_string}"},"query-input":{"@type":"PropertyValueSpecification","valueRequired":true,"valueName":"search_term_string"}}],"inLanguage":"fr-FR"}]}},"rttpg_featured_image_url":null,"rttpg_author":{"display_name":"Chkarat Mehdi","author_link":"https:\/\/blacktigers-sports.com\/index.php\/author\/admin6903\/"},"rttpg_comment":0,"rttpg_category":null,"rttpg_excerpt":"Objectifs sportifs 1- De haut niveau :\u2192 Participer \u00e0 davantage de comp\u00e9titions internationales pour affirmer le niveau de notre club et am\u00e9liorer le classement (Ranking) de nos athl\u00e8tes sur la sc\u00e8ne internationale\u2192 Participer aux jeux olympiques\u2192 D\u00e9crocher la premi\u00e8re m\u00e9daille Marocaine aux jeux olympiques (en Taekwondo) 2- De masse :\u2192 \u00c9largir la base des pratiquants\u2192\u2026","_links":{"self":[{"href":"https:\/\/blacktigers-sports.com\/index.php\/wp-json\/wp\/v2\/pages\/2867","targetHints":{"allow":["GET"]}}],"collection":[{"href":"https:\/\/blacktigers-sports.com\/index.php\/wp-json\/wp\/v2\/pages"}],"about":[{"href":"https:\/\/blacktigers-sports.com\/index.php\/wp-json\/wp\/v2\/types\/page"}],"author":[{"embeddable":true,"href":"https:\/\/blacktigers-sports.com\/index.php\/wp-json\/wp\/v2\/users\/1"}],"replies":[{"embeddable":true,"href":"https:\/\/blacktigers-sports.com\/index.php\/wp-json\/wp\/v2\/comments?post=2867"}],"version-history":[{"count":21,"href":"https:\/\/blacktigers-sports.com\/index.php\/wp-json\/wp\/v2\/pages\/2867\/revisions"}],"predecessor-version":[{"id":2920,"href":"https:\/\/blacktigers-sports.com\/index.php\/wp-json\/wp\/v2\/pages\/2867\/revisions\/2920"}],"up":[{"embeddable":true,"href":"https:\/\/blacktigers-sports.com\/index.php\/wp-json\/wp\/v2\/pages\/2818"}],"wp:attachment":[{"href":"https:\/\/blacktigers-sports.com\/index.php\/wp-json\/wp\/v2\/media?parent=2867"}],"curies":[{"name":"wp","href":"https:\/\/api.w.org\/{rel}","templated":true}]}}