{"id":2818,"date":"2020-04-10T04:57:41","date_gmt":"2020-04-10T04:57:41","guid":{"rendered":"https:\/\/blacktigers-sports.com\/?page_id=2818"},"modified":"2020-05-08T06:57:33","modified_gmt":"2020-05-08T06:57:33","slug":"club","status":"publish","type":"page","link":"https:\/\/blacktigers-sports.com\/index.php\/club\/","title":{"rendered":"Club"},"content":{"rendered":"\t\t<div data-elementor-type=\"wp-page\" data-elementor-id=\"2818\" class=\"elementor elementor-2818\">\n\t\t\t\t\t\t<section class=\"elementor-section elementor-top-section elementor-element elementor-element-eb04a40 elementor-section-stretched elementor-section-content-middle elementor-section-boxed elementor-section-height-default elementor-section-height-default\" data-id=\"eb04a40\" data-element_type=\"section\" data-e-type=\"section\" data-settings=\"{&quot;stretch_section&quot;:&quot;section-stretched&quot;}\">\n\t\t\t\t\t\t<div class=\"elementor-container elementor-column-gap-default\">\n\t\t\t\t\t<div class=\"elementor-column elementor-col-33 elementor-top-column elementor-element elementor-element-e86b4d0\" data-id=\"e86b4d0\" data-element_type=\"column\" data-e-type=\"column\" data-settings=\"{&quot;background_background&quot;:&quot;classic&quot;}\">\n\t\t\t<div class=\"elementor-widget-wrap elementor-element-populated\">\n\t\t\t\t\t<div class=\"elementor-background-overlay\"><\/div>\n\t\t\t\t\t\t<div class=\"elementor-element elementor-element-fb9fe7d elementor-widget elementor-widget-heading\" data-id=\"fb9fe7d\" data-element_type=\"widget\" data-e-type=\"widget\" data-widget_type=\"heading.default\">\n\t\t\t\t<div class=\"elementor-widget-container\">\n\t\t\t\t\t<h2 class=\"elementor-heading-title elementor-size-default\">Histoire du club<\/h2>\t\t\t\t<\/div>\n\t\t\t\t<\/div>\n\t\t\t\t<div class=\"elementor-element elementor-element-3b4acb1 elementor-widget elementor-widget-text-editor\" data-id=\"3b4acb1\" data-element_type=\"widget\" data-e-type=\"widget\" data-widget_type=\"text-editor.default\">\n\t\t\t\t<div class=\"elementor-widget-container\">\n\t\t\t\t\t\t\t\t\t<p>Cr\u00e9\u00e9 en 2003, le club \u201cBlack Tigers\u201d a officiellement d\u00e9but\u00e9 ses activit\u00e9s en tant qu\u2019association sportive, principalement active dans les arts martiaux et plus particuli\u00e8rement le Taekwondo.<\/p><p>Dirig\u00e9e par son pr\u00e9sident, M. Samir Elkarroumi, l\u2019association forme plusieurs entra\u00eeneurs, arbitres ainsi que des athl\u00e8tes de haut niveau, comp\u00e9titifs tant au niveau national qu\u2019international, r\u00e9alisant ainsi ses objectifs sportifs sans oublier ses objectifs sociaux et environnementaux.<\/p><p>De plus en plus ambitieux, les membres de l\u2019association sugg\u00e8rent de cr\u00e9er une nouvelle section pour le club, cette derni\u00e8re vit son apparition en 2018.<\/p>\t\t\t\t\t\t\t\t<\/div>\n\t\t\t\t<\/div>\n\t\t\t\t\t<\/div>\n\t\t<\/div>\n\t\t\t\t<div class=\"elementor-column elementor-col-33 elementor-top-column elementor-element elementor-element-cd243d9\" data-id=\"cd243d9\" data-element_type=\"column\" data-e-type=\"column\">\n\t\t\t<div class=\"elementor-widget-wrap elementor-element-populated\">\n\t\t\t\t\t\t<div class=\"elementor-element elementor-element-d99639b elementor-align-center elementor-widget elementor-widget-button\" data-id=\"d99639b\" data-element_type=\"widget\" data-e-type=\"widget\" data-widget_type=\"button.default\">\n\t\t\t\t<div class=\"elementor-widget-container\">\n\t\t\t\t\t\t\t\t\t<div class=\"elementor-button-wrapper\">\n\t\t\t\t\t<a class=\"elementor-button elementor-button-link elementor-size-sm elementor-animation-grow\" href=\"https:\/\/blacktigers-sports.com\/index.php\/club\/valeurs\/\">\n\t\t\t\t\t\t<span class=\"elementor-button-content-wrapper\">\n\t\t\t\t\t\t<span class=\"elementor-button-icon\">\n\t\t\t\t<i aria-hidden=\"true\" class=\"fas fa-brain\"><\/i>\t\t\t<\/span>\n\t\t\t\t\t\t\t\t\t<span class=\"elementor-button-text\">Valeurs<\/span>\n\t\t\t\t\t<\/span>\n\t\t\t\t\t<\/a>\n\t\t\t\t<\/div>\n\t\t\t\t\t\t\t\t<\/div>\n\t\t\t\t<\/div>\n\t\t\t\t<div class=\"elementor-element elementor-element-6ed83ced elementor-align-center elementor-widget elementor-widget-button\" data-id=\"6ed83ced\" data-element_type=\"widget\" data-e-type=\"widget\" data-widget_type=\"button.default\">\n\t\t\t\t<div class=\"elementor-widget-container\">\n\t\t\t\t\t\t\t\t\t<div class=\"elementor-button-wrapper\">\n\t\t\t\t\t<a class=\"elementor-button elementor-button-link elementor-size-sm elementor-animation-grow\" href=\"https:\/\/blacktigers-sports.com\/index.php\/club\/objectifs\/\">\n\t\t\t\t\t\t<span class=\"elementor-button-content-wrapper\">\n\t\t\t\t\t\t<span class=\"elementor-button-icon\">\n\t\t\t\t<i aria-hidden=\"true\" class=\"far fa-clipboard\"><\/i>\t\t\t<\/span>\n\t\t\t\t\t\t\t\t\t<span class=\"elementor-button-text\">Objectifs<\/span>\n\t\t\t\t\t<\/span>\n\t\t\t\t\t<\/a>\n\t\t\t\t<\/div>\n\t\t\t\t\t\t\t\t<\/div>\n\t\t\t\t<\/div>\n\t\t\t\t<div class=\"elementor-element elementor-element-568d5f60 elementor-align-center elementor-widget elementor-widget-button\" data-id=\"568d5f60\" data-element_type=\"widget\" data-e-type=\"widget\" data-widget_type=\"button.default\">\n\t\t\t\t<div class=\"elementor-widget-container\">\n\t\t\t\t\t\t\t\t\t<div class=\"elementor-button-wrapper\">\n\t\t\t\t\t<a class=\"elementor-button elementor-size-sm elementor-animation-grow\" role=\"button\">\n\t\t\t\t\t\t<span class=\"elementor-button-content-wrapper\">\n\t\t\t\t\t\t<span class=\"elementor-button-icon\">\n\t\t\t\t<i aria-hidden=\"true\" class=\"fas fa-user-tie\"><\/i>\t\t\t<\/span>\n\t\t\t\t\t\t\t\t\t<span class=\"elementor-button-text\">Membres du bureau<\/span>\n\t\t\t\t\t<\/span>\n\t\t\t\t\t<\/a>\n\t\t\t\t<\/div>\n\t\t\t\t\t\t\t\t<\/div>\n\t\t\t\t<\/div>\n\t\t\t\t<div class=\"elementor-element elementor-element-7263f86 elementor-align-center elementor-widget elementor-widget-button\" data-id=\"7263f86\" data-element_type=\"widget\" data-e-type=\"widget\" data-widget_type=\"button.default\">\n\t\t\t\t<div class=\"elementor-widget-container\">\n\t\t\t\t\t\t\t\t\t<div class=\"elementor-button-wrapper\">\n\t\t\t\t\t<a class=\"elementor-button elementor-button-link elementor-size-sm elementor-animation-grow\" href=\"https:\/\/blacktigers-sports.com\/index.php\/club\/entraineurs\/\">\n\t\t\t\t\t\t<span class=\"elementor-button-content-wrapper\">\n\t\t\t\t\t\t<span class=\"elementor-button-icon\">\n\t\t\t\t<i aria-hidden=\"true\" class=\"fas fa-user\"><\/i>\t\t\t<\/span>\n\t\t\t\t\t\t\t\t\t<span class=\"elementor-button-text\">Entra\u00eeneurs<\/span>\n\t\t\t\t\t<\/span>\n\t\t\t\t\t<\/a>\n\t\t\t\t<\/div>\n\t\t\t\t\t\t\t\t<\/div>\n\t\t\t\t<\/div>\n\t\t\t\t<div class=\"elementor-element elementor-element-13b7a30 elementor-align-center elementor-widget elementor-widget-button\" data-id=\"13b7a30\" data-element_type=\"widget\" data-e-type=\"widget\" data-widget_type=\"button.default\">\n\t\t\t\t<div class=\"elementor-widget-container\">\n\t\t\t\t\t\t\t\t\t<div class=\"elementor-button-wrapper\">\n\t\t\t\t\t<a class=\"elementor-button elementor-button-link elementor-size-sm elementor-animation-grow\" href=\"https:\/\/blacktigers-sports.com\/index.php\/club\/parents-dathletes\/\">\n\t\t\t\t\t\t<span class=\"elementor-button-content-wrapper\">\n\t\t\t\t\t\t<span class=\"elementor-button-icon\">\n\t\t\t\t<i aria-hidden=\"true\" class=\"fas fa-users\"><\/i>\t\t\t<\/span>\n\t\t\t\t\t\t\t\t\t<span class=\"elementor-button-text\">Parents d\u2019athl\u00e8tes<\/span>\n\t\t\t\t\t<\/span>\n\t\t\t\t\t<\/a>\n\t\t\t\t<\/div>\n\t\t\t\t\t\t\t\t<\/div>\n\t\t\t\t<\/div>\n\t\t\t\t<div class=\"elementor-element elementor-element-ec37363 elementor-align-center elementor-widget elementor-widget-button\" data-id=\"ec37363\" data-element_type=\"widget\" data-e-type=\"widget\" data-widget_type=\"button.default\">\n\t\t\t\t<div class=\"elementor-widget-container\">\n\t\t\t\t\t\t\t\t\t<div class=\"elementor-button-wrapper\">\n\t\t\t\t\t<a class=\"elementor-button elementor-button-link elementor-size-sm elementor-animation-grow\" href=\"https:\/\/blacktigers-sports.com\/index.php\/club\/athletes\/\">\n\t\t\t\t\t\t<span class=\"elementor-button-content-wrapper\">\n\t\t\t\t\t\t<span class=\"elementor-button-icon\">\n\t\t\t\t<i aria-hidden=\"true\" class=\"fas fa-walking\"><\/i>\t\t\t<\/span>\n\t\t\t\t\t\t\t\t\t<span class=\"elementor-button-text\">Athl\u00e8tes<\/span>\n\t\t\t\t\t<\/span>\n\t\t\t\t\t<\/a>\n\t\t\t\t<\/div>\n\t\t\t\t\t\t\t\t<\/div>\n\t\t\t\t<\/div>\n\t\t\t\t<div class=\"elementor-element elementor-element-1b787bca elementor-align-center elementor-widget elementor-widget-button\" data-id=\"1b787bca\" data-element_type=\"widget\" data-e-type=\"widget\" data-widget_type=\"button.default\">\n\t\t\t\t<div class=\"elementor-widget-container\">\n\t\t\t\t\t\t\t\t\t<div class=\"elementor-button-wrapper\">\n\t\t\t\t\t<a class=\"elementor-button elementor-button-link elementor-size-sm elementor-animation-grow\" href=\"https:\/\/blacktigers-sports.com\/index.php\/club\/palmares\/\">\n\t\t\t\t\t\t<span class=\"elementor-button-content-wrapper\">\n\t\t\t\t\t\t<span class=\"elementor-button-icon\">\n\t\t\t\t<i aria-hidden=\"true\" class=\"fas fa-trophy\"><\/i>\t\t\t<\/span>\n\t\t\t\t\t\t\t\t\t<span class=\"elementor-button-text\">Palmar\u00e8s<\/span>\n\t\t\t\t\t<\/span>\n\t\t\t\t\t<\/a>\n\t\t\t\t<\/div>\n\t\t\t\t\t\t\t\t<\/div>\n\t\t\t\t<\/div>\n\t\t\t\t\t<\/div>\n\t\t<\/div>\n\t\t\t\t<div class=\"elementor-column elementor-col-33 elementor-top-column elementor-element elementor-element-6f71e09\" data-id=\"6f71e09\" data-element_type=\"column\" data-e-type=\"column\">\n\t\t\t<div class=\"elementor-widget-wrap elementor-element-populated\">\n\t\t\t\t\t\t<div class=\"elementor-element elementor-element-f670d3a elementor-align-center elementor-widget elementor-widget-button\" data-id=\"f670d3a\" data-element_type=\"widget\" data-e-type=\"widget\" data-widget_type=\"button.default\">\n\t\t\t\t<div class=\"elementor-widget-container\">\n\t\t\t\t\t\t\t\t\t<div class=\"elementor-button-wrapper\">\n\t\t\t\t\t<a class=\"elementor-button elementor-button-link elementor-size-sm elementor-animation-grow\" href=\"https:\/\/blacktigers-sports.com\/index.php\/documents-telechargeables\/\">\n\t\t\t\t\t\t<span class=\"elementor-button-content-wrapper\">\n\t\t\t\t\t\t<span class=\"elementor-button-icon\">\n\t\t\t\t<i aria-hidden=\"true\" class=\"fas fa-file-pdf\"><\/i>\t\t\t<\/span>\n\t\t\t\t\t\t\t\t\t<span class=\"elementor-button-text\">Documents t\u00e9l\u00e9chargeables<\/span>\n\t\t\t\t\t<\/span>\n\t\t\t\t\t<\/a>\n\t\t\t\t<\/div>\n\t\t\t\t\t\t\t\t<\/div>\n\t\t\t\t<\/div>\n\t\t\t\t<div class=\"elementor-element elementor-element-1b5736d elementor-align-center elementor-widget elementor-widget-button\" data-id=\"1b5736d\" data-element_type=\"widget\" data-e-type=\"widget\" data-widget_type=\"button.default\">\n\t\t\t\t<div class=\"elementor-widget-container\">\n\t\t\t\t\t\t\t\t\t<div class=\"elementor-button-wrapper\">\n\t\t\t\t\t<a class=\"elementor-button elementor-button-link elementor-size-sm elementor-animation-grow\" href=\"https:\/\/blacktigers-sports.com\/index.php\/club\/multimedias\/\">\n\t\t\t\t\t\t<span class=\"elementor-button-content-wrapper\">\n\t\t\t\t\t\t<span class=\"elementor-button-icon\">\n\t\t\t\t<i aria-hidden=\"true\" class=\"far fa-images\"><\/i>\t\t\t<\/span>\n\t\t\t\t\t\t\t\t\t<span class=\"elementor-button-text\">Multim\u00e9dias<\/span>\n\t\t\t\t\t<\/span>\n\t\t\t\t\t<\/a>\n\t\t\t\t<\/div>\n\t\t\t\t\t\t\t\t<\/div>\n\t\t\t\t<\/div>\n\t\t\t\t<div class=\"elementor-element elementor-element-84394ca elementor-align-center elementor-widget elementor-widget-button\" data-id=\"84394ca\" data-element_type=\"widget\" data-e-type=\"widget\" data-widget_type=\"button.default\">\n\t\t\t\t<div class=\"elementor-widget-container\">\n\t\t\t\t\t\t\t\t\t<div class=\"elementor-button-wrapper\">\n\t\t\t\t\t<a class=\"elementor-button elementor-button-link elementor-size-sm elementor-animation-grow\" href=\"https:\/\/blacktigers-sports.com\/index.php\/club\/localisation\/\">\n\t\t\t\t\t\t<span class=\"elementor-button-content-wrapper\">\n\t\t\t\t\t\t<span class=\"elementor-button-icon\">\n\t\t\t\t<i aria-hidden=\"true\" class=\"fas fa-location-arrow\"><\/i>\t\t\t<\/span>\n\t\t\t\t\t\t\t\t\t<span class=\"elementor-button-text\">Localisation<\/span>\n\t\t\t\t\t<\/span>\n\t\t\t\t\t<\/a>\n\t\t\t\t<\/div>\n\t\t\t\t\t\t\t\t<\/div>\n\t\t\t\t<\/div>\n\t\t\t\t<div class=\"elementor-element elementor-element-a71de1d elementor-align-center elementor-widget elementor-widget-button\" data-id=\"a71de1d\" data-element_type=\"widget\" data-e-type=\"widget\" data-widget_type=\"button.default\">\n\t\t\t\t<div class=\"elementor-widget-container\">\n\t\t\t\t\t\t\t\t\t<div class=\"elementor-button-wrapper\">\n\t\t\t\t\t<a class=\"elementor-button elementor-button-link elementor-size-sm elementor-animation-grow\" href=\"https:\/\/blacktigers-sports.com\/index.php\/club\/horaires\/\">\n\t\t\t\t\t\t<span class=\"elementor-button-content-wrapper\">\n\t\t\t\t\t\t<span class=\"elementor-button-icon\">\n\t\t\t\t<i aria-hidden=\"true\" class=\"fas fa-clock\"><\/i>\t\t\t<\/span>\n\t\t\t\t\t\t\t\t\t<span class=\"elementor-button-text\">Horaires<\/span>\n\t\t\t\t\t<\/span>\n\t\t\t\t\t<\/a>\n\t\t\t\t<\/div>\n\t\t\t\t\t\t\t\t<\/div>\n\t\t\t\t<\/div>\n\t\t\t\t<div class=\"elementor-element elementor-element-6980b08 elementor-align-center elementor-widget elementor-widget-button\" data-id=\"6980b08\" data-element_type=\"widget\" data-e-type=\"widget\" data-widget_type=\"button.default\">\n\t\t\t\t<div class=\"elementor-widget-container\">\n\t\t\t\t\t\t\t\t\t<div class=\"elementor-button-wrapper\">\n\t\t\t\t\t<a class=\"elementor-button elementor-button-link elementor-size-sm elementor-animation-grow\" href=\"https:\/\/blacktigers-sports.com\/index.php\/club\/tarifs\/\">\n\t\t\t\t\t\t<span class=\"elementor-button-content-wrapper\">\n\t\t\t\t\t\t<span class=\"elementor-button-icon\">\n\t\t\t\t<i aria-hidden=\"true\" class=\"fas fa-money-bill\"><\/i>\t\t\t<\/span>\n\t\t\t\t\t\t\t\t\t<span class=\"elementor-button-text\">Tarifs<\/span>\n\t\t\t\t\t<\/span>\n\t\t\t\t\t<\/a>\n\t\t\t\t<\/div>\n\t\t\t\t\t\t\t\t<\/div>\n\t\t\t\t<\/div>\n\t\t\t\t\t<\/div>\n\t\t<\/div>\n\t\t\t\t\t<\/div>\n\t\t<\/section>\n\t\t\t\t<\/div>\n\t\t","protected":false},"excerpt":{"rendered":"<p>Histoire du club Cr\u00e9\u00e9 en 2003, le club \u201cBlack Tigers\u201d a officiellement d\u00e9but\u00e9 ses activit\u00e9s en tant qu\u2019association sportive, principalement active dans les arts martiaux et plus particuli\u00e8rement le Taekwondo. Dirig\u00e9e par son pr\u00e9sident, M. Samir Elkarroumi, l\u2019association forme plusieurs entra\u00eeneurs, arbitres ainsi que des athl\u00e8tes de haut niveau, comp\u00e9titifs tant au niveau national qu\u2019international, [&hellip;]<\/p>\n","protected":false},"author":1,"featured_media":0,"parent":0,"menu_order":0,"comment_status":"closed","ping_status":"closed","template":"","meta":{"_exactmetrics_skip_tracking":false,"_exactmetrics_sitenote_active":false,"_exactmetrics_sitenote_note":"","_exactmetrics_sitenote_category":0,"footnotes":""},"class_list":["post-2818","page","type-page","status-publish","hentry","entry"],"yoast_head":"<!-- This site is optimized with the Yoast SEO plugin v27.4 - https:\/\/yoast.com\/product\/yoast-seo-wordpress\/ -->\n<title>Club - BLACK TIGERS<\/title>\n<meta name=\"robots\" content=\"index, follow, max-snippet:-1, max-image-preview:large, max-video-preview:-1\" \/>\n<link rel=\"canonical\" href=\"https:\/\/blacktigers-sports.com\/index.php\/club\/\" \/>\n<meta property=\"og:locale\" content=\"fr_FR\" \/>\n<meta property=\"og:type\" content=\"article\" \/>\n<meta property=\"og:title\" content=\"Club - BLACK TIGERS\" \/>\n<meta property=\"og:description\" content=\"Histoire du club Cr\u00e9\u00e9 en 2003, le club \u201cBlack Tigers\u201d a officiellement d\u00e9but\u00e9 ses activit\u00e9s en tant qu\u2019association sportive, principalement active dans les arts martiaux et plus particuli\u00e8rement le Taekwondo. Dirig\u00e9e par son pr\u00e9sident, M. Samir Elkarroumi, l\u2019association forme plusieurs entra\u00eeneurs, arbitres ainsi que des athl\u00e8tes de haut niveau, comp\u00e9titifs tant au niveau national qu\u2019international, [&hellip;]\" \/>\n<meta property=\"og:url\" content=\"https:\/\/blacktigers-sports.com\/index.php\/club\/\" \/>\n<meta property=\"og:site_name\" content=\"BLACK TIGERS\" \/>\n<meta property=\"article:modified_time\" content=\"2020-05-08T06:57:33+00:00\" \/>\n<meta name=\"twitter:card\" content=\"summary_large_image\" \/>\n<meta name=\"twitter:label1\" content=\"Dur\u00e9e de lecture estim\u00e9e\" \/>\n\t<meta name=\"twitter:data1\" content=\"1 minute\" \/>\n<script type=\"application\/ld+json\" class=\"yoast-schema-graph\">{\"@context\":\"https:\\\/\\\/schema.org\",\"@graph\":[{\"@type\":\"WebPage\",\"@id\":\"https:\\\/\\\/blacktigers-sports.com\\\/index.php\\\/club\\\/\",\"url\":\"https:\\\/\\\/blacktigers-sports.com\\\/index.php\\\/club\\\/\",\"name\":\"Club - BLACK TIGERS\",\"isPartOf\":{\"@id\":\"https:\\\/\\\/blacktigers-sports.com\\\/#website\"},\"datePublished\":\"2020-04-10T04:57:41+00:00\",\"dateModified\":\"2020-05-08T06:57:33+00:00\",\"breadcrumb\":{\"@id\":\"https:\\\/\\\/blacktigers-sports.com\\\/index.php\\\/club\\\/#breadcrumb\"},\"inLanguage\":\"fr-FR\",\"potentialAction\":[{\"@type\":\"ReadAction\",\"target\":[\"https:\\\/\\\/blacktigers-sports.com\\\/index.php\\\/club\\\/\"]}]},{\"@type\":\"BreadcrumbList\",\"@id\":\"https:\\\/\\\/blacktigers-sports.com\\\/index.php\\\/club\\\/#breadcrumb\",\"itemListElement\":[{\"@type\":\"ListItem\",\"position\":1,\"name\":\"Accueil\",\"item\":\"https:\\\/\\\/blacktigers-sports.com\\\/\"},{\"@type\":\"ListItem\",\"position\":2,\"name\":\"Club\"}]},{\"@type\":\"WebSite\",\"@id\":\"https:\\\/\\\/blacktigers-sports.com\\\/#website\",\"url\":\"https:\\\/\\\/blacktigers-sports.com\\\/\",\"name\":\"BLACK TIGERS\",\"description\":\"Monde Sportif\",\"potentialAction\":[{\"@type\":\"SearchAction\",\"target\":{\"@type\":\"EntryPoint\",\"urlTemplate\":\"https:\\\/\\\/blacktigers-sports.com\\\/?s={search_term_string}\"},\"query-input\":{\"@type\":\"PropertyValueSpecification\",\"valueRequired\":true,\"valueName\":\"search_term_string\"}}],\"inLanguage\":\"fr-FR\"}]}<\/script>\n<!-- \/ Yoast SEO plugin. -->","yoast_head_json":{"title":"Club - BLACK TIGERS","robots":{"index":"index","follow":"follow","max-snippet":"max-snippet:-1","max-image-preview":"max-image-preview:large","max-video-preview":"max-video-preview:-1"},"canonical":"https:\/\/blacktigers-sports.com\/index.php\/club\/","og_locale":"fr_FR","og_type":"article","og_title":"Club - BLACK TIGERS","og_description":"Histoire du club Cr\u00e9\u00e9 en 2003, le club \u201cBlack Tigers\u201d a officiellement d\u00e9but\u00e9 ses activit\u00e9s en tant qu\u2019association sportive, principalement active dans les arts martiaux et plus particuli\u00e8rement le Taekwondo. Dirig\u00e9e par son pr\u00e9sident, M. Samir Elkarroumi, l\u2019association forme plusieurs entra\u00eeneurs, arbitres ainsi que des athl\u00e8tes de haut niveau, comp\u00e9titifs tant au niveau national qu\u2019international, [&hellip;]","og_url":"https:\/\/blacktigers-sports.com\/index.php\/club\/","og_site_name":"BLACK TIGERS","article_modified_time":"2020-05-08T06:57:33+00:00","twitter_card":"summary_large_image","twitter_misc":{"Dur\u00e9e de lecture estim\u00e9e":"1 minute"},"schema":{"@context":"https:\/\/schema.org","@graph":[{"@type":"WebPage","@id":"https:\/\/blacktigers-sports.com\/index.php\/club\/","url":"https:\/\/blacktigers-sports.com\/index.php\/club\/","name":"Club - BLACK TIGERS","isPartOf":{"@id":"https:\/\/blacktigers-sports.com\/#website"},"datePublished":"2020-04-10T04:57:41+00:00","dateModified":"2020-05-08T06:57:33+00:00","breadcrumb":{"@id":"https:\/\/blacktigers-sports.com\/index.php\/club\/#breadcrumb"},"inLanguage":"fr-FR","potentialAction":[{"@type":"ReadAction","target":["https:\/\/blacktigers-sports.com\/index.php\/club\/"]}]},{"@type":"BreadcrumbList","@id":"https:\/\/blacktigers-sports.com\/index.php\/club\/#breadcrumb","itemListElement":[{"@type":"ListItem","position":1,"name":"Accueil","item":"https:\/\/blacktigers-sports.com\/"},{"@type":"ListItem","position":2,"name":"Club"}]},{"@type":"WebSite","@id":"https:\/\/blacktigers-sports.com\/#website","url":"https:\/\/blacktigers-sports.com\/","name":"BLACK TIGERS","description":"Monde Sportif","potentialAction":[{"@type":"SearchAction","target":{"@type":"EntryPoint","urlTemplate":"https:\/\/blacktigers-sports.com\/?s={search_term_string}"},"query-input":{"@type":"PropertyValueSpecification","valueRequired":true,"valueName":"search_term_string"}}],"inLanguage":"fr-FR"}]}},"rttpg_featured_image_url":null,"rttpg_author":{"display_name":"Chkarat Mehdi","author_link":"https:\/\/blacktigers-sports.com\/index.php\/author\/admin6903\/"},"rttpg_comment":0,"rttpg_category":null,"rttpg_excerpt":"Histoire du club Cr\u00e9\u00e9 en 2003, le club \u201cBlack Tigers\u201d a officiellement d\u00e9but\u00e9 ses activit\u00e9s en tant qu\u2019association sportive, principalement active dans les arts martiaux et plus particuli\u00e8rement le Taekwondo. Dirig\u00e9e par son pr\u00e9sident, M. Samir Elkarroumi, l\u2019association forme plusieurs entra\u00eeneurs, arbitres ainsi que des athl\u00e8tes de haut niveau, comp\u00e9titifs tant au niveau national qu\u2019international,\u2026","_links":{"self":[{"href":"https:\/\/blacktigers-sports.com\/index.php\/wp-json\/wp\/v2\/pages\/2818","targetHints":{"allow":["GET"]}}],"collection":[{"href":"https:\/\/blacktigers-sports.com\/index.php\/wp-json\/wp\/v2\/pages"}],"about":[{"href":"https:\/\/blacktigers-sports.com\/index.php\/wp-json\/wp\/v2\/types\/page"}],"author":[{"embeddable":true,"href":"https:\/\/blacktigers-sports.com\/index.php\/wp-json\/wp\/v2\/users\/1"}],"replies":[{"embeddable":true,"href":"https:\/\/blacktigers-sports.com\/index.php\/wp-json\/wp\/v2\/comments?post=2818"}],"version-history":[{"count":35,"href":"https:\/\/blacktigers-sports.com\/index.php\/wp-json\/wp\/v2\/pages\/2818\/revisions"}],"predecessor-version":[{"id":3232,"href":"https:\/\/blacktigers-sports.com\/index.php\/wp-json\/wp\/v2\/pages\/2818\/revisions\/3232"}],"wp:attachment":[{"href":"https:\/\/blacktigers-sports.com\/index.php\/wp-json\/wp\/v2\/media?parent=2818"}],"curies":[{"name":"wp","href":"https:\/\/api.w.org\/{rel}","templated":true}]}}