{"id":2644,"date":"2020-04-09T20:12:00","date_gmt":"2020-04-09T20:12:00","guid":{"rendered":"https:\/\/blacktigers-sports.com\/?page_id=2644"},"modified":"2020-04-12T22:03:33","modified_gmt":"2020-04-12T22:03:33","slug":"documents-telechargeables","status":"publish","type":"page","link":"https:\/\/blacktigers-sports.com\/index.php\/club\/documents-telechargeables\/","title":{"rendered":"Documents t\u00e9l\u00e9chargeables"},"content":{"rendered":"\t\t<div data-elementor-type=\"wp-page\" data-elementor-id=\"2644\" class=\"elementor elementor-2644\">\n\t\t\t\t\t\t<section class=\"elementor-section elementor-top-section elementor-element elementor-element-bf27f3b elementor-section-stretched elementor-section-boxed elementor-section-height-default elementor-section-height-default\" data-id=\"bf27f3b\" data-element_type=\"section\" data-e-type=\"section\" data-settings=\"{&quot;stretch_section&quot;:&quot;section-stretched&quot;}\">\n\t\t\t\t\t\t<div class=\"elementor-container elementor-column-gap-default\">\n\t\t\t\t\t<div class=\"elementor-column elementor-col-25 elementor-top-column elementor-element elementor-element-2e4f8b6\" data-id=\"2e4f8b6\" data-element_type=\"column\" data-e-type=\"column\">\n\t\t\t<div class=\"elementor-widget-wrap\">\n\t\t\t\t\t\t\t<\/div>\n\t\t<\/div>\n\t\t\t\t<div class=\"elementor-column elementor-col-50 elementor-top-column elementor-element elementor-element-6de3d6a\" data-id=\"6de3d6a\" data-element_type=\"column\" data-e-type=\"column\">\n\t\t\t<div class=\"elementor-widget-wrap elementor-element-populated\">\n\t\t\t\t\t\t<div class=\"elementor-element elementor-element-4705bde elementor-widget elementor-widget-heading\" data-id=\"4705bde\" data-element_type=\"widget\" data-e-type=\"widget\" data-widget_type=\"heading.default\">\n\t\t\t\t<div class=\"elementor-widget-container\">\n\t\t\t\t\t<h2 class=\"elementor-heading-title elementor-size-default\">Documents t\u00e9l\u00e9chargeables<\/h2>\t\t\t\t<\/div>\n\t\t\t\t<\/div>\n\t\t\t\t\t<\/div>\n\t\t<\/div>\n\t\t\t\t<div class=\"elementor-column elementor-col-25 elementor-top-column elementor-element elementor-element-98e993e\" data-id=\"98e993e\" data-element_type=\"column\" data-e-type=\"column\">\n\t\t\t<div class=\"elementor-widget-wrap\">\n\t\t\t\t\t\t\t<\/div>\n\t\t<\/div>\n\t\t\t\t\t<\/div>\n\t\t<\/section>\n\t\t\t\t<section class=\"elementor-section elementor-top-section elementor-element elementor-element-9084190 elementor-section-stretched elementor-section-boxed elementor-section-height-default elementor-section-height-default\" data-id=\"9084190\" data-element_type=\"section\" data-e-type=\"section\" data-settings=\"{&quot;stretch_section&quot;:&quot;section-stretched&quot;}\">\n\t\t\t\t\t\t<div class=\"elementor-container elementor-column-gap-default\">\n\t\t\t\t\t<div class=\"elementor-column elementor-col-50 elementor-top-column elementor-element elementor-element-0bc357c\" data-id=\"0bc357c\" data-element_type=\"column\" data-e-type=\"column\">\n\t\t\t<div class=\"elementor-widget-wrap elementor-element-populated\">\n\t\t\t\t\t\t<div class=\"elementor-element elementor-element-0c628b5 elementor-widget elementor-widget-heading\" data-id=\"0c628b5\" data-element_type=\"widget\" data-e-type=\"widget\" data-widget_type=\"heading.default\">\n\t\t\t\t<div class=\"elementor-widget-container\">\n\t\t\t\t\t<h2 class=\"elementor-heading-title elementor-size-default\">Documents du club<\/h2>\t\t\t\t<\/div>\n\t\t\t\t<\/div>\n\t\t\t\t<div class=\"elementor-element elementor-element-a967cef elementor-widget elementor-widget-text-editor\" data-id=\"a967cef\" data-element_type=\"widget\" data-e-type=\"widget\" data-widget_type=\"text-editor.default\">\n\t\t\t\t<div class=\"elementor-widget-container\">\n\t\t\t\t\t\t\t\t\t<p><a href=\"https:\/\/blacktigers-sports.com\/wp-content\/uploads\/2018\/03\/Magasine-pdf.pdf\" target=\"_blank\" rel=\"noopener\">Magasine du club (2013)<\/a><\/p>\t\t\t\t\t\t\t\t<\/div>\n\t\t\t\t<\/div>\n\t\t\t\t\t<\/div>\n\t\t<\/div>\n\t\t\t\t<div class=\"elementor-column elementor-col-50 elementor-top-column elementor-element elementor-element-85ac523\" data-id=\"85ac523\" data-element_type=\"column\" data-e-type=\"column\">\n\t\t\t<div class=\"elementor-widget-wrap elementor-element-populated\">\n\t\t\t\t\t\t<div class=\"elementor-element elementor-element-7a33a3b elementor-widget elementor-widget-heading\" data-id=\"7a33a3b\" data-element_type=\"widget\" data-e-type=\"widget\" data-widget_type=\"heading.default\">\n\t\t\t\t<div class=\"elementor-widget-container\">\n\t\t\t\t\t<h2 class=\"elementor-heading-title elementor-size-default\">Documents pour les managers sportifs<\/h2>\t\t\t\t<\/div>\n\t\t\t\t<\/div>\n\t\t\t\t<div class=\"elementor-element elementor-element-d023d53 elementor-widget elementor-widget-text-editor\" data-id=\"d023d53\" data-element_type=\"widget\" data-e-type=\"widget\" data-widget_type=\"text-editor.default\">\n\t\t\t\t<div class=\"elementor-widget-container\">\n\t\t\t\t\t\t\t\t\t<p><a href=\"https:\/\/blacktigers-sports.com\/wp-content\/uploads\/2020\/04\/Lettre-royale-pour-le-sport-arabe.pdf\" target=\"_blank\" rel=\"noopener\">Lettre royale pour le sport (Arabe)<\/a><br \/><a href=\"https:\/\/blacktigers-sports.com\/wp-content\/uploads\/2020\/04\/Lettre-royale-pour-le-sport-Fran\u00e7ais.pdf\" target=\"_blank\" rel=\"noopener\">Lettre royale pour le sport (Fran\u00e7ais)<\/a><br \/><a href=\"https:\/\/blacktigers-sports.com\/wp-content\/uploads\/2020\/04\/federation-sportive.pdf\" target=\"_blank\" rel=\"noopener\">Statuts-types des f\u00e9d\u00e9rations royales marocaines sportives<\/a><br \/><a href=\"https:\/\/blacktigers-sports.com\/wp-content\/uploads\/2020\/04\/association-sportive.pdf\" target=\"_blank\" rel=\"noopener\">Statuts-types des associations sportives<\/a><br \/><a href=\"https:\/\/blacktigers-sports.com\/wp-content\/uploads\/2020\/04\/loi-09.09-lutte-contre-la-violence-1-1.pdf\" target=\"_blank\" rel=\"noopener\">Loi 09-09<\/a><br \/><a href=\"https:\/\/blacktigers-sports.com\/wp-content\/uploads\/2020\/04\/loi_30_09.pdf\" target=\"_blank\" rel=\"noopener\">Loi 30-09<\/a><br \/><a href=\"https:\/\/blacktigers-sports.com\/wp-content\/uploads\/2020\/04\/Loi-97-12.pdf\" target=\"_blank\" rel=\"noopener\">Loi 97-12<\/a><\/p>\t\t\t\t\t\t\t\t<\/div>\n\t\t\t\t<\/div>\n\t\t\t\t\t<\/div>\n\t\t<\/div>\n\t\t\t\t\t<\/div>\n\t\t<\/section>\n\t\t\t\t<\/div>\n\t\t","protected":false},"excerpt":{"rendered":"<p>Documents t\u00e9l\u00e9chargeables Documents du club Magasine du club (2013) Documents pour les managers sportifs Lettre royale pour le sport (Arabe)Lettre royale pour le sport (Fran\u00e7ais)Statuts-types des f\u00e9d\u00e9rations royales marocaines sportivesStatuts-types des associations sportivesLoi 09-09Loi 30-09Loi 97-12<\/p>\n","protected":false},"author":1,"featured_media":0,"parent":2818,"menu_order":0,"comment_status":"closed","ping_status":"closed","template":"elementor_header_footer","meta":{"_exactmetrics_skip_tracking":false,"_exactmetrics_sitenote_active":false,"_exactmetrics_sitenote_note":"","_exactmetrics_sitenote_category":0,"footnotes":""},"class_list":["post-2644","page","type-page","status-publish","hentry","entry"],"yoast_head":"<!-- This site is optimized with the Yoast SEO plugin v27.4 - https:\/\/yoast.com\/product\/yoast-seo-wordpress\/ -->\n<title>Documents t\u00e9l\u00e9chargeables - BLACK TIGERS<\/title>\n<meta name=\"robots\" content=\"index, follow, max-snippet:-1, max-image-preview:large, max-video-preview:-1\" \/>\n<link rel=\"canonical\" href=\"https:\/\/blacktigers-sports.com\/index.php\/club\/documents-telechargeables\/\" \/>\n<meta property=\"og:locale\" content=\"fr_FR\" \/>\n<meta property=\"og:type\" content=\"article\" \/>\n<meta property=\"og:title\" content=\"Documents t\u00e9l\u00e9chargeables - BLACK TIGERS\" \/>\n<meta property=\"og:description\" content=\"Documents t\u00e9l\u00e9chargeables Documents du club Magasine du club (2013) Documents pour les managers sportifs Lettre royale pour le sport (Arabe)Lettre royale pour le sport (Fran\u00e7ais)Statuts-types des f\u00e9d\u00e9rations royales marocaines sportivesStatuts-types des associations sportivesLoi 09-09Loi 30-09Loi 97-12\" \/>\n<meta property=\"og:url\" content=\"https:\/\/blacktigers-sports.com\/index.php\/club\/documents-telechargeables\/\" \/>\n<meta property=\"og:site_name\" content=\"BLACK TIGERS\" \/>\n<meta property=\"article:modified_time\" content=\"2020-04-12T22:03:33+00:00\" \/>\n<meta name=\"twitter:card\" content=\"summary_large_image\" \/>\n<script type=\"application\/ld+json\" class=\"yoast-schema-graph\">{\"@context\":\"https:\\\/\\\/schema.org\",\"@graph\":[{\"@type\":\"WebPage\",\"@id\":\"https:\\\/\\\/blacktigers-sports.com\\\/index.php\\\/club\\\/documents-telechargeables\\\/\",\"url\":\"https:\\\/\\\/blacktigers-sports.com\\\/index.php\\\/club\\\/documents-telechargeables\\\/\",\"name\":\"Documents t\u00e9l\u00e9chargeables - BLACK TIGERS\",\"isPartOf\":{\"@id\":\"https:\\\/\\\/blacktigers-sports.com\\\/#website\"},\"datePublished\":\"2020-04-09T20:12:00+00:00\",\"dateModified\":\"2020-04-12T22:03:33+00:00\",\"breadcrumb\":{\"@id\":\"https:\\\/\\\/blacktigers-sports.com\\\/index.php\\\/club\\\/documents-telechargeables\\\/#breadcrumb\"},\"inLanguage\":\"fr-FR\",\"potentialAction\":[{\"@type\":\"ReadAction\",\"target\":[\"https:\\\/\\\/blacktigers-sports.com\\\/index.php\\\/club\\\/documents-telechargeables\\\/\"]}]},{\"@type\":\"BreadcrumbList\",\"@id\":\"https:\\\/\\\/blacktigers-sports.com\\\/index.php\\\/club\\\/documents-telechargeables\\\/#breadcrumb\",\"itemListElement\":[{\"@type\":\"ListItem\",\"position\":1,\"name\":\"Accueil\",\"item\":\"https:\\\/\\\/blacktigers-sports.com\\\/\"},{\"@type\":\"ListItem\",\"position\":2,\"name\":\"Club\",\"item\":\"https:\\\/\\\/blacktigers-sports.com\\\/index.php\\\/club\\\/\"},{\"@type\":\"ListItem\",\"position\":3,\"name\":\"Documents t\u00e9l\u00e9chargeables\"}]},{\"@type\":\"WebSite\",\"@id\":\"https:\\\/\\\/blacktigers-sports.com\\\/#website\",\"url\":\"https:\\\/\\\/blacktigers-sports.com\\\/\",\"name\":\"BLACK TIGERS\",\"description\":\"Monde Sportif\",\"potentialAction\":[{\"@type\":\"SearchAction\",\"target\":{\"@type\":\"EntryPoint\",\"urlTemplate\":\"https:\\\/\\\/blacktigers-sports.com\\\/?s={search_term_string}\"},\"query-input\":{\"@type\":\"PropertyValueSpecification\",\"valueRequired\":true,\"valueName\":\"search_term_string\"}}],\"inLanguage\":\"fr-FR\"}]}<\/script>\n<!-- \/ Yoast SEO plugin. -->","yoast_head_json":{"title":"Documents t\u00e9l\u00e9chargeables - BLACK TIGERS","robots":{"index":"index","follow":"follow","max-snippet":"max-snippet:-1","max-image-preview":"max-image-preview:large","max-video-preview":"max-video-preview:-1"},"canonical":"https:\/\/blacktigers-sports.com\/index.php\/club\/documents-telechargeables\/","og_locale":"fr_FR","og_type":"article","og_title":"Documents t\u00e9l\u00e9chargeables - BLACK TIGERS","og_description":"Documents t\u00e9l\u00e9chargeables Documents du club Magasine du club (2013) Documents pour les managers sportifs Lettre royale pour le sport (Arabe)Lettre royale pour le sport (Fran\u00e7ais)Statuts-types des f\u00e9d\u00e9rations royales marocaines sportivesStatuts-types des associations sportivesLoi 09-09Loi 30-09Loi 97-12","og_url":"https:\/\/blacktigers-sports.com\/index.php\/club\/documents-telechargeables\/","og_site_name":"BLACK TIGERS","article_modified_time":"2020-04-12T22:03:33+00:00","twitter_card":"summary_large_image","schema":{"@context":"https:\/\/schema.org","@graph":[{"@type":"WebPage","@id":"https:\/\/blacktigers-sports.com\/index.php\/club\/documents-telechargeables\/","url":"https:\/\/blacktigers-sports.com\/index.php\/club\/documents-telechargeables\/","name":"Documents t\u00e9l\u00e9chargeables - BLACK TIGERS","isPartOf":{"@id":"https:\/\/blacktigers-sports.com\/#website"},"datePublished":"2020-04-09T20:12:00+00:00","dateModified":"2020-04-12T22:03:33+00:00","breadcrumb":{"@id":"https:\/\/blacktigers-sports.com\/index.php\/club\/documents-telechargeables\/#breadcrumb"},"inLanguage":"fr-FR","potentialAction":[{"@type":"ReadAction","target":["https:\/\/blacktigers-sports.com\/index.php\/club\/documents-telechargeables\/"]}]},{"@type":"BreadcrumbList","@id":"https:\/\/blacktigers-sports.com\/index.php\/club\/documents-telechargeables\/#breadcrumb","itemListElement":[{"@type":"ListItem","position":1,"name":"Accueil","item":"https:\/\/blacktigers-sports.com\/"},{"@type":"ListItem","position":2,"name":"Club","item":"https:\/\/blacktigers-sports.com\/index.php\/club\/"},{"@type":"ListItem","position":3,"name":"Documents t\u00e9l\u00e9chargeables"}]},{"@type":"WebSite","@id":"https:\/\/blacktigers-sports.com\/#website","url":"https:\/\/blacktigers-sports.com\/","name":"BLACK TIGERS","description":"Monde Sportif","potentialAction":[{"@type":"SearchAction","target":{"@type":"EntryPoint","urlTemplate":"https:\/\/blacktigers-sports.com\/?s={search_term_string}"},"query-input":{"@type":"PropertyValueSpecification","valueRequired":true,"valueName":"search_term_string"}}],"inLanguage":"fr-FR"}]}},"rttpg_featured_image_url":null,"rttpg_author":{"display_name":"Chkarat Mehdi","author_link":"https:\/\/blacktigers-sports.com\/index.php\/author\/admin6903\/"},"rttpg_comment":0,"rttpg_category":null,"rttpg_excerpt":"Documents t\u00e9l\u00e9chargeables Documents du club Magasine du club (2013) Documents pour les managers sportifs Lettre royale pour le sport (Arabe)Lettre royale pour le sport (Fran\u00e7ais)Statuts-types des f\u00e9d\u00e9rations royales marocaines sportivesStatuts-types des associations sportivesLoi 09-09Loi 30-09Loi 97-12","_links":{"self":[{"href":"https:\/\/blacktigers-sports.com\/index.php\/wp-json\/wp\/v2\/pages\/2644","targetHints":{"allow":["GET"]}}],"collection":[{"href":"https:\/\/blacktigers-sports.com\/index.php\/wp-json\/wp\/v2\/pages"}],"about":[{"href":"https:\/\/blacktigers-sports.com\/index.php\/wp-json\/wp\/v2\/types\/page"}],"author":[{"embeddable":true,"href":"https:\/\/blacktigers-sports.com\/index.php\/wp-json\/wp\/v2\/users\/1"}],"replies":[{"embeddable":true,"href":"https:\/\/blacktigers-sports.com\/index.php\/wp-json\/wp\/v2\/comments?post=2644"}],"version-history":[{"count":51,"href":"https:\/\/blacktigers-sports.com\/index.php\/wp-json\/wp\/v2\/pages\/2644\/revisions"}],"predecessor-version":[{"id":3182,"href":"https:\/\/blacktigers-sports.com\/index.php\/wp-json\/wp\/v2\/pages\/2644\/revisions\/3182"}],"up":[{"embeddable":true,"href":"https:\/\/blacktigers-sports.com\/index.php\/wp-json\/wp\/v2\/pages\/2818"}],"wp:attachment":[{"href":"https:\/\/blacktigers-sports.com\/index.php\/wp-json\/wp\/v2\/media?parent=2644"}],"curies":[{"name":"wp","href":"https:\/\/api.w.org\/{rel}","templated":true}]}}