{"id":2582,"date":"2020-04-08T21:13:16","date_gmt":"2020-04-08T21:13:16","guid":{"rendered":"https:\/\/blacktigers-sports.com\/?page_id=2582"},"modified":"2025-12-24T03:45:31","modified_gmt":"2025-12-24T03:45:31","slug":"coaching-prive","status":"publish","type":"page","link":"https:\/\/blacktigers-sports.com\/index.php\/coaching-prive\/","title":{"rendered":"Coaching priv\u00e9"},"content":{"rendered":"\t\t<div data-elementor-type=\"wp-page\" data-elementor-id=\"2582\" class=\"elementor elementor-2582\">\n\t\t\t\t\t\t<div class=\"elementor-inner\">\n\t\t\t\t<div class=\"elementor-section-wrap\">\n\t\t\t\t\t\t\t\t\t<section class=\"elementor-section elementor-top-section elementor-element elementor-element-6b5ec99 elementor-section-stretched elementor-section-full_width elementor-section-height-default elementor-section-height-default\" data-id=\"6b5ec99\" data-element_type=\"section\" data-settings=\"{&quot;background_background&quot;:&quot;classic&quot;,&quot;stretch_section&quot;:&quot;section-stretched&quot;}\">\n\t\t\t\t\t\t<div class=\"elementor-container elementor-column-gap-default\">\n\t\t\t\t\t\t\t<div class=\"elementor-row\">\n\t\t\t\t\t<div class=\"elementor-column elementor-col-100 elementor-top-column elementor-element elementor-element-fbd6658\" data-id=\"fbd6658\" data-element_type=\"column\">\n\t\t\t<div class=\"elementor-column-wrap elementor-element-populated\">\n\t\t\t\t\t\t\t<div class=\"elementor-widget-wrap\">\n\t\t\t\t\t\t<div class=\"elementor-element elementor-element-1717187e elementor-widget elementor-widget-heading\" data-id=\"1717187e\" data-element_type=\"widget\" data-widget_type=\"heading.default\">\n\t\t\t\t<div class=\"elementor-widget-container\">\n\t\t\t<h2 class=\"elementor-heading-title elementor-size-default\">R\u00e9servez un coaching<\/h2>\t\t<\/div>\n\t\t\t\t<\/div>\n\t\t\t\t<div class=\"elementor-element elementor-element-401e1330 elementor-widget elementor-widget-text-editor\" data-id=\"401e1330\" data-element_type=\"widget\" data-widget_type=\"text-editor.default\">\n\t\t\t\t<div class=\"elementor-widget-container\">\n\t\t\t\t\t\t\t\t<div class=\"elementor-text-editor elementor-clearfix\">\n\t\t\t\t<p style=\"text-align: center\">La construction de votre corps de r\u00eave et l&#8217;atteinte de vos objectifs sportifs sont nos deux principales missions.<br \/>Notre staff est \u00e0 votre disposition, m\u00eame chez vous !<\/p>\t\t\t\t\t<\/div>\n\t\t\t\t\t\t<\/div>\n\t\t\t\t<\/div>\n\t\t\t\t\t\t<\/div>\n\t\t\t\t\t<\/div>\n\t\t<\/div>\n\t\t\t\t\t\t\t\t<\/div>\n\t\t\t\t\t<\/div>\n\t\t<\/section>\n\t\t\t\t<section class=\"elementor-section elementor-top-section elementor-element elementor-element-6c9af686 elementor-section-stretched elementor-section-boxed elementor-section-height-default elementor-section-height-default\" data-id=\"6c9af686\" data-element_type=\"section\" data-settings=\"{&quot;stretch_section&quot;:&quot;section-stretched&quot;}\">\n\t\t\t\t\t\t<div class=\"elementor-container elementor-column-gap-default\">\n\t\t\t\t\t\t\t<div class=\"elementor-row\">\n\t\t\t\t\t<div class=\"elementor-column elementor-col-33 elementor-top-column elementor-element elementor-element-3aebadf9\" data-id=\"3aebadf9\" data-element_type=\"column\">\n\t\t\t<div class=\"elementor-column-wrap elementor-element-populated\">\n\t\t\t\t\t\t\t<div class=\"elementor-widget-wrap\">\n\t\t\t\t\t\t<div class=\"elementor-element elementor-element-4189c51f elementor-widget elementor-widget-heading\" data-id=\"4189c51f\" data-element_type=\"widget\" data-widget_type=\"heading.default\">\n\t\t\t\t<div class=\"elementor-widget-container\">\n\t\t\t<h2 class=\"elementor-heading-title elementor-size-default\">Grand Ma\u00eetre<br>Samir ELKARROUMI<\/h2>\t\t<\/div>\n\t\t\t\t<\/div>\n\t\t\t\t<div class=\"elementor-element elementor-element-54ef93ea elementor-widget elementor-widget-text-editor\" data-id=\"54ef93ea\" data-element_type=\"widget\" data-widget_type=\"text-editor.default\">\n\t\t\t\t<div class=\"elementor-widget-container\">\n\t\t\t\t\t\t\t\t<div class=\"elementor-text-editor elementor-clearfix\">\n\t\t\t\t<p><em>Coach international certifi\u00e9<\/em><\/p>\t\t\t\t\t<\/div>\n\t\t\t\t\t\t<\/div>\n\t\t\t\t<\/div>\n\t\t\t\t<div class=\"elementor-element elementor-element-2abe08ee elementor-widget-divider--view-line_icon elementor-view-default elementor-widget-divider--element-align-center elementor-widget elementor-widget-divider\" data-id=\"2abe08ee\" data-element_type=\"widget\" data-widget_type=\"divider.default\">\n\t\t\t\t<div class=\"elementor-widget-container\">\n\t\t\t\t\t<div class=\"elementor-divider\">\n\t\t\t<span class=\"elementor-divider-separator\">\n\t\t\t\t\t\t\t<div class=\"elementor-icon elementor-divider__element\">\n\t\t\t\t\t<i aria-hidden=\"true\" class=\"fas fa-star\"><\/i><\/div>\n\t\t\t\t\t\t<\/span>\n\t\t<\/div>\n\t\t\t\t<\/div>\n\t\t\t\t<\/div>\n\t\t\t\t<div class=\"elementor-element elementor-element-524bc elementor-widget elementor-widget-text-editor\" data-id=\"524bc\" data-element_type=\"widget\" data-widget_type=\"text-editor.default\">\n\t\t\t\t<div class=\"elementor-widget-container\">\n\t\t\t\t\t\t\t\t<div class=\"elementor-text-editor elementor-clearfix\">\n\t\t\t\t<p style=\"text-align: center\"><strong>Coaching Familial<\/strong><br \/>Vous et votre famille ou amis<br \/>(1 mois, horaires conjointement d\u00e9finis)<del><br \/>(2000 dh)<\/del> 1500 dh par mois<\/p><p style=\"text-align: center\"><strong>Coaching Personnel<\/strong><br \/>Focus sur votre objectif !<br \/>(1 mois, horaires conjointement d\u00e9finis)<del><br \/>(1500 dh)<\/del> 1000 dh par mois<\/p><p><strong>S\u00e9ance \u00e0 l&#8217;heure<\/strong><br \/>150 dh par heure<br \/><br \/>Les tarifs peuvent varier selon l&#8217;objectif et le nombre de s\u00e9ances.<\/p>\t\t\t\t\t<\/div>\n\t\t\t\t\t\t<\/div>\n\t\t\t\t<\/div>\n\t\t\t\t<div class=\"elementor-element elementor-element-39826230 elementor-shape-circle elementor-grid-0 e-grid-align-center elementor-widget elementor-widget-social-icons\" data-id=\"39826230\" data-element_type=\"widget\" data-widget_type=\"social-icons.default\">\n\t\t\t\t<div class=\"elementor-widget-container\">\n\t\t\t\t\t<div class=\"elementor-social-icons-wrapper elementor-grid\">\n\t\t\t\t\t\t\t<span class=\"elementor-grid-item\">\n\t\t\t\t\t<a class=\"elementor-icon elementor-social-icon elementor-social-icon-facebook elementor-animation-shrink elementor-repeater-item-de24197\" href=\"https:\/\/www.facebook.com\/0662037061Cisco\" target=\"_blank\">\n\t\t\t\t\t\t<span class=\"elementor-screen-only\">Facebook<\/span>\n\t\t\t\t\t\t<i class=\"fab fa-facebook\"><\/i>\t\t\t\t\t<\/a>\n\t\t\t\t<\/span>\n\t\t\t\t\t\t\t<span class=\"elementor-grid-item\">\n\t\t\t\t\t<a class=\"elementor-icon elementor-social-icon elementor-social-icon-instagram elementor-animation-shrink elementor-repeater-item-5fde853\" href=\"https:\/\/www.instagram.com\/elkarroumisamir\/\" target=\"_blank\">\n\t\t\t\t\t\t<span class=\"elementor-screen-only\">Instagram<\/span>\n\t\t\t\t\t\t<i class=\"fab fa-instagram\"><\/i>\t\t\t\t\t<\/a>\n\t\t\t\t<\/span>\n\t\t\t\t\t\t\t<span class=\"elementor-grid-item\">\n\t\t\t\t\t<a class=\"elementor-icon elementor-social-icon elementor-social-icon-skype elementor-animation-shrink elementor-repeater-item-238a2ea\" target=\"_blank\">\n\t\t\t\t\t\t<span class=\"elementor-screen-only\">Skype<\/span>\n\t\t\t\t\t\t<i class=\"fab fa-skype\"><\/i>\t\t\t\t\t<\/a>\n\t\t\t\t<\/span>\n\t\t\t\t\t\t\t<span class=\"elementor-grid-item\">\n\t\t\t\t\t<a class=\"elementor-icon elementor-social-icon elementor-social-icon-whatsapp elementor-animation-shrink elementor-repeater-item-1cc4222\" href=\"https:\/\/wa.me\/212662037061\" target=\"_blank\">\n\t\t\t\t\t\t<span class=\"elementor-screen-only\">Whatsapp<\/span>\n\t\t\t\t\t\t<i class=\"fab fa-whatsapp\"><\/i>\t\t\t\t\t<\/a>\n\t\t\t\t<\/span>\n\t\t\t\t\t<\/div>\n\t\t\t\t<\/div>\n\t\t\t\t<\/div>\n\t\t\t\t<div class=\"elementor-element elementor-element-3c502639 elementor-align-center elementor-icon-list--layout-traditional elementor-list-item-link-full_width elementor-widget elementor-widget-icon-list\" data-id=\"3c502639\" data-element_type=\"widget\" data-widget_type=\"icon-list.default\">\n\t\t\t\t<div class=\"elementor-widget-container\">\n\t\t\t\t\t<ul class=\"elementor-icon-list-items\">\n\t\t\t\t\t\t\t<li class=\"elementor-icon-list-item\">\n\t\t\t\t\t\t\t\t\t\t\t<span class=\"elementor-icon-list-icon\">\n\t\t\t\t\t\t\t<i aria-hidden=\"true\" class=\"fas fa-phone-alt\"><\/i>\t\t\t\t\t\t<\/span>\n\t\t\t\t\t\t\t\t\t\t<span class=\"elementor-icon-list-text\">+212 6 62 03 70 61<\/span>\n\t\t\t\t\t\t\t\t\t<\/li>\n\t\t\t\t\t\t\t\t<li class=\"elementor-icon-list-item\">\n\t\t\t\t\t\t\t\t\t\t\t<span class=\"elementor-icon-list-icon\">\n\t\t\t\t\t\t\t<i aria-hidden=\"true\" class=\"far fa-envelope\"><\/i>\t\t\t\t\t\t<\/span>\n\t\t\t\t\t\t\t\t\t\t<span class=\"elementor-icon-list-text\">elkarroumi.samir@gmail.com<\/span>\n\t\t\t\t\t\t\t\t\t<\/li>\n\t\t\t\t\t\t<\/ul>\n\t\t\t\t<\/div>\n\t\t\t\t<\/div>\n\t\t\t\t\t\t<\/div>\n\t\t\t\t\t<\/div>\n\t\t<\/div>\n\t\t\t\t<div class=\"elementor-column elementor-col-33 elementor-top-column elementor-element elementor-element-2048d0d3\" data-id=\"2048d0d3\" data-element_type=\"column\">\n\t\t\t<div class=\"elementor-column-wrap elementor-element-populated\">\n\t\t\t\t\t\t\t<div class=\"elementor-widget-wrap\">\n\t\t\t\t\t\t<div class=\"elementor-element elementor-element-575a3ec elementor-widget elementor-widget-image\" data-id=\"575a3ec\" data-element_type=\"widget\" data-widget_type=\"image.default\">\n\t\t\t\t<div class=\"elementor-widget-container\">\n\t\t\t\t\t\t\t\t<div class=\"elementor-image\">\n\t\t\t\t\t\t\t\t\t\t\t\t<img loading=\"lazy\" decoding=\"async\" width=\"851\" height=\"774\" src=\"https:\/\/blacktigers-sports.com\/wp-content\/uploads\/2019\/04\/23319103_1936643123072342_9162330700532543013_n.jpg\" class=\"attachment-large size-large\" alt=\"\" srcset=\"https:\/\/blacktigers-sports.com\/wp-content\/uploads\/2019\/04\/23319103_1936643123072342_9162330700532543013_n.jpg 851w, https:\/\/blacktigers-sports.com\/wp-content\/uploads\/2019\/04\/23319103_1936643123072342_9162330700532543013_n-300x273.jpg 300w, https:\/\/blacktigers-sports.com\/wp-content\/uploads\/2019\/04\/23319103_1936643123072342_9162330700532543013_n-768x699.jpg 768w\" sizes=\"auto, (max-width: 851px) 100vw, 851px\" \/>\t\t\t\t\t\t\t\t\t\t\t\t\t\t<\/div>\n\t\t\t\t\t\t<\/div>\n\t\t\t\t<\/div>\n\t\t\t\t<div class=\"elementor-element elementor-element-51b5ac9 elementor-align-center elementor-widget elementor-widget-button\" data-id=\"51b5ac9\" data-element_type=\"widget\" data-widget_type=\"button.default\">\n\t\t\t\t<div class=\"elementor-widget-container\">\n\t\t\t\t\t<div class=\"elementor-button-wrapper\">\n\t\t\t<a href=\"https:\/\/blacktigers-sports.com\/wp-content\/uploads\/2020\/04\/CV-Samir-Elkarroumi.pdf\" target=\"_blank\" class=\"elementor-button-link elementor-button elementor-size-sm elementor-animation-grow\" role=\"button\">\n\t\t\t\t\t\t<span class=\"elementor-button-content-wrapper\">\n\t\t\t\t\t\t\t<span class=\"elementor-button-icon elementor-align-icon-right\">\n\t\t\t\t<i aria-hidden=\"true\" class=\"far fa-clipboard\"><\/i>\t\t\t<\/span>\n\t\t\t\t\t\t<span class=\"elementor-button-text\">CV du Ma\u00eetre<\/span>\n\t\t<\/span>\n\t\t\t\t\t<\/a>\n\t\t<\/div>\n\t\t\t\t<\/div>\n\t\t\t\t<\/div>\n\t\t\t\t\t\t<\/div>\n\t\t\t\t\t<\/div>\n\t\t<\/div>\n\t\t\t\t<div class=\"elementor-column elementor-col-33 elementor-top-column elementor-element elementor-element-42a17126\" data-id=\"42a17126\" data-element_type=\"column\">\n\t\t\t<div class=\"elementor-column-wrap elementor-element-populated\">\n\t\t\t\t\t\t\t<div class=\"elementor-widget-wrap\">\n\t\t\t\t\t\t<div class=\"elementor-element elementor-element-5bf7105e elementor-widget elementor-widget-text-editor\" data-id=\"5bf7105e\" data-element_type=\"widget\" data-widget_type=\"text-editor.default\">\n\t\t\t\t<div class=\"elementor-widget-container\">\n\t\t\t\t\t\t\t\t<div class=\"elementor-text-editor elementor-clearfix\">\n\t\t\t\t<span style=\"text-decoration: underline\"><strong>Coach de :<\/strong><\/span>\n<ul>\n \t<li>Taekwondo<\/li>\n \t<li>Boxe<\/li>\n \t<li>Self d\u00e9fense<\/li>\n \t<li>Fitness<\/li>\n \t<li>Remise en forme<\/li>\n \t<li>Perte de poids<\/li>\n \t<li>Prise de poids (masse musculaire)<\/li>\n \t<li>Suivi de di\u00e8te sportive<\/li>\n<\/ul>\n<span style=\"text-decoration: underline\"><strong>Plus de 30 ans d&#8217;exp\u00e9rience :<\/strong><\/span>\n<ul>\n \t<li>Certifications et dipl\u00f4mes nationaux et internationaux d&#8217;entra\u00eenement sportif<\/li>\n \t<li>Entra\u00eeneur de l&#8217;\u00e9quipe nationale du Maroc de Taekwondo<\/li>\n \t<li>Ancien Coach et Entra\u00eeneur Suisse<\/li>\n \t<li>Ancien champion national et international en Taekwondo<\/li>\n<\/ul>\t\t\t\t\t<\/div>\n\t\t\t\t\t\t<\/div>\n\t\t\t\t<\/div>\n\t\t\t\t\t\t<\/div>\n\t\t\t\t\t<\/div>\n\t\t<\/div>\n\t\t\t\t\t\t\t\t<\/div>\n\t\t\t\t\t<\/div>\n\t\t<\/section>\n\t\t\t\t<section class=\"elementor-section elementor-top-section elementor-element elementor-element-d95bb36 elementor-section-stretched elementor-section-boxed elementor-section-height-default elementor-section-height-default\" data-id=\"d95bb36\" data-element_type=\"section\" data-settings=\"{&quot;stretch_section&quot;:&quot;section-stretched&quot;,&quot;background_background&quot;:&quot;classic&quot;}\">\n\t\t\t\t\t\t<div class=\"elementor-container elementor-column-gap-default\">\n\t\t\t\t\t\t\t<div class=\"elementor-row\">\n\t\t\t\t\t<div class=\"elementor-column elementor-col-100 elementor-top-column elementor-element elementor-element-ce8cba0\" data-id=\"ce8cba0\" data-element_type=\"column\">\n\t\t\t<div class=\"elementor-column-wrap elementor-element-populated\">\n\t\t\t\t\t\t\t<div class=\"elementor-widget-wrap\">\n\t\t\t\t\t\t<div class=\"elementor-element elementor-element-ddd5e79 elementor-widget elementor-widget-heading\" data-id=\"ddd5e79\" data-element_type=\"widget\" data-widget_type=\"heading.default\">\n\t\t\t\t<div class=\"elementor-widget-container\">\n\t\t\t<h2 class=\"elementor-heading-title elementor-size-default\">Commentaires<\/h2>\t\t<\/div>\n\t\t\t\t<\/div>\n\t\t\t\t\t\t<\/div>\n\t\t\t\t\t<\/div>\n\t\t<\/div>\n\t\t\t\t\t\t\t\t<\/div>\n\t\t\t\t\t<\/div>\n\t\t<\/section>\n\t\t\t\t\t\t\t\t\t<\/div>\n\t\t\t<\/div>\n\t\t\t\t\t<\/div>\n\t\t","protected":false},"excerpt":{"rendered":"<p>R\u00e9servez un coaching La construction de votre corps de r\u00eave et l&#8217;atteinte de vos objectifs sportifs sont nos deux principales missions.Notre staff est \u00e0 votre disposition, m\u00eame chez vous ! Grand Ma\u00eetreSamir ELKARROUMI Coach international certifi\u00e9 Coaching FamilialVous et votre famille ou amis(1 mois, horaires conjointement d\u00e9finis)(2000 dh) 1500 dh par mois Coaching PersonnelFocus sur [&hellip;]<\/p>\n","protected":false},"author":1,"featured_media":0,"parent":0,"menu_order":0,"comment_status":"open","ping_status":"closed","template":"","meta":{"_exactmetrics_skip_tracking":false,"_exactmetrics_sitenote_active":false,"_exactmetrics_sitenote_note":"","_exactmetrics_sitenote_category":0,"footnotes":""},"class_list":["post-2582","page","type-page","status-publish","hentry","entry"],"yoast_head":"<!-- This site is optimized with the Yoast SEO plugin v14.0.4 - https:\/\/yoast.com\/wordpress\/plugins\/seo\/ -->\n<title>Coaching priv\u00e9 - BLACK TIGERS<\/title>\n<meta name=\"robots\" content=\"index, follow\" \/>\n<meta name=\"googlebot\" content=\"index, follow, max-snippet:-1, max-image-preview:large, max-video-preview:-1\" \/>\n<meta name=\"bingbot\" content=\"index, follow, max-snippet:-1, max-image-preview:large, max-video-preview:-1\" \/>\n<link rel=\"canonical\" href=\"https:\/\/blacktigers-sports.com\/index.php\/coaching-prive\/\" \/>\n<meta property=\"og:locale\" content=\"fr_FR\" \/>\n<meta property=\"og:type\" content=\"article\" \/>\n<meta property=\"og:title\" content=\"Coaching priv\u00e9 - BLACK TIGERS\" \/>\n<meta property=\"og:description\" content=\"R\u00e9servez un coaching La construction de votre corps de r\u00eave et l&#8217;atteinte de vos objectifs sportifs sont nos deux principales missions.Notre staff est \u00e0 votre disposition, m\u00eame chez vous ! Grand Ma\u00eetreSamir ELKARROUMI Coach international certifi\u00e9 Coaching FamilialVous et votre famille ou amis(1 mois, horaires conjointement d\u00e9finis)(2000 dh) 1500 dh par mois Coaching PersonnelFocus sur [&hellip;]\" \/>\n<meta property=\"og:url\" content=\"https:\/\/blacktigers-sports.com\/index.php\/coaching-prive\/\" \/>\n<meta property=\"og:site_name\" content=\"BLACK TIGERS\" \/>\n<meta property=\"article:modified_time\" content=\"2025-12-24T03:45:31+00:00\" \/>\n<meta property=\"og:image\" content=\"https:\/\/blacktigers-sports.com\/wp-content\/uploads\/2019\/04\/23319103_1936643123072342_9162330700532543013_n.jpg\" \/>\n<meta name=\"twitter:card\" content=\"summary_large_image\" \/>\n<script type=\"application\/ld+json\" class=\"yoast-schema-graph\">{\"@context\":\"https:\/\/schema.org\",\"@graph\":[{\"@type\":\"WebSite\",\"@id\":\"https:\/\/blacktigers-sports.com\/#website\",\"url\":\"https:\/\/blacktigers-sports.com\/\",\"name\":\"BLACK TIGERS\",\"description\":\"Monde Sportif\",\"potentialAction\":[{\"@type\":\"SearchAction\",\"target\":\"https:\/\/blacktigers-sports.com\/?s={search_term_string}\",\"query-input\":\"required name=search_term_string\"}],\"inLanguage\":\"fr-FR\"},{\"@type\":\"ImageObject\",\"@id\":\"https:\/\/blacktigers-sports.com\/index.php\/coaching-prive\/#primaryimage\",\"inLanguage\":\"fr-FR\",\"url\":\"https:\/\/blacktigers-sports.com\/wp-content\/uploads\/2019\/04\/23319103_1936643123072342_9162330700532543013_n.jpg\",\"width\":851,\"height\":774},{\"@type\":\"WebPage\",\"@id\":\"https:\/\/blacktigers-sports.com\/index.php\/coaching-prive\/#webpage\",\"url\":\"https:\/\/blacktigers-sports.com\/index.php\/coaching-prive\/\",\"name\":\"Coaching priv\\u00e9 - BLACK TIGERS\",\"isPartOf\":{\"@id\":\"https:\/\/blacktigers-sports.com\/#website\"},\"primaryImageOfPage\":{\"@id\":\"https:\/\/blacktigers-sports.com\/index.php\/coaching-prive\/#primaryimage\"},\"datePublished\":\"2020-04-08T21:13:16+00:00\",\"dateModified\":\"2025-12-24T03:45:31+00:00\",\"inLanguage\":\"fr-FR\",\"potentialAction\":[{\"@type\":\"ReadAction\",\"target\":[\"https:\/\/blacktigers-sports.com\/index.php\/coaching-prive\/\"]}]}]}<\/script>\n<!-- \/ Yoast SEO plugin. -->","_links":{"self":[{"href":"https:\/\/blacktigers-sports.com\/index.php\/wp-json\/wp\/v2\/pages\/2582","targetHints":{"allow":["GET"]}}],"collection":[{"href":"https:\/\/blacktigers-sports.com\/index.php\/wp-json\/wp\/v2\/pages"}],"about":[{"href":"https:\/\/blacktigers-sports.com\/index.php\/wp-json\/wp\/v2\/types\/page"}],"author":[{"embeddable":true,"href":"https:\/\/blacktigers-sports.com\/index.php\/wp-json\/wp\/v2\/users\/1"}],"replies":[{"embeddable":true,"href":"https:\/\/blacktigers-sports.com\/index.php\/wp-json\/wp\/v2\/comments?post=2582"}],"version-history":[{"count":61,"href":"https:\/\/blacktigers-sports.com\/index.php\/wp-json\/wp\/v2\/pages\/2582\/revisions"}],"predecessor-version":[{"id":3856,"href":"https:\/\/blacktigers-sports.com\/index.php\/wp-json\/wp\/v2\/pages\/2582\/revisions\/3856"}],"wp:attachment":[{"href":"https:\/\/blacktigers-sports.com\/index.php\/wp-json\/wp\/v2\/media?parent=2582"}],"curies":[{"name":"wp","href":"https:\/\/api.w.org\/{rel}","templated":true}]}}